{"id":1630,"date":"2024-06-12T12:29:52","date_gmt":"2024-06-12T12:29:52","guid":{"rendered":"https:\/\/continuom.fr\/?page_id=1630"},"modified":"2024-06-12T12:30:54","modified_gmt":"2024-06-12T12:30:54","slug":"%d8%a7%d9%84%d8%b4%d8%b1%d9%88%d8%b7-%d9%88%d8%a7%d9%84%d8%a3%d8%ad%d9%83%d8%a7%d9%85-%d8%a7%d9%84%d8%b9%d8%a7%d9%85%d8%a9-%d9%84%d9%84%d8%a8%d9%8a%d8%b9","status":"publish","type":"page","link":"https:\/\/continuom.fr\/ar\/%d8%a7%d9%84%d8%b4%d8%b1%d9%88%d8%b7-%d9%88%d8%a7%d9%84%d8%a3%d8%ad%d9%83%d8%a7%d9%85-%d8%a7%d9%84%d8%b9%d8%a7%d9%85%d8%a9-%d9%84%d9%84%d8%a8%d9%8a%d8%b9\/","title":{"rendered":"\u0627\u0644\u0634\u0631\u0648\u0637 \u0648\u0627\u0644\u0623\u062d\u0643\u0627\u0645 \u0627\u0644\u0639\u0627\u0645\u0629 \u0644\u0644\u0628\u064a\u0639"},"content":{"rendered":"<div data-elementor-type=\"wp-page\" data-elementor-id=\"1630\" class=\"elementor elementor-1630\" data-elementor-post-type=\"page\">\n\t\t\t\t\t\t<section class=\"elementor-section elementor-top-section elementor-element elementor-element-2057f607 elementor-section-boxed elementor-section-height-default elementor-section-height-default\" data-id=\"2057f607\" data-element_type=\"section\" data-e-type=\"section\" data-settings=\"{&quot;background_background&quot;:&quot;classic&quot;}\">\n\t\t\t\t\t\t<div class=\"elementor-container elementor-column-gap-default\">\n\t\t\t\t\t<div class=\"elementor-column elementor-col-100 elementor-top-column elementor-element elementor-element-272b0642\" data-id=\"272b0642\" data-element_type=\"column\" data-e-type=\"column\">\n\t\t\t<div class=\"elementor-widget-wrap elementor-element-populated\">\n\t\t\t\t\t\t<div class=\"elementor-element elementor-element-2380104 elementor-widget elementor-widget-text-editor\" data-id=\"2380104\" data-element_type=\"widget\" data-e-type=\"widget\" data-widget_type=\"text-editor.default\">\n\t\t\t\t<div class=\"elementor-widget-container\">\n\t\t\t\t\t\t\t\t\t<h3>\u0627\u0644\u0634\u0631\u0648\u0637 \u0648\u0627\u0644\u0623\u062d\u0643\u0627\u0645 \u0627\u0644\u0639\u0627\u0645\u0629 \u0644\u0644\u0628\u064a\u0639 (GTCS)<\/h3>\r\n<h4>1. \u0627\u0644\u0634\u0631\u0643\u0629<\/h4>\r\n\u0647\u0630\u0647 \u0627\u0644\u0634\u0631\u0648\u0637 \u0648\u0627\u0644\u0623\u062d\u0643\u0627\u0645 \u0627\u0644\u0639\u0627\u0645\u0629 \u0644\u0644\u0628\u064a\u0639 \u0645\u0642\u062f\u0645\u0629 \u0645\u0646 \u0634\u0631\u0643\u0629 EXPLENIUM CONSULTING\u060c \u0627\u0644\u0645\u0633\u062c\u0644\u0629 \u062a\u062d\u062a \u0631\u0642\u0645 853 055 747 \u0644\u062f\u0649 \u0627\u0644\u0633\u062c\u0644 \u0627\u0644\u062a\u062c\u0627\u0631\u064a \u0648\u0627\u0644\u0634\u0631\u0643\u0627\u062a \u0641\u064a \u0646\u0627\u0646\u062a\u064a\u0631 (Nanterre)\u060c \u0648\u064a\u0642\u0639 \u0645\u0643\u062a\u0628\u0647\u0627 \u0627\u0644\u0645\u0633\u062c\u0644 \u0641\u064a 15 \u0634\u0627\u0631\u0639 \u062f\u064a \u0647\u0627\u0644\u060c 75001 \u0628\u0627\u0631\u064a\u0633.\r\n<h4>2. \u0627\u0644\u0643\u0627\u0626\u0646<\/h4>\r\n\u062a\u062d\u0643\u0645 \u0647\u0630\u0647 \u0627\u0644\u0634\u0631\u0648\u0637 \u0648\u0627\u0644\u0623\u062d\u0643\u0627\u0645 \u0627\u0644\u0639\u0627\u0645\u0629 \u0644\u0644\u0628\u064a\u0639 \u0647\u0630\u0647 \u0627\u0644\u0634\u0631\u0648\u0637 \u0648\u0627\u0644\u0623\u062d\u0643\u0627\u0645 \u0627\u0644\u0639\u0627\u0645\u0629 \u0644\u0628\u064a\u0639 \u0627\u0644\u0645\u0643\u0645\u0644\u0627\u062a \u0627\u0644\u063a\u0630\u0627\u0626\u064a\u0629 \u0627\u0644\u062a\u064a \u062a\u062a\u0645 \u0639\u0644\u0649 <a href=\"https:\/\/continuom.fr\/ar\" target=\"_new\" rel=\"noreferrer noopener\">https:\/\/continuom.fr\/<\/a>. \u0648\u0647\u064a \u062a\u062d\u062f\u062f \u062d\u0642\u0648\u0642 \u0648\u0627\u0644\u062a\u0632\u0627\u0645\u0627\u062a \u0627\u0644\u0645\u0634\u062a\u0631\u064a \u0648\u0627\u0644\u0628\u0627\u0626\u0639 \u0641\u064a \u0633\u064a\u0627\u0642 \u0627\u0644\u0628\u064a\u0639 \u0639\u0628\u0631 \u0627\u0644\u0625\u0646\u062a\u0631\u0646\u062a.\r\n<h4>3. \u0627\u0644\u0645\u0646\u062a\u062c\u0627\u062a<\/h4>\r\n\u0627\u0644\u0645\u0646\u062a\u062c\u0627\u062a \u0627\u0644\u0645\u0639\u0631\u0648\u0636\u0629 \u0644\u0644\u0628\u064a\u0639 \u0645\u0648\u0635\u0648\u0641\u0629 \u0648\u0645\u0639\u0631\u0648\u0636\u0629 \u0628\u0623\u0643\u0628\u0631 \u0642\u062f\u0631 \u0645\u0645\u0643\u0646 \u0645\u0646 \u0627\u0644\u062f\u0642\u0629. \u0635\u0648\u0631 \u0627\u0644\u0645\u0646\u062a\u062c\u0627\u062a \u063a\u064a\u0631 \u0645\u0644\u0632\u0645\u0629 \u062a\u0639\u0627\u0642\u062f\u064a\u0627\u064b.\r\n<h4>4. \u0627\u0644\u062c\u0648\u0627\u0626\u0632<\/h4>\r\n\u0623\u0633\u0639\u0627\u0631 \u0627\u0644\u0645\u0646\u062a\u062c\u0627\u062a \u0645\u0639\u0631\u0648\u0636\u0629 \u0628\u0627\u0644\u064a\u0648\u0631\u0648\u060c \u0634\u0627\u0645\u0644\u0629 \u062c\u0645\u064a\u0639 \u0627\u0644\u0636\u0631\u0627\u0626\u0628. \u064a\u062a\u0645 \u062a\u062d\u062f\u064a\u062f \u0631\u0633\u0648\u0645 \u0627\u0644\u062a\u0648\u0635\u064a\u0644 \u0639\u0646\u062f \u062a\u0642\u062f\u064a\u0645 \u0627\u0644\u0637\u0644\u0628 \u0648\u064a\u062f\u0641\u0639\u0647\u0627 \u0627\u0644\u0645\u0634\u062a\u0631\u064a.\r\n<h4>5. \u0627\u0644\u062a\u062d\u0643\u0645<\/h4>\r\n\u064a\u0642\u0648\u0645 \u0627\u0644\u0645\u0634\u062a\u0631\u064a \u0628\u062a\u0642\u062f\u064a\u0645 \u0637\u0644\u0628 \u0639\u0628\u0631 \u0627\u0644\u0625\u0646\u062a\u0631\u0646\u062a \u0639\u0644\u0649 \u0627\u0644\u0645\u0648\u0642\u0639. \u062a\u062a\u0636\u0645\u0646 \u062c\u0645\u064a\u0639 \u0627\u0644\u0637\u0644\u0628\u0627\u062a \u0642\u0628\u0648\u0644\u0627\u064b \u0636\u0645\u0646\u064a\u064b\u0627 \u0628\u0640 GCS. \u0628\u0645\u062c\u0631\u062f \u0627\u0644\u062a\u062d\u0642\u0642 \u0645\u0646 \u0635\u062d\u0629 \u0627\u0644\u0637\u0644\u0628\u060c \u0633\u064a\u062a\u0645 \u0625\u0631\u0633\u0627\u0644 \u0631\u0633\u0627\u0644\u0629 \u062a\u0623\u0643\u064a\u062f \u0628\u0627\u0644\u0628\u0631\u064a\u062f \u0627\u0644\u0625\u0644\u0643\u062a\u0631\u0648\u0646\u064a \u0625\u0644\u0649 \u0627\u0644\u0639\u0646\u0648\u0627\u0646 \u0627\u0644\u0630\u064a \u0642\u062f\u0645\u0647 \u0627\u0644\u0645\u0634\u062a\u0631\u064a.\r\n<h4>6. \u0627\u0644\u0645\u062f\u0641\u0648\u0639\u0627\u062a<\/h4>\r\n\u064a\u0643\u0648\u0646 \u0627\u0644\u062f\u0641\u0639 \u0645\u0633\u062a\u062d\u0642\u064b\u0627 \u0641\u0648\u0631 \u062a\u0642\u062f\u064a\u0645 \u0627\u0644\u0637\u0644\u0628. \u0637\u0631\u0642 \u0627\u0644\u062f\u0641\u0639 \u0627\u0644\u0645\u0642\u0628\u0648\u0644\u0629 \u0645\u0648\u0636\u062d\u0629 \u0639\u0644\u0649 \u0627\u0644\u0645\u0648\u0642\u0639. \u064a\u062a\u0645 \u062a\u0623\u0645\u064a\u0646 \u0627\u0644\u0645\u0639\u0627\u0645\u0644\u0627\u062a \u0639\u0646 \u0637\u0631\u064a\u0642 \u0645\u0632\u0648\u062f \u062e\u062f\u0645\u0629 \u0627\u0644\u062f\u0641\u0639 \u0639\u0628\u0631 \u0627\u0644\u0625\u0646\u062a\u0631\u0646\u062a.\r\n<h4>7. \u0627\u0644\u062a\u0633\u0644\u064a\u0645<\/h4>\r\n\u064a\u062a\u0645 \u062a\u0633\u0644\u064a\u0645 \u0627\u0644\u0645\u0646\u062a\u062c\u0627\u062a \u0625\u0644\u0649 \u0627\u0644\u0639\u0646\u0648\u0627\u0646 \u0627\u0644\u0630\u064a \u0623\u0634\u0627\u0631 \u0625\u0644\u064a\u0647 \u0627\u0644\u0645\u0634\u062a\u0631\u064a \u0639\u0646\u062f \u062a\u0642\u062f\u064a\u0645 \u0627\u0644\u0637\u0644\u0628. \u064a\u062a\u0639\u0647\u062f \u0627\u0644\u0628\u0627\u0626\u0639 \u0628\u0625\u0631\u0633\u0627\u0644 \u0627\u0644\u0645\u0646\u062a\u062c\u0627\u062a \u0641\u064a \u0627\u0644\u0648\u0642\u062a \u0627\u0644\u0645\u062d\u062f\u062f \u0639\u0646\u062f \u062a\u0642\u062f\u064a\u0645 \u0627\u0644\u0637\u0644\u0628. \u0641\u064a \u062d\u0627\u0644\u0629 \u0627\u0644\u062a\u0623\u062e\u0631 \u0641\u064a \u0627\u0644\u062a\u0633\u0644\u064a\u0645\u060c \u064a\u062a\u0645 \u0625\u0628\u0644\u0627\u063a \u0627\u0644\u0645\u0634\u062a\u0631\u064a \u0639\u0646 \u0637\u0631\u064a\u0642 \u0627\u0644\u0628\u0631\u064a\u062f \u0627\u0644\u0625\u0644\u0643\u062a\u0631\u0648\u0646\u064a.\r\n<h4>8. \u0627\u0644\u0627\u0646\u0633\u062d\u0627\u0628<\/h4>\r\n\u0644\u062f\u0649 \u0627\u0644\u0645\u0634\u062a\u0631\u064a \u0641\u062a\u0631\u0629 14 \u064a\u0648\u0645\u064b\u0627 \u0645\u0646 \u0627\u0633\u062a\u0644\u0627\u0645 \u0627\u0644\u0645\u0646\u062a\u062c\u0627\u062a \u0644\u0645\u0645\u0627\u0631\u0633\u0629 \u062d\u0642\u0647 \u0641\u064a \u0627\u0644\u0633\u062d\u0628 \u062f\u0648\u0646 \u0627\u0644\u062d\u0627\u062c\u0629 \u0625\u0644\u0649 \u062a\u0628\u0631\u064a\u0631 \u0623\u0633\u0628\u0627\u0628\u0647 \u0623\u0648 \u062f\u0641\u0639 \u0623\u064a \u063a\u0631\u0627\u0645\u0627\u062a. \u064a\u062a\u062d\u0645\u0644 \u0627\u0644\u0645\u0634\u062a\u0631\u064a \u062a\u0643\u0644\u0641\u0629 \u0625\u0639\u0627\u062f\u0629 \u0627\u0644\u0628\u0636\u0627\u0626\u0639.\r\n<h4>9. \u0627\u0644\u0636\u0645\u0627\u0646\u0627\u062a<\/h4>\r\n\u0627\u0644\u0645\u0646\u062a\u062c\u0627\u062a \u0645\u0634\u0645\u0648\u0644\u0629 \u0628\u0627\u0644\u0636\u0645\u0627\u0646 \u0627\u0644\u0642\u0627\u0646\u0648\u0646\u064a \u0644\u0644\u0645\u0637\u0627\u0628\u0642\u0629 \u0648\u0627\u0644\u0636\u0645\u0627\u0646 \u0636\u062f \u0627\u0644\u0639\u064a\u0648\u0628 \u0627\u0644\u062e\u0641\u064a\u0629. \u0641\u064a \u062d\u0627\u0644\u0629 \u0639\u062f\u0645 \u0645\u0637\u0627\u0628\u0642\u0629 \u0627\u0644\u0645\u0646\u062a\u062c \u0623\u0648 \u0648\u062c\u0648\u062f \u0639\u064a\u0628 \u0641\u064a \u0627\u0644\u0645\u0646\u062a\u062c\u060c \u064a\u062c\u0648\u0632 \u0644\u0644\u0645\u0634\u062a\u0631\u064a \u0625\u0631\u062c\u0627\u0639\u0647 \u0644\u0627\u0633\u062a\u0628\u062f\u0627\u0644\u0647 \u0623\u0648 \u0627\u0633\u062a\u0631\u062f\u0627\u062f \u062b\u0645\u0646\u0647.\r\n<h4>10. \u0627\u0644\u0645\u0633\u0624\u0648\u0644\u064a\u0629<\/h4>\r\n\u0644\u0627 \u064a\u062a\u062d\u0645\u0644 \u0627\u0644\u0628\u0627\u0626\u0639 \u0627\u0644\u0645\u0633\u0624\u0648\u0644\u064a\u0629 \u0639\u0646 \u0623\u064a \u0636\u0631\u0631 \u0646\u0627\u062a\u062c \u0639\u0646 \u0633\u0648\u0621 \u0627\u0633\u062a\u062e\u062f\u0627\u0645 \u0627\u0644\u0645\u0646\u062a\u062c\u0627\u062a \u0627\u0644\u0645\u0634\u062a\u0631\u0627\u0629.\r\n<h4>11. \u0627\u0644\u0628\u064a\u0627\u0646\u0627\u062a \u0627\u0644\u0634\u062e\u0635\u064a\u0629<\/h4>\r\n\u062a\u062a\u0645 \u0645\u0639\u0627\u0644\u062c\u0629 \u0627\u0644\u0645\u0639\u0644\u0648\u0645\u0627\u062a \u0627\u0644\u062a\u064a \u064a\u062a\u0645 \u062c\u0645\u0639\u0647\u0627 \u0639\u0644\u0649 \u0627\u0644\u0645\u0648\u0642\u0639 \u0644\u0623\u063a\u0631\u0627\u0636 \u0625\u062f\u0627\u0631\u0629 \u0639\u0644\u0627\u0642\u0627\u062a \u0627\u0644\u0639\u0645\u0644\u0627\u0621 \u0648\u0627\u0644\u062a\u0646\u0642\u064a\u0628 \u0627\u0644\u062a\u062c\u0627\u0631\u064a. \u0648\u0641\u0642\u064b\u0627 \u0644\u0642\u0627\u0646\u0648\u0646 \u062d\u0645\u0627\u064a\u0629 \u0627\u0644\u0628\u064a\u0627\u0646\u0627\u062a \u0627\u0644\u0641\u0631\u0646\u0633\u064a\u060c \u064a\u062d\u0642 \u0644\u0644\u0645\u0634\u062a\u0631\u064a\u0646 \u0627\u0644\u0648\u0635\u0648\u0644 \u0625\u0644\u0649 \u0627\u0644\u0628\u064a\u0627\u0646\u0627\u062a \u0627\u0644\u0645\u062a\u0639\u0644\u0642\u0629 \u0628\u0647\u0645 \u0648\u062a\u0635\u062d\u064a\u062d\u0647\u0627 \u0648\u0627\u0644\u0627\u0639\u062a\u0631\u0627\u0636 \u0639\u0644\u064a\u0647\u0627.\r\n<h4>12. \u0627\u0644\u0645\u0646\u0627\u0632\u0639\u0627\u062a<\/h4>\r\n\u064a\u062e\u0636\u0639 \u0647\u0630\u0627 \u0627\u0644\u0627\u062a\u0641\u0627\u0642 \u0627\u0644\u0639\u0627\u0645 \u0644\u0644\u0642\u0627\u0646\u0648\u0646 \u0627\u0644\u0641\u0631\u0646\u0633\u064a. \u0641\u064a \u062d\u0627\u0644\u0629 \u062d\u062f\u0648\u062b \u0646\u0632\u0627\u0639\u060c \u0633\u064a\u0633\u0639\u0649 \u0627\u0644\u0637\u0631\u0641\u0627\u0646 \u0625\u0644\u0649 \u0625\u064a\u062c\u0627\u062f \u062d\u0644 \u0648\u062f\u064a. \u0648\u0641\u064a \u062d\u0627\u0644\u0629 \u062a\u0639\u0630\u0651\u0631 \u0630\u0644\u0643\u060c \u064a\u0643\u0648\u0646 \u0644\u0644\u0645\u062d\u0627\u0643\u0645 \u0627\u0644\u0641\u0631\u0646\u0633\u064a\u0629 \u0627\u0644\u0627\u062e\u062a\u0635\u0627\u0635 \u0627\u0644\u0642\u0636\u0627\u0626\u064a.\r\n<h4>13. \u0627\u0644\u0627\u062a\u0635\u0627\u0644<\/h4>\r\n\u0644\u0623\u064a\u0629 \u0627\u0633\u062a\u0641\u0633\u0627\u0631\u0627\u062a \u0623\u0648 \u0634\u0643\u0627\u0648\u0649\u060c \u064a\u0645\u0643\u0646 \u0644\u0644\u0645\u0634\u062a\u0631\u064a \u0627\u0644\u0627\u062a\u0635\u0627\u0644 \u0628\u062e\u062f\u0645\u0629 \u0627\u0644\u0639\u0645\u0644\u0627\u0621 \u0639\u0644\u0649 \u0639\u0646\u0648\u0627\u0646 \u0627\u0644\u0628\u0631\u064a\u062f \u0627\u0644\u0625\u0644\u0643\u062a\u0631\u0648\u0646\u064a \u0627\u0644\u062a\u0627\u0644\u064a: <a rel=\"noreferrer\">contact@continuom.fr<\/a>\t\t\t\t\t\t\t\t<\/div>\n\t\t\t\t<\/div>\n\t\t\t\t\t<\/div>\n\t\t<\/div>\n\t\t\t\t\t<\/div>\n\t\t<\/section>\n\t\t\t\t<\/div>","protected":false},"excerpt":{"rendered":"<p>Conditions G\u00e9n\u00e9rales de Vente (CGV) 1. Soci\u00e9t\u00e9 Les pr\u00e9sentes Conditions G\u00e9n\u00e9rales de Vente (CGV) sont propos\u00e9es par la soci\u00e9t\u00e9 EXPLENIUM CONSULTING, enregistr\u00e9e sous le num\u00e9ro 853 055 747 au RCS de Nanterre, dont le si\u00e8ge social est situ\u00e9 au 15 rue des Halles, 75001 Paris. 2. Objet Les pr\u00e9sentes CGV r\u00e9gissent les ventes de compl\u00e9ments [&hellip;]<\/p>\n","protected":false},"author":1,"featured_media":0,"parent":0,"menu_order":0,"comment_status":"closed","ping_status":"closed","template":"","meta":{"_monsterinsights_skip_tracking":false,"_monsterinsights_sitenote_active":false,"_monsterinsights_sitenote_note":"","_monsterinsights_sitenote_category":0,"footnotes":""},"class_list":["post-1630","page","type-page","status-publish","hentry"],"yoast_head":"<!-- This site is optimized with the Yoast SEO plugin v27.4 - https:\/\/yoast.com\/product\/yoast-seo-wordpress\/ -->\n<title>Conditions G\u00e9n\u00e9rales de vente - Continuom - Immunity +<\/title>\n<meta name=\"robots\" content=\"index, follow, max-snippet:-1, max-image-preview:large, max-video-preview:-1\" \/>\n<link rel=\"canonical\" href=\"https:\/\/continuom.fr\/ar\/\u0627\u0644\u0634\u0631\u0648\u0637-\u0648\u0627\u0644\u0623\u062d\u0643\u0627\u0645-\u0627\u0644\u0639\u0627\u0645\u0629-\u0644\u0644\u0628\u064a\u0639\/\" \/>\n<meta property=\"og:locale\" content=\"ar_AR\" \/>\n<meta property=\"og:type\" content=\"article\" \/>\n<meta property=\"og:title\" content=\"Conditions G\u00e9n\u00e9rales de vente - Continuom - Immunity +\" \/>\n<meta property=\"og:description\" content=\"Conditions G\u00e9n\u00e9rales de Vente (CGV) 1. Soci\u00e9t\u00e9 Les pr\u00e9sentes Conditions G\u00e9n\u00e9rales de Vente (CGV) sont propos\u00e9es par la soci\u00e9t\u00e9 EXPLENIUM CONSULTING, enregistr\u00e9e sous le num\u00e9ro 853 055 747 au RCS de Nanterre, dont le si\u00e8ge social est situ\u00e9 au 15 rue des Halles, 75001 Paris. 2. Objet Les pr\u00e9sentes CGV r\u00e9gissent les ventes de compl\u00e9ments [&hellip;]\" \/>\n<meta property=\"og:url\" content=\"https:\/\/continuom.fr\/ar\/\u0627\u0644\u0634\u0631\u0648\u0637-\u0648\u0627\u0644\u0623\u062d\u0643\u0627\u0645-\u0627\u0644\u0639\u0627\u0645\u0629-\u0644\u0644\u0628\u064a\u0639\/\" \/>\n<meta property=\"og:site_name\" content=\"Continuom - Immunity +\" \/>\n<meta property=\"article:modified_time\" content=\"2024-06-12T12:30:54+00:00\" \/>\n<meta name=\"twitter:card\" content=\"summary_large_image\" \/>\n<meta name=\"twitter:label1\" content=\"\u0648\u0642\u062a \u0627\u0644\u0642\u0631\u0627\u0621\u0629 \u0627\u0644\u0645\u064f\u0642\u062f\u0651\u0631\" \/>\n\t<meta name=\"twitter:data1\" content=\"3 \u062f\u0642\u0627\u0626\u0642\" \/>\n<script type=\"application\/ld+json\" class=\"yoast-schema-graph\">{\"@context\":\"https:\\\/\\\/schema.org\",\"@graph\":[{\"@type\":\"WebPage\",\"@id\":\"https:\\\/\\\/continuom.fr\\\/conditions-generales-de-vente\\\/\",\"url\":\"https:\\\/\\\/continuom.fr\\\/conditions-generales-de-vente\\\/\",\"name\":\"Conditions G\u00e9n\u00e9rales de vente - Continuom - Immunity +\",\"isPartOf\":{\"@id\":\"https:\\\/\\\/continuom.fr\\\/#website\"},\"datePublished\":\"2024-06-12T12:29:52+00:00\",\"dateModified\":\"2024-06-12T12:30:54+00:00\",\"breadcrumb\":{\"@id\":\"https:\\\/\\\/continuom.fr\\\/conditions-generales-de-vente\\\/#breadcrumb\"},\"inLanguage\":\"ar\",\"potentialAction\":[{\"@type\":\"ReadAction\",\"target\":[\"https:\\\/\\\/continuom.fr\\\/conditions-generales-de-vente\\\/\"]}]},{\"@type\":\"BreadcrumbList\",\"@id\":\"https:\\\/\\\/continuom.fr\\\/conditions-generales-de-vente\\\/#breadcrumb\",\"itemListElement\":[{\"@type\":\"ListItem\",\"position\":1,\"name\":\"Accueil\",\"item\":\"https:\\\/\\\/continuom.fr\\\/\"},{\"@type\":\"ListItem\",\"position\":2,\"name\":\"Conditions G\u00e9n\u00e9rales de vente\"}]},{\"@type\":\"WebSite\",\"@id\":\"https:\\\/\\\/continuom.fr\\\/#website\",\"url\":\"https:\\\/\\\/continuom.fr\\\/\",\"name\":\"Continuom - Immunity +\",\"description\":\"Boost votre syst&egrave;me immunitaire\",\"publisher\":{\"@id\":\"https:\\\/\\\/continuom.fr\\\/#organization\"},\"potentialAction\":[{\"@type\":\"SearchAction\",\"target\":{\"@type\":\"EntryPoint\",\"urlTemplate\":\"https:\\\/\\\/continuom.fr\\\/?s={search_term_string}\"},\"query-input\":{\"@type\":\"PropertyValueSpecification\",\"valueRequired\":true,\"valueName\":\"search_term_string\"}}],\"inLanguage\":\"ar\"},{\"@type\":\"Organization\",\"@id\":\"https:\\\/\\\/continuom.fr\\\/#organization\",\"name\":\"Continuom - Immunity +\",\"url\":\"https:\\\/\\\/continuom.fr\\\/\",\"logo\":{\"@type\":\"ImageObject\",\"inLanguage\":\"ar\",\"@id\":\"https:\\\/\\\/continuom.fr\\\/#\\\/schema\\\/logo\\\/image\\\/\",\"url\":\"https:\\\/\\\/continuom.fr\\\/wp-content\\\/uploads\\\/2024\\\/04\\\/Logo.png\",\"contentUrl\":\"https:\\\/\\\/continuom.fr\\\/wp-content\\\/uploads\\\/2024\\\/04\\\/Logo.png\",\"width\":199,\"height\":52,\"caption\":\"Continuom - Immunity +\"},\"image\":{\"@id\":\"https:\\\/\\\/continuom.fr\\\/#\\\/schema\\\/logo\\\/image\\\/\"}}]}<\/script>\n<!-- \/ Yoast SEO plugin. -->","yoast_head_json":{"title":"\u0634\u0631\u0648\u0637 \u0627\u0644\u0628\u064a\u0639 \u0648\u0623\u062d\u0643\u0627\u0645\u0647 - Continuom - \u0627\u0644\u062d\u0635\u0627\u0646\u0629 +","robots":{"index":"index","follow":"follow","max-snippet":"max-snippet:-1","max-image-preview":"max-image-preview:large","max-video-preview":"max-video-preview:-1"},"canonical":"https:\/\/continuom.fr\/ar\/\u0627\u0644\u0634\u0631\u0648\u0637-\u0648\u0627\u0644\u0623\u062d\u0643\u0627\u0645-\u0627\u0644\u0639\u0627\u0645\u0629-\u0644\u0644\u0628\u064a\u0639\/","og_locale":"ar_AR","og_type":"article","og_title":"Conditions G\u00e9n\u00e9rales de vente - Continuom - Immunity +","og_description":"Conditions G\u00e9n\u00e9rales de Vente (CGV) 1. Soci\u00e9t\u00e9 Les pr\u00e9sentes Conditions G\u00e9n\u00e9rales de Vente (CGV) sont propos\u00e9es par la soci\u00e9t\u00e9 EXPLENIUM CONSULTING, enregistr\u00e9e sous le num\u00e9ro 853 055 747 au RCS de Nanterre, dont le si\u00e8ge social est situ\u00e9 au 15 rue des Halles, 75001 Paris. 2. Objet Les pr\u00e9sentes CGV r\u00e9gissent les ventes de compl\u00e9ments [&hellip;]","og_url":"https:\/\/continuom.fr\/ar\/\u0627\u0644\u0634\u0631\u0648\u0637-\u0648\u0627\u0644\u0623\u062d\u0643\u0627\u0645-\u0627\u0644\u0639\u0627\u0645\u0629-\u0644\u0644\u0628\u064a\u0639\/","og_site_name":"Continuom - Immunity +","article_modified_time":"2024-06-12T12:30:54+00:00","twitter_card":"summary_large_image","twitter_misc":{"\u0648\u0642\u062a \u0627\u0644\u0642\u0631\u0627\u0621\u0629 \u0627\u0644\u0645\u064f\u0642\u062f\u0651\u0631":"3 \u062f\u0642\u0627\u0626\u0642"},"schema":{"@context":"https:\/\/schema.org","@graph":[{"@type":"WebPage","@id":"https:\/\/continuom.fr\/conditions-generales-de-vente\/","url":"https:\/\/continuom.fr\/conditions-generales-de-vente\/","name":"\u0634\u0631\u0648\u0637 \u0627\u0644\u0628\u064a\u0639 \u0648\u0623\u062d\u0643\u0627\u0645\u0647 - Continuom - \u0627\u0644\u062d\u0635\u0627\u0646\u0629 +","isPartOf":{"@id":"https:\/\/continuom.fr\/#website"},"datePublished":"2024-06-12T12:29:52+00:00","dateModified":"2024-06-12T12:30:54+00:00","breadcrumb":{"@id":"https:\/\/continuom.fr\/conditions-generales-de-vente\/#breadcrumb"},"inLanguage":"ar","potentialAction":[{"@type":"ReadAction","target":["https:\/\/continuom.fr\/conditions-generales-de-vente\/"]}]},{"@type":"BreadcrumbList","@id":"https:\/\/continuom.fr\/conditions-generales-de-vente\/#breadcrumb","itemListElement":[{"@type":"ListItem","position":1,"name":"Accueil","item":"https:\/\/continuom.fr\/"},{"@type":"ListItem","position":2,"name":"Conditions G\u00e9n\u00e9rales de vente"}]},{"@type":"WebSite","@id":"https:\/\/continuom.fr\/#website","url":"https:\/\/continuom.fr\/","name":"\u0643\u0648\u0646\u062a\u064a\u0646\u064a\u0648\u0645 - \u0627\u0644\u062d\u0635\u0627\u0646\u0629 +","description":"\u0639\u0632\u0632 \u062c\u0647\u0627\u0632\u0643 \u0627\u0644\u0645\u0646\u0627\u0639\u064a","publisher":{"@id":"https:\/\/continuom.fr\/#organization"},"potentialAction":[{"@type":"SearchAction","target":{"@type":"EntryPoint","urlTemplate":"https:\/\/continuom.fr\/?s={search_term_string}"},"query-input":{"@type":"PropertyValueSpecification","valueRequired":true,"valueName":"search_term_string"}}],"inLanguage":"ar"},{"@type":"Organization","@id":"https:\/\/continuom.fr\/#organization","name":"\u0643\u0648\u0646\u062a\u064a\u0646\u064a\u0648\u0645 - \u0627\u0644\u062d\u0635\u0627\u0646\u0629 +","url":"https:\/\/continuom.fr\/","logo":{"@type":"ImageObject","inLanguage":"ar","@id":"https:\/\/continuom.fr\/#\/schema\/logo\/image\/","url":"https:\/\/continuom.fr\/wp-content\/uploads\/2024\/04\/Logo.png","contentUrl":"https:\/\/continuom.fr\/wp-content\/uploads\/2024\/04\/Logo.png","width":199,"height":52,"caption":"Continuom - Immunity +"},"image":{"@id":"https:\/\/continuom.fr\/#\/schema\/logo\/image\/"}}]}},"jetpack_sharing_enabled":true,"_links":{"self":[{"href":"https:\/\/continuom.fr\/ar\/wp-json\/wp\/v2\/pages\/1630","targetHints":{"allow":["GET"]}}],"collection":[{"href":"https:\/\/continuom.fr\/ar\/wp-json\/wp\/v2\/pages"}],"about":[{"href":"https:\/\/continuom.fr\/ar\/wp-json\/wp\/v2\/types\/page"}],"author":[{"embeddable":true,"href":"https:\/\/continuom.fr\/ar\/wp-json\/wp\/v2\/users\/1"}],"replies":[{"embeddable":true,"href":"https:\/\/continuom.fr\/ar\/wp-json\/wp\/v2\/comments?post=1630"}],"version-history":[{"count":5,"href":"https:\/\/continuom.fr\/ar\/wp-json\/wp\/v2\/pages\/1630\/revisions"}],"predecessor-version":[{"id":1635,"href":"https:\/\/continuom.fr\/ar\/wp-json\/wp\/v2\/pages\/1630\/revisions\/1635"}],"wp:attachment":[{"href":"https:\/\/continuom.fr\/ar\/wp-json\/wp\/v2\/media?parent=1630"}],"curies":[{"name":"wp","href":"https:\/\/api.w.org\/{rel}","templated":true}]}}