{"id":788,"date":"2024-03-29T07:39:17","date_gmt":"2024-03-29T07:39:17","guid":{"rendered":"https:\/\/continuom.fr\/?post_type=product&#038;p=788"},"modified":"2026-04-07T08:31:53","modified_gmt":"2026-04-07T08:31:53","slug":"%d9%85%d9%86%d8%a7%d8%b9%d8%a9-%d9%81%d9%8a%d8%aa%d8%a7%d9%85%d9%8a%d9%86-%d8%ac-%d8%a7%d9%84%d9%85%d9%86%d8%a7%d8%b9%d9%8a","status":"publish","type":"product","link":"https:\/\/continuom.fr\/ar\/%d8%a7%d9%84%d9%85%d9%86%d8%aa%d8%ac\/%d9%85%d9%86%d8%a7%d8%b9%d8%a9-%d9%81%d9%8a%d8%aa%d8%a7%d9%85%d9%8a%d9%86-%d8%ac-%d8%a7%d9%84%d9%85%d9%86%d8%a7%d8%b9%d9%8a\/","title":{"rendered":"\u0627\u0644\u0645\u0646\u0627\u0639\u0629 + \u0641\u064a\u062a\u0627\u0645\u064a\u0646 \u062c - \u0627\u0644\u0645\u0646\u0627\u0639\u0629 + \u0641\u064a\u062a\u0627\u0645\u064a\u0646 \u062c - \u0627\u0644\u0645\u0646\u0627\u0639\u0629"},"content":{"rendered":"","protected":false},"excerpt":{"rendered":"<p>IMMUNITY+\u060c \u0645\u0643\u0645\u0644 \u063a\u0630\u0627\u0626\u064a \u0645\u0635\u0646\u0648\u0639 \u0645\u0646 \u0627\u0644\u0623\u0633\u064a\u0631\u0648\u0644\u0627 \u0627\u0644\u0637\u0628\u064a\u0639\u064a\u0629 100%. \u0641\u064a \u0644\u0641\u062a\u0629 \u0633\u0631\u064a\u0639\u0629 \u0648\u0644\u0630\u064a\u0630\u0629\u060c \u064a\u0646\u062a\u0634\u0631 \u062a\u0623\u062b\u064a\u0631\u0647 \u0628\u0634\u0643\u0644 \u0641\u0639\u0627\u0644 \u0648\u0641\u0648\u0631\u064a \u0639\u0646\u062f\u0645\u0627 \u062a\u062a\u0631\u0643\u0647 \u064a\u0630\u0648\u0628 \u062a\u062d\u062a \u0644\u0633\u0627\u0646\u0643.<\/p>\n<p>\u0625\u0646 \u0646\u0643\u0647\u0629 \u0627\u0644\u0623\u0633\u064a\u0631\u0648\u0644\u0627 \u0627\u0644\u0631\u0642\u064a\u0642\u0629 \u0633\u062a\u0633\u0639\u062f \u0628\u0631\u0627\u0639\u0645 \u0627\u0644\u062a\u0630\u0648\u0642 \u0627\u0644\u062e\u0627\u0635\u0629 \u0628\u0643\u060c \u0628\u064a\u0646\u0645\u0627 \u062a\u062c\u0645\u0639 \u0628\u064a\u0646 \u0627\u0644\u0644\u064a\u0627\u0642\u0629 \u0627\u0644\u0628\u062f\u0646\u064a\u0629 \u0648\u0627\u0644\u0635\u062d\u0629 \u0648\u0627\u0644\u0631\u0641\u0627\u0647\u064a\u0629 \u0637\u0648\u0627\u0644 \u0627\u0644\u064a\u0648\u0645.<\/p>\n<p>IMMUNITY+ \u0647\u0648 \u0633\u0643\u064a\u0646 \u0627\u0644\u062c\u064a\u0634 \u0627\u0644\u0633\u0648\u064a\u0633\u0631\u064a \u0644\u0644\u0645\u0643\u0645\u0644\u0627\u062a \u0627\u0644\u063a\u0630\u0627\u0626\u064a\u0629. \u0627\u0646\u0633\u064e \u0643\u0644 \u0641\u064a\u062a\u0627\u0645\u064a\u0646 C \u0627\u0644\u0630\u064a \u0627\u0634\u062a\u0631\u064a\u062a\u0647 \u0645\u0646 \u0642\u0628\u0644. \u0641\u0623\u062f\u0627\u0624\u0647 \u0644\u0627 \u064a\u0636\u0627\u0647\u0649.<\/p>","protected":false},"featured_media":1767,"comment_status":"open","ping_status":"closed","template":"","meta":{"_monsterinsights_skip_tracking":false,"_monsterinsights_sitenote_active":false,"_monsterinsights_sitenote_note":"","_monsterinsights_sitenote_category":0},"product_brand":[],"product_cat":[19,20,21],"product_tag":[],"class_list":{"0":"post-788","1":"product","2":"type-product","3":"status-publish","4":"has-post-thumbnail","6":"product_cat-continuom","7":"product_cat-immunite","8":"product_cat-supplement","10":"first","11":"instock","12":"sale","13":"taxable","14":"shipping-taxable","15":"purchasable","16":"product-type-simple"},"yoast_head":"<!-- This site is optimized with the Yoast SEO plugin v27.4 - https:\/\/yoast.com\/product\/yoast-seo-wordpress\/ -->\n<title>IMMUNITY + VITAMINE C - Immunit\u00e9 - Continuom - Immunity +<\/title>\n<meta name=\"robots\" content=\"index, follow, max-snippet:-1, max-image-preview:large, max-video-preview:-1\" \/>\n<link rel=\"canonical\" href=\"https:\/\/continuom.fr\/ar\/\u0627\u0644\u0645\u0646\u062a\u062c\/\u0645\u0646\u0627\u0639\u0629-\u0641\u064a\u062a\u0627\u0645\u064a\u0646-\u062c-\u0627\u0644\u0645\u0646\u0627\u0639\u064a\/\" \/>\n<meta property=\"og:locale\" content=\"ar_AR\" \/>\n<meta property=\"og:type\" content=\"article\" \/>\n<meta property=\"og:title\" content=\"IMMUNITY + VITAMINE C - Immunit\u00e9 - Continuom - Immunity +\" \/>\n<meta property=\"og:description\" content=\"IMMUNITY+, votre compl\u00e9ment alimentaire \u00e0 base d\u2019ac\u00e9rola 100% naturelle. En un geste rapide et d\u00e9licieux, il diffuse ses effets de mani\u00e8re efficace et Instantan\u00e9e lorsque vous le laissez fondre sous la langue.  Son go\u00fbt subtil d\u2019ac\u00e9rola \u00e9merveillera vos papilles tout en conciliant forme, sant\u00e9 et bien \u00eatre tout au long de la journ\u00e9e.  IMMUNITY+ est votre couteau Suisse du compl\u00e9ment alimentaire. Oubliez toutes les vitamines C achet\u00e9es auparavant. Ses performances sont incomparables.\" \/>\n<meta property=\"og:url\" content=\"https:\/\/continuom.fr\/ar\/\u0627\u0644\u0645\u0646\u062a\u062c\/\u0645\u0646\u0627\u0639\u0629-\u0641\u064a\u062a\u0627\u0645\u064a\u0646-\u062c-\u0627\u0644\u0645\u0646\u0627\u0639\u064a\/\" \/>\n<meta property=\"og:site_name\" content=\"Continuom - Immunity +\" \/>\n<meta property=\"article:modified_time\" content=\"2026-04-07T08:31:53+00:00\" \/>\n<meta property=\"og:image\" content=\"https:\/\/continuom.fr\/wp-content\/uploads\/2024\/03\/boite1.png\" \/>\n\t<meta property=\"og:image:width\" content=\"592\" \/>\n\t<meta property=\"og:image:height\" content=\"592\" \/>\n\t<meta property=\"og:image:type\" content=\"image\/png\" \/>\n<meta name=\"twitter:card\" content=\"summary_large_image\" \/>\n<meta name=\"twitter:label1\" content=\"\u0648\u0642\u062a \u0627\u0644\u0642\u0631\u0627\u0621\u0629 \u0627\u0644\u0645\u064f\u0642\u062f\u0651\u0631\" \/>\n\t<meta name=\"twitter:data1\" content=\"\u062f\u0642\u064a\u0642\u0629 \u0648\u0627\u062d\u062f\u0629\" \/>\n<script type=\"application\/ld+json\" class=\"yoast-schema-graph\">{\"@context\":\"https:\\\/\\\/schema.org\",\"@graph\":[{\"@type\":\"WebPage\",\"@id\":\"https:\\\/\\\/continuom.fr\\\/product\\\/immunity-vitamine-c-immunite\\\/\",\"url\":\"https:\\\/\\\/continuom.fr\\\/product\\\/immunity-vitamine-c-immunite\\\/\",\"name\":\"IMMUNITY + VITAMINE C - Immunit\u00e9 - Continuom - Immunity +\",\"isPartOf\":{\"@id\":\"https:\\\/\\\/continuom.fr\\\/#website\"},\"primaryImageOfPage\":{\"@id\":\"https:\\\/\\\/continuom.fr\\\/product\\\/immunity-vitamine-c-immunite\\\/#primaryimage\"},\"image\":{\"@id\":\"https:\\\/\\\/continuom.fr\\\/product\\\/immunity-vitamine-c-immunite\\\/#primaryimage\"},\"thumbnailUrl\":\"https:\\\/\\\/continuom.fr\\\/wp-content\\\/uploads\\\/2024\\\/03\\\/boite1.png\",\"datePublished\":\"2024-03-29T07:39:17+00:00\",\"dateModified\":\"2026-04-07T08:31:53+00:00\",\"breadcrumb\":{\"@id\":\"https:\\\/\\\/continuom.fr\\\/product\\\/immunity-vitamine-c-immunite\\\/#breadcrumb\"},\"inLanguage\":\"ar\",\"potentialAction\":[{\"@type\":\"ReadAction\",\"target\":[\"https:\\\/\\\/continuom.fr\\\/product\\\/immunity-vitamine-c-immunite\\\/\"]}]},{\"@type\":\"ImageObject\",\"inLanguage\":\"ar\",\"@id\":\"https:\\\/\\\/continuom.fr\\\/product\\\/immunity-vitamine-c-immunite\\\/#primaryimage\",\"url\":\"https:\\\/\\\/continuom.fr\\\/wp-content\\\/uploads\\\/2024\\\/03\\\/boite1.png\",\"contentUrl\":\"https:\\\/\\\/continuom.fr\\\/wp-content\\\/uploads\\\/2024\\\/03\\\/boite1.png\",\"width\":592,\"height\":592},{\"@type\":\"BreadcrumbList\",\"@id\":\"https:\\\/\\\/continuom.fr\\\/product\\\/immunity-vitamine-c-immunite\\\/#breadcrumb\",\"itemListElement\":[{\"@type\":\"ListItem\",\"position\":1,\"name\":\"Accueil\",\"item\":\"https:\\\/\\\/continuom.fr\\\/\"},{\"@type\":\"ListItem\",\"position\":2,\"name\":\"Shop\",\"item\":\"https:\\\/\\\/continuom.fr\\\/shop\\\/\"},{\"@type\":\"ListItem\",\"position\":3,\"name\":\"IMMUNITY + VITAMINE C &#8211; Immunit\u00e9\"}]},{\"@type\":\"WebSite\",\"@id\":\"https:\\\/\\\/continuom.fr\\\/#website\",\"url\":\"https:\\\/\\\/continuom.fr\\\/\",\"name\":\"Continuom - Immunity +\",\"description\":\"Boost votre syst&egrave;me immunitaire\",\"publisher\":{\"@id\":\"https:\\\/\\\/continuom.fr\\\/#organization\"},\"potentialAction\":[{\"@type\":\"SearchAction\",\"target\":{\"@type\":\"EntryPoint\",\"urlTemplate\":\"https:\\\/\\\/continuom.fr\\\/?s={search_term_string}\"},\"query-input\":{\"@type\":\"PropertyValueSpecification\",\"valueRequired\":true,\"valueName\":\"search_term_string\"}}],\"inLanguage\":\"ar\"},{\"@type\":\"Organization\",\"@id\":\"https:\\\/\\\/continuom.fr\\\/#organization\",\"name\":\"Continuom - Immunity +\",\"url\":\"https:\\\/\\\/continuom.fr\\\/\",\"logo\":{\"@type\":\"ImageObject\",\"inLanguage\":\"ar\",\"@id\":\"https:\\\/\\\/continuom.fr\\\/#\\\/schema\\\/logo\\\/image\\\/\",\"url\":\"https:\\\/\\\/continuom.fr\\\/wp-content\\\/uploads\\\/2024\\\/04\\\/Logo.png\",\"contentUrl\":\"https:\\\/\\\/continuom.fr\\\/wp-content\\\/uploads\\\/2024\\\/04\\\/Logo.png\",\"width\":199,\"height\":52,\"caption\":\"Continuom - Immunity +\"},\"image\":{\"@id\":\"https:\\\/\\\/continuom.fr\\\/#\\\/schema\\\/logo\\\/image\\\/\"}}]}<\/script>\n<!-- \/ Yoast SEO plugin. -->","yoast_head_json":{"title":"\u0627\u0644\u0645\u0646\u0627\u0639\u0629 + \u0641\u064a\u062a\u0627\u0645\u064a\u0646 \u062c - \u0627\u0644\u0645\u0646\u0627\u0639\u0629 - \u0627\u0644\u0645\u0646\u0627\u0639\u0629 - \u0627\u0644\u0645\u0646\u0627\u0639\u0629 + - \u0627\u0644\u0645\u0646\u0627\u0639\u0629 +","robots":{"index":"index","follow":"follow","max-snippet":"max-snippet:-1","max-image-preview":"max-image-preview:large","max-video-preview":"max-video-preview:-1"},"canonical":"https:\/\/continuom.fr\/ar\/\u0627\u0644\u0645\u0646\u062a\u062c\/\u0645\u0646\u0627\u0639\u0629-\u0641\u064a\u062a\u0627\u0645\u064a\u0646-\u062c-\u0627\u0644\u0645\u0646\u0627\u0639\u064a\/","og_locale":"ar_AR","og_type":"article","og_title":"IMMUNITY + VITAMINE C - Immunit\u00e9 - Continuom - Immunity +","og_description":"IMMUNITY+, votre compl\u00e9ment alimentaire \u00e0 base d\u2019ac\u00e9rola 100% naturelle. En un geste rapide et d\u00e9licieux, il diffuse ses effets de mani\u00e8re efficace et Instantan\u00e9e lorsque vous le laissez fondre sous la langue.  Son go\u00fbt subtil d\u2019ac\u00e9rola \u00e9merveillera vos papilles tout en conciliant forme, sant\u00e9 et bien \u00eatre tout au long de la journ\u00e9e.  IMMUNITY+ est votre couteau Suisse du compl\u00e9ment alimentaire. Oubliez toutes les vitamines C achet\u00e9es auparavant. Ses performances sont incomparables.","og_url":"https:\/\/continuom.fr\/ar\/\u0627\u0644\u0645\u0646\u062a\u062c\/\u0645\u0646\u0627\u0639\u0629-\u0641\u064a\u062a\u0627\u0645\u064a\u0646-\u062c-\u0627\u0644\u0645\u0646\u0627\u0639\u064a\/","og_site_name":"Continuom - Immunity +","article_modified_time":"2026-04-07T08:31:53+00:00","og_image":[{"width":592,"height":592,"url":"https:\/\/continuom.fr\/wp-content\/uploads\/2024\/03\/boite1.png","type":"image\/png"}],"twitter_card":"summary_large_image","twitter_misc":{"\u0648\u0642\u062a \u0627\u0644\u0642\u0631\u0627\u0621\u0629 \u0627\u0644\u0645\u064f\u0642\u062f\u0651\u0631":"\u062f\u0642\u064a\u0642\u0629 \u0648\u0627\u062d\u062f\u0629"},"schema":{"@context":"https:\/\/schema.org","@graph":[{"@type":"WebPage","@id":"https:\/\/continuom.fr\/product\/immunity-vitamine-c-immunite\/","url":"https:\/\/continuom.fr\/product\/immunity-vitamine-c-immunite\/","name":"\u0627\u0644\u0645\u0646\u0627\u0639\u0629 + \u0641\u064a\u062a\u0627\u0645\u064a\u0646 \u062c - \u0627\u0644\u0645\u0646\u0627\u0639\u0629 - \u0627\u0644\u0645\u0646\u0627\u0639\u0629 - \u0627\u0644\u0645\u0646\u0627\u0639\u0629 + - \u0627\u0644\u0645\u0646\u0627\u0639\u0629 +","isPartOf":{"@id":"https:\/\/continuom.fr\/#website"},"primaryImageOfPage":{"@id":"https:\/\/continuom.fr\/product\/immunity-vitamine-c-immunite\/#primaryimage"},"image":{"@id":"https:\/\/continuom.fr\/product\/immunity-vitamine-c-immunite\/#primaryimage"},"thumbnailUrl":"https:\/\/continuom.fr\/wp-content\/uploads\/2024\/03\/boite1.png","datePublished":"2024-03-29T07:39:17+00:00","dateModified":"2026-04-07T08:31:53+00:00","breadcrumb":{"@id":"https:\/\/continuom.fr\/product\/immunity-vitamine-c-immunite\/#breadcrumb"},"inLanguage":"ar","potentialAction":[{"@type":"ReadAction","target":["https:\/\/continuom.fr\/product\/immunity-vitamine-c-immunite\/"]}]},{"@type":"ImageObject","inLanguage":"ar","@id":"https:\/\/continuom.fr\/product\/immunity-vitamine-c-immunite\/#primaryimage","url":"https:\/\/continuom.fr\/wp-content\/uploads\/2024\/03\/boite1.png","contentUrl":"https:\/\/continuom.fr\/wp-content\/uploads\/2024\/03\/boite1.png","width":592,"height":592},{"@type":"BreadcrumbList","@id":"https:\/\/continuom.fr\/product\/immunity-vitamine-c-immunite\/#breadcrumb","itemListElement":[{"@type":"ListItem","position":1,"name":"Accueil","item":"https:\/\/continuom.fr\/"},{"@type":"ListItem","position":2,"name":"Shop","item":"https:\/\/continuom.fr\/shop\/"},{"@type":"ListItem","position":3,"name":"IMMUNITY + VITAMINE C &#8211; Immunit\u00e9"}]},{"@type":"WebSite","@id":"https:\/\/continuom.fr\/#website","url":"https:\/\/continuom.fr\/","name":"\u0643\u0648\u0646\u062a\u064a\u0646\u064a\u0648\u0645 - \u0627\u0644\u062d\u0635\u0627\u0646\u0629 +","description":"\u0639\u0632\u0632 \u062c\u0647\u0627\u0632\u0643 \u0627\u0644\u0645\u0646\u0627\u0639\u064a","publisher":{"@id":"https:\/\/continuom.fr\/#organization"},"potentialAction":[{"@type":"SearchAction","target":{"@type":"EntryPoint","urlTemplate":"https:\/\/continuom.fr\/?s={search_term_string}"},"query-input":{"@type":"PropertyValueSpecification","valueRequired":true,"valueName":"search_term_string"}}],"inLanguage":"ar"},{"@type":"Organization","@id":"https:\/\/continuom.fr\/#organization","name":"\u0643\u0648\u0646\u062a\u064a\u0646\u064a\u0648\u0645 - \u0627\u0644\u062d\u0635\u0627\u0646\u0629 +","url":"https:\/\/continuom.fr\/","logo":{"@type":"ImageObject","inLanguage":"ar","@id":"https:\/\/continuom.fr\/#\/schema\/logo\/image\/","url":"https:\/\/continuom.fr\/wp-content\/uploads\/2024\/04\/Logo.png","contentUrl":"https:\/\/continuom.fr\/wp-content\/uploads\/2024\/04\/Logo.png","width":199,"height":52,"caption":"Continuom - Immunity +"},"image":{"@id":"https:\/\/continuom.fr\/#\/schema\/logo\/image\/"}}]}},"jetpack_sharing_enabled":true,"_links":{"self":[{"href":"https:\/\/continuom.fr\/ar\/wp-json\/wp\/v2\/product\/788","targetHints":{"allow":["GET"]}}],"collection":[{"href":"https:\/\/continuom.fr\/ar\/wp-json\/wp\/v2\/product"}],"about":[{"href":"https:\/\/continuom.fr\/ar\/wp-json\/wp\/v2\/types\/product"}],"replies":[{"embeddable":true,"href":"https:\/\/continuom.fr\/ar\/wp-json\/wp\/v2\/comments?post=788"}],"version-history":[{"count":2,"href":"https:\/\/continuom.fr\/ar\/wp-json\/wp\/v2\/product\/788\/revisions"}],"predecessor-version":[{"id":1211,"href":"https:\/\/continuom.fr\/ar\/wp-json\/wp\/v2\/product\/788\/revisions\/1211"}],"wp:featuredmedia":[{"embeddable":true,"href":"https:\/\/continuom.fr\/ar\/wp-json\/wp\/v2\/media\/1767"}],"wp:attachment":[{"href":"https:\/\/continuom.fr\/ar\/wp-json\/wp\/v2\/media?parent=788"}],"wp:term":[{"taxonomy":"product_brand","embeddable":true,"href":"https:\/\/continuom.fr\/ar\/wp-json\/wp\/v2\/product_brand?post=788"},{"taxonomy":"product_cat","embeddable":true,"href":"https:\/\/continuom.fr\/ar\/wp-json\/wp\/v2\/product_cat?post=788"},{"taxonomy":"product_tag","embeddable":true,"href":"https:\/\/continuom.fr\/ar\/wp-json\/wp\/v2\/product_tag?post=788"}],"curies":[{"name":"wp","href":"https:\/\/api.w.org\/{rel}","templated":true}]}}