{"id":1630,"date":"2024-06-12T12:29:52","date_gmt":"2024-06-12T12:29:52","guid":{"rendered":"https:\/\/continuom.fr\/?page_id=1630"},"modified":"2024-06-12T12:30:54","modified_gmt":"2024-06-12T12:30:54","slug":"allgemeine-geschaftsbedingungen","status":"publish","type":"page","link":"https:\/\/continuom.fr\/de\/allgemeine-geschaftsbedingungen\/","title":{"rendered":"Allgemeine Gesch\u00e4ftsbedingungen"},"content":{"rendered":"<div data-elementor-type=\"wp-page\" data-elementor-id=\"1630\" class=\"elementor elementor-1630\" data-elementor-post-type=\"page\">\n\t\t\t\t\t\t<section class=\"elementor-section elementor-top-section elementor-element elementor-element-2057f607 elementor-section-boxed elementor-section-height-default elementor-section-height-default\" data-id=\"2057f607\" data-element_type=\"section\" data-e-type=\"section\" data-settings=\"{&quot;background_background&quot;:&quot;classic&quot;}\">\n\t\t\t\t\t\t<div class=\"elementor-container elementor-column-gap-default\">\n\t\t\t\t\t<div class=\"elementor-column elementor-col-100 elementor-top-column elementor-element elementor-element-272b0642\" data-id=\"272b0642\" data-element_type=\"column\" data-e-type=\"column\">\n\t\t\t<div class=\"elementor-widget-wrap elementor-element-populated\">\n\t\t\t\t\t\t<div class=\"elementor-element elementor-element-2380104 elementor-widget elementor-widget-text-editor\" data-id=\"2380104\" data-element_type=\"widget\" data-e-type=\"widget\" data-widget_type=\"text-editor.default\">\n\t\t\t\t<div class=\"elementor-widget-container\">\n\t\t\t\t\t\t\t\t\t<h3>Allgemeine Gesch\u00e4ftsbedingungen (AGB)<\/h3>\r\n<h4>1. Unternehmen<\/h4>\r\nDie vorliegenden Allgemeinen Gesch\u00e4ftsbedingungen (AGB) werden von der Firma EXPLENIUM CONSULTING angeboten, die unter der Nummer 853 055 747 im Handelsregister von Nanterre eingetragen ist und ihren Sitz in 15 rue des Halles, 75001 Paris hat.\r\n<h4>2. Gegenstand<\/h4>\r\nDie vorliegenden AGB regeln den Verkauf von Nahrungserg\u00e4nzungsmitteln, der \u00fcber die Website erfolgt. <a href=\"https:\/\/continuom.fr\/de\" target=\"_new\" rel=\"noreferrer noopener\">https:\/\/continuom.fr\/<\/a>. Sie legen die Rechte und Pflichten des K\u00e4ufers und des Verk\u00e4ufers im Rahmen des Online-Verkaufs fest.\r\n<h4>3. Produkte<\/h4>\r\nDie zum Verkauf angebotenen Produkte werden mit gr\u00f6\u00dftm\u00f6glicher Genauigkeit beschrieben und pr\u00e4sentiert. Die Fotografien der Produkte sind nicht vertraglich bindend.\r\n<h4>4. Preis<\/h4>\r\nDie Preise der Produkte sind in Euro angegeben, inklusive aller Steuern (TTC). Die Lieferkosten werden bei der Bestellung angegeben und gehen zu Lasten des K\u00e4ufers.\r\n<h4>5. Bestellung<\/h4>\r\nDer K\u00e4ufer gibt seine Bestellung online auf der Website auf. Jede Bestellung setzt die Annahme der vorliegenden AGB voraus. Sobald die Bestellung best\u00e4tigt wurde, wird eine Best\u00e4tigungs-E-Mail an die vom K\u00e4ufer angegebene Adresse gesendet.\r\n<h4>6. Zahlung<\/h4>\r\nDie Zahlung ist sofort bei der Bestellung f\u00e4llig. Die akzeptierten Zahlungsmethoden sind auf der Website angegeben. Die Transaktionen werden von einem Online-Zahlungsdienstleister gesichert.\r\n<h4>7. Lieferung<\/h4>\r\nDie Produkte werden an die Adresse geliefert, die der K\u00e4ufer bei der Bestellung angegeben hat. Der Verk\u00e4ufer verpflichtet sich, die Produkte innerhalb der bei der Bestellung angegebenen Fristen zu versenden. Im Falle einer Lieferverz\u00f6gerung wird der K\u00e4ufer per E-Mail informiert.\r\n<h4>8. Widerruf<\/h4>\r\nDer K\u00e4ufer kann innerhalb von 14 Tagen nach Erhalt der Produkte von seinem Widerrufsrecht Gebrauch machen, ohne Gr\u00fcnde angeben oder eine Strafe zahlen zu m\u00fcssen. Die Kosten f\u00fcr die R\u00fccksendung tr\u00e4gt der K\u00e4ufer.\r\n<h4>9. Garantie<\/h4>\r\nF\u00fcr die Produkte gelten die gesetzliche Konformit\u00e4tsgarantie und die Garantie gegen versteckte M\u00e4ngel. Im Falle der Nichtkonformit\u00e4t oder eines Defekts eines Produkts kann der K\u00e4ufer es zum Umtausch oder zur R\u00fcckerstattung zur\u00fcckgeben.\r\n<h4>10. Verantwortung<\/h4>\r\nDer Verk\u00e4ufer kann nicht f\u00fcr Sch\u00e4den haftbar gemacht werden, die aus einer unsachgem\u00e4\u00dfen Verwendung der gekauften Produkte resultieren.\r\n<h4>11. Pers\u00f6nliche Daten<\/h4>\r\nDie auf der Website gesammelten Informationen werden f\u00fcr die Verwaltung der Kundenbeziehung und f\u00fcr die kommerzielle Prospektion verarbeitet. Gem\u00e4\u00df dem Gesetz \"Informatique et Libert\u00e9s\" hat der K\u00e4ufer das Recht, auf die ihn betreffenden Daten zuzugreifen, sie zu berichtigen und ihnen zu widersprechen.\r\n<h4>12. Streitigkeiten<\/h4>\r\nDie vorliegenden AGB unterliegen dem franz\u00f6sischen Recht. Im Falle eines Rechtsstreits werden sich die Parteien um eine g\u00fctliche Einigung bem\u00fchen. Andernfalls sind die franz\u00f6sischen Gerichte zust\u00e4ndig.\r\n<h4>13. Kontakt<\/h4>\r\nBei Fragen oder Beschwerden kann der K\u00e4ufer den Kundenservice unter der folgenden E-Mail-Adresse kontaktieren: <a rel=\"noreferrer\">contact@continuom.fr<\/a>\t\t\t\t\t\t\t\t<\/div>\n\t\t\t\t<\/div>\n\t\t\t\t\t<\/div>\n\t\t<\/div>\n\t\t\t\t\t<\/div>\n\t\t<\/section>\n\t\t\t\t<\/div>","protected":false},"excerpt":{"rendered":"<p>Conditions G\u00e9n\u00e9rales de Vente (CGV) 1. Soci\u00e9t\u00e9 Les pr\u00e9sentes Conditions G\u00e9n\u00e9rales de Vente (CGV) sont propos\u00e9es par la soci\u00e9t\u00e9 EXPLENIUM CONSULTING, enregistr\u00e9e sous le num\u00e9ro 853 055 747 au RCS de Nanterre, dont le si\u00e8ge social est situ\u00e9 au 15 rue des Halles, 75001 Paris. 2. Objet Les pr\u00e9sentes CGV r\u00e9gissent les ventes de compl\u00e9ments [&hellip;]<\/p>\n","protected":false},"author":1,"featured_media":0,"parent":0,"menu_order":0,"comment_status":"closed","ping_status":"closed","template":"","meta":{"_monsterinsights_skip_tracking":false,"_monsterinsights_sitenote_active":false,"_monsterinsights_sitenote_note":"","_monsterinsights_sitenote_category":0,"footnotes":""},"class_list":["post-1630","page","type-page","status-publish","hentry"],"yoast_head":"<!-- This site is optimized with the Yoast SEO plugin v27.4 - https:\/\/yoast.com\/product\/yoast-seo-wordpress\/ -->\n<title>Conditions G\u00e9n\u00e9rales de vente - Continuom - Immunity +<\/title>\n<meta name=\"robots\" content=\"index, follow, max-snippet:-1, max-image-preview:large, max-video-preview:-1\" \/>\n<link rel=\"canonical\" href=\"https:\/\/continuom.fr\/de\/allgemeine-geschaftsbedingungen\/\" \/>\n<meta property=\"og:locale\" content=\"de_DE\" \/>\n<meta property=\"og:type\" content=\"article\" \/>\n<meta property=\"og:title\" content=\"Conditions G\u00e9n\u00e9rales de vente - Continuom - Immunity +\" \/>\n<meta property=\"og:description\" content=\"Conditions G\u00e9n\u00e9rales de Vente (CGV) 1. Soci\u00e9t\u00e9 Les pr\u00e9sentes Conditions G\u00e9n\u00e9rales de Vente (CGV) sont propos\u00e9es par la soci\u00e9t\u00e9 EXPLENIUM CONSULTING, enregistr\u00e9e sous le num\u00e9ro 853 055 747 au RCS de Nanterre, dont le si\u00e8ge social est situ\u00e9 au 15 rue des Halles, 75001 Paris. 2. Objet Les pr\u00e9sentes CGV r\u00e9gissent les ventes de compl\u00e9ments [&hellip;]\" \/>\n<meta property=\"og:url\" content=\"https:\/\/continuom.fr\/de\/allgemeine-geschaftsbedingungen\/\" \/>\n<meta property=\"og:site_name\" content=\"Continuom - Immunity +\" \/>\n<meta property=\"article:modified_time\" content=\"2024-06-12T12:30:54+00:00\" \/>\n<meta name=\"twitter:card\" content=\"summary_large_image\" \/>\n<meta name=\"twitter:label1\" content=\"Gesch\u00e4tzte Lesezeit\" \/>\n\t<meta name=\"twitter:data1\" content=\"3\u00a0Minuten\" \/>\n<script type=\"application\/ld+json\" class=\"yoast-schema-graph\">{\"@context\":\"https:\\\/\\\/schema.org\",\"@graph\":[{\"@type\":\"WebPage\",\"@id\":\"https:\\\/\\\/continuom.fr\\\/conditions-generales-de-vente\\\/\",\"url\":\"https:\\\/\\\/continuom.fr\\\/conditions-generales-de-vente\\\/\",\"name\":\"Conditions G\u00e9n\u00e9rales de vente - Continuom - Immunity +\",\"isPartOf\":{\"@id\":\"https:\\\/\\\/continuom.fr\\\/#website\"},\"datePublished\":\"2024-06-12T12:29:52+00:00\",\"dateModified\":\"2024-06-12T12:30:54+00:00\",\"breadcrumb\":{\"@id\":\"https:\\\/\\\/continuom.fr\\\/conditions-generales-de-vente\\\/#breadcrumb\"},\"inLanguage\":\"de\",\"potentialAction\":[{\"@type\":\"ReadAction\",\"target\":[\"https:\\\/\\\/continuom.fr\\\/conditions-generales-de-vente\\\/\"]}]},{\"@type\":\"BreadcrumbList\",\"@id\":\"https:\\\/\\\/continuom.fr\\\/conditions-generales-de-vente\\\/#breadcrumb\",\"itemListElement\":[{\"@type\":\"ListItem\",\"position\":1,\"name\":\"Accueil\",\"item\":\"https:\\\/\\\/continuom.fr\\\/\"},{\"@type\":\"ListItem\",\"position\":2,\"name\":\"Conditions G\u00e9n\u00e9rales de vente\"}]},{\"@type\":\"WebSite\",\"@id\":\"https:\\\/\\\/continuom.fr\\\/#website\",\"url\":\"https:\\\/\\\/continuom.fr\\\/\",\"name\":\"Continuom - Immunity +\",\"description\":\"Boost votre syst&egrave;me immunitaire\",\"publisher\":{\"@id\":\"https:\\\/\\\/continuom.fr\\\/#organization\"},\"potentialAction\":[{\"@type\":\"SearchAction\",\"target\":{\"@type\":\"EntryPoint\",\"urlTemplate\":\"https:\\\/\\\/continuom.fr\\\/?s={search_term_string}\"},\"query-input\":{\"@type\":\"PropertyValueSpecification\",\"valueRequired\":true,\"valueName\":\"search_term_string\"}}],\"inLanguage\":\"de\"},{\"@type\":\"Organization\",\"@id\":\"https:\\\/\\\/continuom.fr\\\/#organization\",\"name\":\"Continuom - Immunity +\",\"url\":\"https:\\\/\\\/continuom.fr\\\/\",\"logo\":{\"@type\":\"ImageObject\",\"inLanguage\":\"de\",\"@id\":\"https:\\\/\\\/continuom.fr\\\/#\\\/schema\\\/logo\\\/image\\\/\",\"url\":\"https:\\\/\\\/continuom.fr\\\/wp-content\\\/uploads\\\/2024\\\/04\\\/Logo.png\",\"contentUrl\":\"https:\\\/\\\/continuom.fr\\\/wp-content\\\/uploads\\\/2024\\\/04\\\/Logo.png\",\"width\":199,\"height\":52,\"caption\":\"Continuom - Immunity +\"},\"image\":{\"@id\":\"https:\\\/\\\/continuom.fr\\\/#\\\/schema\\\/logo\\\/image\\\/\"}}]}<\/script>\n<!-- \/ Yoast SEO plugin. -->","yoast_head_json":{"title":"Allgemeine Gesch\u00e4ftsbedingungen - Continuom - Immunity +","robots":{"index":"index","follow":"follow","max-snippet":"max-snippet:-1","max-image-preview":"max-image-preview:large","max-video-preview":"max-video-preview:-1"},"canonical":"https:\/\/continuom.fr\/de\/allgemeine-geschaftsbedingungen\/","og_locale":"de_DE","og_type":"article","og_title":"Conditions G\u00e9n\u00e9rales de vente - Continuom - Immunity +","og_description":"Conditions G\u00e9n\u00e9rales de Vente (CGV) 1. Soci\u00e9t\u00e9 Les pr\u00e9sentes Conditions G\u00e9n\u00e9rales de Vente (CGV) sont propos\u00e9es par la soci\u00e9t\u00e9 EXPLENIUM CONSULTING, enregistr\u00e9e sous le num\u00e9ro 853 055 747 au RCS de Nanterre, dont le si\u00e8ge social est situ\u00e9 au 15 rue des Halles, 75001 Paris. 2. Objet Les pr\u00e9sentes CGV r\u00e9gissent les ventes de compl\u00e9ments [&hellip;]","og_url":"https:\/\/continuom.fr\/de\/allgemeine-geschaftsbedingungen\/","og_site_name":"Continuom - Immunity +","article_modified_time":"2024-06-12T12:30:54+00:00","twitter_card":"summary_large_image","twitter_misc":{"Gesch\u00e4tzte Lesezeit":"3\u00a0Minuten"},"schema":{"@context":"https:\/\/schema.org","@graph":[{"@type":"WebPage","@id":"https:\/\/continuom.fr\/conditions-generales-de-vente\/","url":"https:\/\/continuom.fr\/conditions-generales-de-vente\/","name":"Allgemeine Gesch\u00e4ftsbedingungen - Continuom - Immunity +","isPartOf":{"@id":"https:\/\/continuom.fr\/#website"},"datePublished":"2024-06-12T12:29:52+00:00","dateModified":"2024-06-12T12:30:54+00:00","breadcrumb":{"@id":"https:\/\/continuom.fr\/conditions-generales-de-vente\/#breadcrumb"},"inLanguage":"de","potentialAction":[{"@type":"ReadAction","target":["https:\/\/continuom.fr\/conditions-generales-de-vente\/"]}]},{"@type":"BreadcrumbList","@id":"https:\/\/continuom.fr\/conditions-generales-de-vente\/#breadcrumb","itemListElement":[{"@type":"ListItem","position":1,"name":"Accueil","item":"https:\/\/continuom.fr\/"},{"@type":"ListItem","position":2,"name":"Conditions G\u00e9n\u00e9rales de vente"}]},{"@type":"WebSite","@id":"https:\/\/continuom.fr\/#website","url":"https:\/\/continuom.fr\/","name":"Continuom - Immunit\u00e4t +","description":"Boostet Ihr Immunsystem","publisher":{"@id":"https:\/\/continuom.fr\/#organization"},"potentialAction":[{"@type":"SearchAction","target":{"@type":"EntryPoint","urlTemplate":"https:\/\/continuom.fr\/?s={search_term_string}"},"query-input":{"@type":"PropertyValueSpecification","valueRequired":true,"valueName":"search_term_string"}}],"inLanguage":"de"},{"@type":"Organization","@id":"https:\/\/continuom.fr\/#organization","name":"Continuom - Immunit\u00e4t +","url":"https:\/\/continuom.fr\/","logo":{"@type":"ImageObject","inLanguage":"de","@id":"https:\/\/continuom.fr\/#\/schema\/logo\/image\/","url":"https:\/\/continuom.fr\/wp-content\/uploads\/2024\/04\/Logo.png","contentUrl":"https:\/\/continuom.fr\/wp-content\/uploads\/2024\/04\/Logo.png","width":199,"height":52,"caption":"Continuom - Immunity +"},"image":{"@id":"https:\/\/continuom.fr\/#\/schema\/logo\/image\/"}}]}},"jetpack_sharing_enabled":true,"_links":{"self":[{"href":"https:\/\/continuom.fr\/de\/wp-json\/wp\/v2\/pages\/1630","targetHints":{"allow":["GET"]}}],"collection":[{"href":"https:\/\/continuom.fr\/de\/wp-json\/wp\/v2\/pages"}],"about":[{"href":"https:\/\/continuom.fr\/de\/wp-json\/wp\/v2\/types\/page"}],"author":[{"embeddable":true,"href":"https:\/\/continuom.fr\/de\/wp-json\/wp\/v2\/users\/1"}],"replies":[{"embeddable":true,"href":"https:\/\/continuom.fr\/de\/wp-json\/wp\/v2\/comments?post=1630"}],"version-history":[{"count":5,"href":"https:\/\/continuom.fr\/de\/wp-json\/wp\/v2\/pages\/1630\/revisions"}],"predecessor-version":[{"id":1635,"href":"https:\/\/continuom.fr\/de\/wp-json\/wp\/v2\/pages\/1630\/revisions\/1635"}],"wp:attachment":[{"href":"https:\/\/continuom.fr\/de\/wp-json\/wp\/v2\/media?parent=1630"}],"curies":[{"name":"wp","href":"https:\/\/api.w.org\/{rel}","templated":true}]}}