{"id":848,"date":"2024-03-29T08:28:55","date_gmt":"2024-03-29T08:28:55","guid":{"rendered":"https:\/\/continuom.fr\/?post_type=product&#038;p=848"},"modified":"2024-10-28T15:51:40","modified_gmt":"2024-10-28T15:51:40","slug":"immunitatsangebot-2-monats-kur","status":"publish","type":"product","link":"https:\/\/continuom.fr\/de\/product\/immunitatsangebot-2-monats-kur\/","title":{"rendered":"IMMUNIT\u00c4TSANGEBOT + 2-MONATS-KUR"},"content":{"rendered":"","protected":false},"excerpt":{"rendered":"<p>IMMUNITY+, Ihr Nahrungserg\u00e4nzungsmittel auf der Basis von nat\u00fcrlichem Acerola 100%. Mit einer schnellen und k\u00f6stlichen Geste verbreitet es seine Wirkung effektiv und sofort, wenn Sie es unter der Zunge zergehen lassen.<\/p>\n<p>Der feine Acerolageschmack wird Ihre Geschmacksnerven begeistern und gleichzeitig Fitness, Gesundheit und Wohlbefinden den ganzen Tag \u00fcber in Einklang bringen.<\/p>\n<p>IMMUNITY+ ist Ihr Schweizer Taschenmesser unter den Nahrungserg\u00e4nzungsmitteln. Vergessen Sie alle zuvor gekauften Vitamin-C-Produkte. Seine Leistung ist unvergleichlich.<\/p>","protected":false},"featured_media":1765,"comment_status":"open","ping_status":"closed","template":"","meta":{"_monsterinsights_skip_tracking":false,"_monsterinsights_sitenote_active":false,"_monsterinsights_sitenote_note":"","_monsterinsights_sitenote_category":0},"product_brand":[],"product_cat":[19,20,21],"product_tag":[],"class_list":{"0":"post-848","1":"product","2":"type-product","3":"status-publish","4":"has-post-thumbnail","6":"product_cat-continuom","7":"product_cat-immunite","8":"product_cat-supplement","10":"first","11":"instock","12":"sale","13":"taxable","14":"shipping-taxable","15":"purchasable","16":"product-type-simple"},"yoast_head":"<!-- This site is optimized with the Yoast SEO plugin v27.4 - https:\/\/yoast.com\/product\/yoast-seo-wordpress\/ -->\n<title>OFFRE IMMUNITY + CURE DE 2 MOIS - Continuom - Immunity +<\/title>\n<meta name=\"robots\" content=\"index, follow, max-snippet:-1, max-image-preview:large, max-video-preview:-1\" \/>\n<link rel=\"canonical\" href=\"https:\/\/continuom.fr\/de\/product\/immunitatsangebot-2-monats-kur\/\" \/>\n<meta property=\"og:locale\" content=\"de_DE\" \/>\n<meta property=\"og:type\" content=\"article\" \/>\n<meta property=\"og:title\" content=\"OFFRE IMMUNITY + CURE DE 2 MOIS - Continuom - Immunity +\" \/>\n<meta property=\"og:description\" content=\"IMMUNITY+, votre compl\u00e9ment alimentaire \u00e0 base d\u2019ac\u00e9rola 100% naturelle. En un geste rapide et d\u00e9licieux, il diffuse ses effets de mani\u00e8re efficace et Instantan\u00e9e lorsque vous le laissez fondre sous la langue.  Son go\u00fbt subtil d\u2019ac\u00e9rola \u00e9merveillera vos papilles tout en conciliant forme, sant\u00e9 et bien \u00eatre tout au long de la journ\u00e9e.  IMMUNITY+ est votre couteau Suisse du compl\u00e9ment alimentaire. Oubliez toutes les vitamines C achet\u00e9es auparavant. Ses performances sont incomparables.\" \/>\n<meta property=\"og:url\" content=\"https:\/\/continuom.fr\/de\/product\/immunitatsangebot-2-monats-kur\/\" \/>\n<meta property=\"og:site_name\" content=\"Continuom - Immunity +\" \/>\n<meta property=\"article:modified_time\" content=\"2024-10-28T15:51:40+00:00\" \/>\n<meta property=\"og:image\" content=\"https:\/\/continuom.fr\/wp-content\/uploads\/2024\/03\/boites2.png\" \/>\n\t<meta property=\"og:image:width\" content=\"592\" \/>\n\t<meta property=\"og:image:height\" content=\"592\" \/>\n\t<meta property=\"og:image:type\" content=\"image\/png\" \/>\n<meta name=\"twitter:card\" content=\"summary_large_image\" \/>\n<meta name=\"twitter:label1\" content=\"Gesch\u00e4tzte Lesezeit\" \/>\n\t<meta name=\"twitter:data1\" content=\"1\u00a0Minute\" \/>\n<script type=\"application\/ld+json\" class=\"yoast-schema-graph\">{\"@context\":\"https:\\\/\\\/schema.org\",\"@graph\":[{\"@type\":\"WebPage\",\"@id\":\"https:\\\/\\\/continuom.fr\\\/product\\\/offre-immunity-cure-de-2-mois\\\/\",\"url\":\"https:\\\/\\\/continuom.fr\\\/product\\\/offre-immunity-cure-de-2-mois\\\/\",\"name\":\"OFFRE IMMUNITY + CURE DE 2 MOIS - Continuom - Immunity +\",\"isPartOf\":{\"@id\":\"https:\\\/\\\/continuom.fr\\\/#website\"},\"primaryImageOfPage\":{\"@id\":\"https:\\\/\\\/continuom.fr\\\/product\\\/offre-immunity-cure-de-2-mois\\\/#primaryimage\"},\"image\":{\"@id\":\"https:\\\/\\\/continuom.fr\\\/product\\\/offre-immunity-cure-de-2-mois\\\/#primaryimage\"},\"thumbnailUrl\":\"https:\\\/\\\/continuom.fr\\\/wp-content\\\/uploads\\\/2024\\\/03\\\/boites2.png\",\"datePublished\":\"2024-03-29T08:28:55+00:00\",\"dateModified\":\"2024-10-28T15:51:40+00:00\",\"breadcrumb\":{\"@id\":\"https:\\\/\\\/continuom.fr\\\/product\\\/offre-immunity-cure-de-2-mois\\\/#breadcrumb\"},\"inLanguage\":\"de\",\"potentialAction\":[{\"@type\":\"ReadAction\",\"target\":[\"https:\\\/\\\/continuom.fr\\\/product\\\/offre-immunity-cure-de-2-mois\\\/\"]}]},{\"@type\":\"ImageObject\",\"inLanguage\":\"de\",\"@id\":\"https:\\\/\\\/continuom.fr\\\/product\\\/offre-immunity-cure-de-2-mois\\\/#primaryimage\",\"url\":\"https:\\\/\\\/continuom.fr\\\/wp-content\\\/uploads\\\/2024\\\/03\\\/boites2.png\",\"contentUrl\":\"https:\\\/\\\/continuom.fr\\\/wp-content\\\/uploads\\\/2024\\\/03\\\/boites2.png\",\"width\":592,\"height\":592},{\"@type\":\"BreadcrumbList\",\"@id\":\"https:\\\/\\\/continuom.fr\\\/product\\\/offre-immunity-cure-de-2-mois\\\/#breadcrumb\",\"itemListElement\":[{\"@type\":\"ListItem\",\"position\":1,\"name\":\"Accueil\",\"item\":\"https:\\\/\\\/continuom.fr\\\/\"},{\"@type\":\"ListItem\",\"position\":2,\"name\":\"Shop\",\"item\":\"https:\\\/\\\/continuom.fr\\\/shop\\\/\"},{\"@type\":\"ListItem\",\"position\":3,\"name\":\"OFFRE IMMUNITY + CURE DE 2 MOIS\"}]},{\"@type\":\"WebSite\",\"@id\":\"https:\\\/\\\/continuom.fr\\\/#website\",\"url\":\"https:\\\/\\\/continuom.fr\\\/\",\"name\":\"Continuom - Immunity +\",\"description\":\"Boost votre syst&egrave;me immunitaire\",\"publisher\":{\"@id\":\"https:\\\/\\\/continuom.fr\\\/#organization\"},\"potentialAction\":[{\"@type\":\"SearchAction\",\"target\":{\"@type\":\"EntryPoint\",\"urlTemplate\":\"https:\\\/\\\/continuom.fr\\\/?s={search_term_string}\"},\"query-input\":{\"@type\":\"PropertyValueSpecification\",\"valueRequired\":true,\"valueName\":\"search_term_string\"}}],\"inLanguage\":\"de\"},{\"@type\":\"Organization\",\"@id\":\"https:\\\/\\\/continuom.fr\\\/#organization\",\"name\":\"Continuom - Immunity +\",\"url\":\"https:\\\/\\\/continuom.fr\\\/\",\"logo\":{\"@type\":\"ImageObject\",\"inLanguage\":\"de\",\"@id\":\"https:\\\/\\\/continuom.fr\\\/#\\\/schema\\\/logo\\\/image\\\/\",\"url\":\"https:\\\/\\\/continuom.fr\\\/wp-content\\\/uploads\\\/2024\\\/04\\\/Logo.png\",\"contentUrl\":\"https:\\\/\\\/continuom.fr\\\/wp-content\\\/uploads\\\/2024\\\/04\\\/Logo.png\",\"width\":199,\"height\":52,\"caption\":\"Continuom - Immunity +\"},\"image\":{\"@id\":\"https:\\\/\\\/continuom.fr\\\/#\\\/schema\\\/logo\\\/image\\\/\"}}]}<\/script>\n<!-- \/ Yoast SEO plugin. -->","yoast_head_json":{"title":"ANGEBOT IMMUNITY + 2-Monats-KUR - Continuom - Immunity +","robots":{"index":"index","follow":"follow","max-snippet":"max-snippet:-1","max-image-preview":"max-image-preview:large","max-video-preview":"max-video-preview:-1"},"canonical":"https:\/\/continuom.fr\/de\/product\/immunitatsangebot-2-monats-kur\/","og_locale":"de_DE","og_type":"article","og_title":"OFFRE IMMUNITY + CURE DE 2 MOIS - Continuom - Immunity +","og_description":"IMMUNITY+, votre compl\u00e9ment alimentaire \u00e0 base d\u2019ac\u00e9rola 100% naturelle. En un geste rapide et d\u00e9licieux, il diffuse ses effets de mani\u00e8re efficace et Instantan\u00e9e lorsque vous le laissez fondre sous la langue.  Son go\u00fbt subtil d\u2019ac\u00e9rola \u00e9merveillera vos papilles tout en conciliant forme, sant\u00e9 et bien \u00eatre tout au long de la journ\u00e9e.  IMMUNITY+ est votre couteau Suisse du compl\u00e9ment alimentaire. Oubliez toutes les vitamines C achet\u00e9es auparavant. Ses performances sont incomparables.","og_url":"https:\/\/continuom.fr\/de\/product\/immunitatsangebot-2-monats-kur\/","og_site_name":"Continuom - Immunity +","article_modified_time":"2024-10-28T15:51:40+00:00","og_image":[{"width":592,"height":592,"url":"https:\/\/continuom.fr\/wp-content\/uploads\/2024\/03\/boites2.png","type":"image\/png"}],"twitter_card":"summary_large_image","twitter_misc":{"Gesch\u00e4tzte Lesezeit":"1\u00a0Minute"},"schema":{"@context":"https:\/\/schema.org","@graph":[{"@type":"WebPage","@id":"https:\/\/continuom.fr\/product\/offre-immunity-cure-de-2-mois\/","url":"https:\/\/continuom.fr\/product\/offre-immunity-cure-de-2-mois\/","name":"ANGEBOT IMMUNITY + 2-Monats-KUR - Continuom - Immunity +","isPartOf":{"@id":"https:\/\/continuom.fr\/#website"},"primaryImageOfPage":{"@id":"https:\/\/continuom.fr\/product\/offre-immunity-cure-de-2-mois\/#primaryimage"},"image":{"@id":"https:\/\/continuom.fr\/product\/offre-immunity-cure-de-2-mois\/#primaryimage"},"thumbnailUrl":"https:\/\/continuom.fr\/wp-content\/uploads\/2024\/03\/boites2.png","datePublished":"2024-03-29T08:28:55+00:00","dateModified":"2024-10-28T15:51:40+00:00","breadcrumb":{"@id":"https:\/\/continuom.fr\/product\/offre-immunity-cure-de-2-mois\/#breadcrumb"},"inLanguage":"de","potentialAction":[{"@type":"ReadAction","target":["https:\/\/continuom.fr\/product\/offre-immunity-cure-de-2-mois\/"]}]},{"@type":"ImageObject","inLanguage":"de","@id":"https:\/\/continuom.fr\/product\/offre-immunity-cure-de-2-mois\/#primaryimage","url":"https:\/\/continuom.fr\/wp-content\/uploads\/2024\/03\/boites2.png","contentUrl":"https:\/\/continuom.fr\/wp-content\/uploads\/2024\/03\/boites2.png","width":592,"height":592},{"@type":"BreadcrumbList","@id":"https:\/\/continuom.fr\/product\/offre-immunity-cure-de-2-mois\/#breadcrumb","itemListElement":[{"@type":"ListItem","position":1,"name":"Accueil","item":"https:\/\/continuom.fr\/"},{"@type":"ListItem","position":2,"name":"Shop","item":"https:\/\/continuom.fr\/shop\/"},{"@type":"ListItem","position":3,"name":"OFFRE IMMUNITY + CURE DE 2 MOIS"}]},{"@type":"WebSite","@id":"https:\/\/continuom.fr\/#website","url":"https:\/\/continuom.fr\/","name":"Continuom - Immunit\u00e4t +","description":"Boostet Ihr Immunsystem","publisher":{"@id":"https:\/\/continuom.fr\/#organization"},"potentialAction":[{"@type":"SearchAction","target":{"@type":"EntryPoint","urlTemplate":"https:\/\/continuom.fr\/?s={search_term_string}"},"query-input":{"@type":"PropertyValueSpecification","valueRequired":true,"valueName":"search_term_string"}}],"inLanguage":"de"},{"@type":"Organization","@id":"https:\/\/continuom.fr\/#organization","name":"Continuom - Immunit\u00e4t +","url":"https:\/\/continuom.fr\/","logo":{"@type":"ImageObject","inLanguage":"de","@id":"https:\/\/continuom.fr\/#\/schema\/logo\/image\/","url":"https:\/\/continuom.fr\/wp-content\/uploads\/2024\/04\/Logo.png","contentUrl":"https:\/\/continuom.fr\/wp-content\/uploads\/2024\/04\/Logo.png","width":199,"height":52,"caption":"Continuom - Immunity +"},"image":{"@id":"https:\/\/continuom.fr\/#\/schema\/logo\/image\/"}}]}},"jetpack_sharing_enabled":true,"_links":{"self":[{"href":"https:\/\/continuom.fr\/de\/wp-json\/wp\/v2\/product\/848","targetHints":{"allow":["GET"]}}],"collection":[{"href":"https:\/\/continuom.fr\/de\/wp-json\/wp\/v2\/product"}],"about":[{"href":"https:\/\/continuom.fr\/de\/wp-json\/wp\/v2\/types\/product"}],"replies":[{"embeddable":true,"href":"https:\/\/continuom.fr\/de\/wp-json\/wp\/v2\/comments?post=848"}],"version-history":[{"count":1,"href":"https:\/\/continuom.fr\/de\/wp-json\/wp\/v2\/product\/848\/revisions"}],"predecessor-version":[{"id":850,"href":"https:\/\/continuom.fr\/de\/wp-json\/wp\/v2\/product\/848\/revisions\/850"}],"wp:featuredmedia":[{"embeddable":true,"href":"https:\/\/continuom.fr\/de\/wp-json\/wp\/v2\/media\/1765"}],"wp:attachment":[{"href":"https:\/\/continuom.fr\/de\/wp-json\/wp\/v2\/media?parent=848"}],"wp:term":[{"taxonomy":"product_brand","embeddable":true,"href":"https:\/\/continuom.fr\/de\/wp-json\/wp\/v2\/product_brand?post=848"},{"taxonomy":"product_cat","embeddable":true,"href":"https:\/\/continuom.fr\/de\/wp-json\/wp\/v2\/product_cat?post=848"},{"taxonomy":"product_tag","embeddable":true,"href":"https:\/\/continuom.fr\/de\/wp-json\/wp\/v2\/product_tag?post=848"}],"curies":[{"name":"wp","href":"https:\/\/api.w.org\/{rel}","templated":true}]}}