{"id":1539,"date":"2024-04-29T09:03:09","date_gmt":"2024-04-29T09:03:09","guid":{"rendered":"https:\/\/continuom.fr\/?page_id=1539"},"modified":"2024-10-27T13:20:35","modified_gmt":"2024-10-27T13:20:35","slug":"technology","status":"publish","type":"page","link":"https:\/\/continuom.fr\/en\/technology\/","title":{"rendered":"Our technology"},"content":{"rendered":"<div data-elementor-type=\"wp-page\" data-elementor-id=\"1539\" class=\"elementor elementor-1539\" data-elementor-post-type=\"page\">\n\t\t\t\t\t\t<section class=\"elementor-section elementor-top-section elementor-element elementor-element-497b448 elementor-section-height-min-height elementor-section-boxed elementor-section-height-default elementor-section-items-middle\" data-id=\"497b448\" data-element_type=\"section\" data-e-type=\"section\" data-settings=\"{&quot;background_background&quot;:&quot;classic&quot;}\">\n\t\t\t\t\t\t\t<div class=\"elementor-background-overlay\"><\/div>\n\t\t\t\t\t\t\t<div class=\"elementor-container elementor-column-gap-default\">\n\t\t\t\t\t<div class=\"elementor-column elementor-col-100 elementor-top-column elementor-element elementor-element-1d97ef3\" data-id=\"1d97ef3\" data-element_type=\"column\" data-e-type=\"column\">\n\t\t\t<div class=\"elementor-widget-wrap elementor-element-populated\">\n\t\t\t\t\t\t<div class=\"elementor-element elementor-element-7a7c685 elementor-widget elementor-widget-heading\" data-id=\"7a7c685\" data-element_type=\"widget\" data-e-type=\"widget\" data-widget_type=\"heading.default\">\n\t\t\t\t<div class=\"elementor-widget-container\">\n\t\t\t\t\t<h1 class=\"elementor-heading-title elementor-size-default\">OUR TECHNOLOGY<\/h1>\t\t\t\t<\/div>\n\t\t\t\t<\/div>\n\t\t\t\t\t<\/div>\n\t\t<\/div>\n\t\t\t\t\t<\/div>\n\t\t<\/section>\n\t\t\t\t<section class=\"elementor-section elementor-top-section elementor-element elementor-element-ea07f5c elementor-section-content-middle elementor-section-boxed elementor-section-height-default elementor-section-height-default\" data-id=\"ea07f5c\" data-element_type=\"section\" data-e-type=\"section\">\n\t\t\t\t\t\t<div class=\"elementor-container elementor-column-gap-default\">\n\t\t\t\t\t<div class=\"elementor-column elementor-col-50 elementor-top-column elementor-element elementor-element-c99f341\" data-id=\"c99f341\" data-element_type=\"column\" data-e-type=\"column\">\n\t\t\t<div class=\"elementor-widget-wrap elementor-element-populated\">\n\t\t\t\t\t\t<div class=\"elementor-element elementor-element-1998aa7 elementor-widget__width-auto elementor-absolute elementor-widget elementor-widget-image\" data-id=\"1998aa7\" data-element_type=\"widget\" data-e-type=\"widget\" data-settings=\"{&quot;_position&quot;:&quot;absolute&quot;}\" data-widget_type=\"image.default\">\n\t\t\t\t<div class=\"elementor-widget-container\">\n\t\t\t\t\t\t\t\t\t\t\t\t\t\t\t<img decoding=\"async\" width=\"121\" height=\"121\" src=\"https:\/\/continuom.fr\/wp-content\/uploads\/2024\/03\/Mask-group-8.png\" class=\"attachment-large size-large wp-image-259\" alt=\"\" srcset=\"https:\/\/continuom.fr\/wp-content\/uploads\/2024\/03\/Mask-group-8.png 121w, https:\/\/continuom.fr\/wp-content\/uploads\/2024\/03\/Mask-group-8-100x100.png 100w\" sizes=\"(max-width: 121px) 100vw, 121px\" \/>\t\t\t\t\t\t\t\t\t\t\t\t\t\t\t<\/div>\n\t\t\t\t<\/div>\n\t\t\t\t<div class=\"elementor-element elementor-element-6f6a3f7 elementor-widget elementor-widget-image\" data-id=\"6f6a3f7\" data-element_type=\"widget\" data-e-type=\"widget\" data-widget_type=\"image.default\">\n\t\t\t\t<div class=\"elementor-widget-container\">\n\t\t\t\t\t\t\t\t\t\t\t\t\t\t\t<img fetchpriority=\"high\" decoding=\"async\" width=\"665\" height=\"1024\" src=\"https:\/\/continuom.fr\/wp-content\/uploads\/2024\/10\/berries-of-acerola-665x1024.jpg\" class=\"attachment-large size-large wp-image-1791\" alt=\"berries of acerola\" srcset=\"https:\/\/continuom.fr\/wp-content\/uploads\/2024\/10\/berries-of-acerola-665x1024.jpg 665w, https:\/\/continuom.fr\/wp-content\/uploads\/2024\/10\/berries-of-acerola-195x300.jpg 195w, https:\/\/continuom.fr\/wp-content\/uploads\/2024\/10\/berries-of-acerola-768x1183.jpg 768w, https:\/\/continuom.fr\/wp-content\/uploads\/2024\/10\/berries-of-acerola-997x1536.jpg 997w, https:\/\/continuom.fr\/wp-content\/uploads\/2024\/10\/berries-of-acerola-60x92.jpg 60w, https:\/\/continuom.fr\/wp-content\/uploads\/2024\/10\/berries-of-acerola-110x169.jpg 110w, https:\/\/continuom.fr\/wp-content\/uploads\/2024\/10\/berries-of-acerola-600x924.jpg 600w, https:\/\/continuom.fr\/wp-content\/uploads\/2024\/10\/berries-of-acerola.jpg 1080w\" sizes=\"(max-width: 665px) 100vw, 665px\" \/>\t\t\t\t\t\t\t\t\t\t\t\t\t\t\t<\/div>\n\t\t\t\t<\/div>\n\t\t\t\t\t<\/div>\n\t\t<\/div>\n\t\t\t\t<div class=\"elementor-column elementor-col-50 elementor-top-column elementor-element elementor-element-1b9800d\" data-id=\"1b9800d\" data-element_type=\"column\" data-e-type=\"column\">\n\t\t\t<div class=\"elementor-widget-wrap elementor-element-populated\">\n\t\t\t\t\t\t<div class=\"elementor-element elementor-element-38f4d49 elementor-widget elementor-widget-heading\" data-id=\"38f4d49\" data-element_type=\"widget\" data-e-type=\"widget\" data-widget_type=\"heading.default\">\n\t\t\t\t<div class=\"elementor-widget-container\">\n\t\t\t\t\t<h2 class=\"elementor-heading-title elementor-size-default\">Discover the technology behind our acerola supplement<\/h2>\t\t\t\t<\/div>\n\t\t\t\t<\/div>\n\t\t\t\t<div class=\"elementor-element elementor-element-c800eec elementor-widget elementor-widget-text-editor\" data-id=\"c800eec\" data-element_type=\"widget\" data-e-type=\"widget\" data-widget_type=\"text-editor.default\">\n\t\t\t\t<div class=\"elementor-widget-container\">\n\t\t\t\t\t\t\t\t\t<p>In a world where health and well-being have become paramount, we are proud to present our revolutionary innovation: a bio-activated acerola dietary supplement. Thanks to a unique bio-activation process using vibratory fields, we have succeeded in multiplying tenfold the natural properties of acerola, a fruit already renowned for its richness in essential nutrients. This cutting-edge technology not only simplifies the assimilation of vitamins and minerals by your body, it also makes them more effective, paving the way for optimal health.<br \/><br \/>Our commitment to naturalness and efficacy is evident in every capsule, ensuring that you benefit not only from a pure source of vitamin C, but also from a full spectrum of vitamins A and B, essential for cell renewal, vision, and immune system support. This text will guide you through how our bio-activation technology works, and how it can help improve your overall health and well-being.<\/p>\t\t\t\t\t\t\t\t<\/div>\n\t\t\t\t<\/div>\n\t\t\t\t\t<\/div>\n\t\t<\/div>\n\t\t\t\t\t<\/div>\n\t\t<\/section>\n\t\t\t\t<section class=\"elementor-section elementor-top-section elementor-element elementor-element-eceb6ce elementor-reverse-tablet elementor-reverse-mobile elementor-section-content-middle elementor-section-boxed elementor-section-height-default elementor-section-height-default\" data-id=\"eceb6ce\" data-element_type=\"section\" data-e-type=\"section\">\n\t\t\t\t\t\t<div class=\"elementor-container elementor-column-gap-default\">\n\t\t\t\t\t<div class=\"elementor-column elementor-col-50 elementor-top-column elementor-element elementor-element-33be09a\" data-id=\"33be09a\" data-element_type=\"column\" data-e-type=\"column\">\n\t\t\t<div class=\"elementor-widget-wrap elementor-element-populated\">\n\t\t\t\t\t\t<div class=\"elementor-element elementor-element-ac92d81 elementor-widget elementor-widget-heading\" data-id=\"ac92d81\" data-element_type=\"widget\" data-e-type=\"widget\" data-widget_type=\"heading.default\">\n\t\t\t\t<div class=\"elementor-widget-container\">\n\t\t\t\t\t<h2 class=\"elementor-heading-title elementor-size-default\">Key benefits of our bio-activated acerola<\/h2>\t\t\t\t<\/div>\n\t\t\t\t<\/div>\n\t\t\t\t<div class=\"elementor-element elementor-element-0343be5 elementor-widget elementor-widget-text-editor\" data-id=\"0343be5\" data-element_type=\"widget\" data-e-type=\"widget\" data-widget_type=\"text-editor.default\">\n\t\t\t\t<div class=\"elementor-widget-container\">\n\t\t\t\t\t\t\t\t\t<p>Our bio-activated acerola supplement is designed to maximize the benefits of this superfruit, making its natural properties even more effective for your health. Here's a detailed overview of the key benefits our product provides:<\/p><h4>Boosting the immune system<\/h4><p>One of the most crucial roles of vitamin C, abundantly present in our bio-activated acerola, is to support and strengthen the immune system. It helps stimulate the production of white blood cells, which are essential for fighting infections and viruses. What's more, as a powerful antioxidant, vitamin C helps protect cells from free radical damage, reducing inflammation and boosting the body's immune response.<\/p><h4>Skin health and protection<\/h4><p>Vitamin C is also renowned for its ability to maintain skin integrity. By promoting collagen synthesis, it helps skin retain its firmness and elasticity, reducing the signs of aging. What's more, as an antioxidant, it protects the skin against environmental damage, such as that caused by UV rays or pollution, acting as a protective shield against external toxins.<\/p><h4>Support for general well-being<\/h4><p>In addition to vitamin C, our bio-activated acerola contains vitamins A and B, which play fundamental roles in maintaining overall health. Vitamin A is essential for good vision and skin cell renewal, while group B vitamins promote good energy health, supporting metabolism and helping to form new blood cells. Together, these vitamins support various aspects of your health, from the nervous system to the immune system, from mental health to the prevention of chronic disease.<\/p><p>These benefits demonstrate how our bio-activated acerola can be a valuable part of your daily health regime, helping you to stay healthy and vibrant the natural way.<\/p>\t\t\t\t\t\t\t\t<\/div>\n\t\t\t\t<\/div>\n\t\t\t\t\t<\/div>\n\t\t<\/div>\n\t\t\t\t<div class=\"elementor-column elementor-col-50 elementor-top-column elementor-element elementor-element-5ff0f67\" data-id=\"5ff0f67\" data-element_type=\"column\" data-e-type=\"column\">\n\t\t\t<div class=\"elementor-widget-wrap elementor-element-populated\">\n\t\t\t\t\t\t<div class=\"elementor-element elementor-element-7227fb8 elementor-widget__width-auto elementor-absolute elementor-widget elementor-widget-image\" data-id=\"7227fb8\" data-element_type=\"widget\" data-e-type=\"widget\" data-settings=\"{&quot;_position&quot;:&quot;absolute&quot;}\" data-widget_type=\"image.default\">\n\t\t\t\t<div class=\"elementor-widget-container\">\n\t\t\t\t\t\t\t\t\t\t\t\t\t\t\t<img decoding=\"async\" width=\"121\" height=\"121\" src=\"https:\/\/continuom.fr\/wp-content\/uploads\/2024\/03\/Mask-group-8.png\" class=\"attachment-large size-large wp-image-259\" alt=\"\" srcset=\"https:\/\/continuom.fr\/wp-content\/uploads\/2024\/03\/Mask-group-8.png 121w, https:\/\/continuom.fr\/wp-content\/uploads\/2024\/03\/Mask-group-8-100x100.png 100w\" sizes=\"(max-width: 121px) 100vw, 121px\" \/>\t\t\t\t\t\t\t\t\t\t\t\t\t\t\t<\/div>\n\t\t\t\t<\/div>\n\t\t\t\t<div class=\"elementor-element elementor-element-95b72d7 elementor-widget elementor-widget-image\" data-id=\"95b72d7\" data-element_type=\"widget\" data-e-type=\"widget\" data-widget_type=\"image.default\">\n\t\t\t\t<div class=\"elementor-widget-container\">\n\t\t\t\t\t\t\t\t\t\t\t\t\t\t\t<img decoding=\"async\" width=\"800\" height=\"452\" src=\"https:\/\/continuom.fr\/wp-content\/uploads\/2024\/04\/continuom_about_page_img_03-1024x578.jpg\" class=\"attachment-large size-large wp-image-1557\" alt=\"\" srcset=\"https:\/\/continuom.fr\/wp-content\/uploads\/2024\/04\/continuom_about_page_img_03-1024x578.jpg 1024w, https:\/\/continuom.fr\/wp-content\/uploads\/2024\/04\/continuom_about_page_img_03-300x169.jpg 300w, https:\/\/continuom.fr\/wp-content\/uploads\/2024\/04\/continuom_about_page_img_03-768x434.jpg 768w, https:\/\/continuom.fr\/wp-content\/uploads\/2024\/04\/continuom_about_page_img_03-600x339.jpg 600w, https:\/\/continuom.fr\/wp-content\/uploads\/2024\/04\/continuom_about_page_img_03.jpg 1133w\" sizes=\"(max-width: 800px) 100vw, 800px\" \/>\t\t\t\t\t\t\t\t\t\t\t\t\t\t\t<\/div>\n\t\t\t\t<\/div>\n\t\t\t\t\t<\/div>\n\t\t<\/div>\n\t\t\t\t\t<\/div>\n\t\t<\/section>\n\t\t\t\t<section class=\"elementor-section elementor-top-section elementor-element elementor-element-590219c elementor-section-boxed elementor-section-height-default elementor-section-height-default\" data-id=\"590219c\" data-element_type=\"section\" data-e-type=\"section\" data-settings=\"{&quot;background_background&quot;:&quot;classic&quot;}\">\n\t\t\t\t\t\t<div class=\"elementor-container elementor-column-gap-default\">\n\t\t\t\t\t<div class=\"elementor-column elementor-col-50 elementor-top-column elementor-element elementor-element-5a272ad\" data-id=\"5a272ad\" data-element_type=\"column\" data-e-type=\"column\">\n\t\t\t<div class=\"elementor-widget-wrap elementor-element-populated\">\n\t\t\t\t\t\t<div class=\"elementor-element elementor-element-4b1eac9 elementor-widget__width-auto elementor-widget elementor-widget-heading\" data-id=\"4b1eac9\" data-element_type=\"widget\" data-e-type=\"widget\" data-widget_type=\"heading.default\">\n\t\t\t\t<div class=\"elementor-widget-container\">\n\t\t\t\t\t<span class=\"elementor-heading-title elementor-size-default\">Our Promise<\/span>\t\t\t\t<\/div>\n\t\t\t\t<\/div>\n\t\t\t\t<div class=\"elementor-element elementor-element-496e5d1 elementor-widget elementor-widget-heading\" data-id=\"496e5d1\" data-element_type=\"widget\" data-e-type=\"widget\" data-widget_type=\"heading.default\">\n\t\t\t\t<div class=\"elementor-widget-container\">\n\t\t\t\t\t<h2 class=\"elementor-heading-title elementor-size-default\">A commitment to excellence<\/h2>\t\t\t\t<\/div>\n\t\t\t\t<\/div>\n\t\t\t\t<div class=\"elementor-element elementor-element-a72ebb3 elementor-widget elementor-widget-text-editor\" data-id=\"a72ebb3\" data-element_type=\"widget\" data-e-type=\"widget\" data-widget_type=\"text-editor.default\">\n\t\t\t\t<div class=\"elementor-widget-container\">\n\t\t\t\t\t\t\t\t\t<p>At Continuom, we are committed to your total satisfaction. Our customer service team is available to answer all your questions and help you choose the product best suited to your needs.<\/p><p><span style=\"color: var( --e-global-color-text ); font-family: var( --e-global-typography-text-font-family ), Sans-serif; font-size: var( --e-global-typography-text-font-size ); font-weight: var( --e-global-typography-text-font-weight );\">With fast delivery and secure payment, we make sure your experience with Continuom is as pleasant and efficient as possible.\u00a0<\/span><\/p>\t\t\t\t\t\t\t\t<\/div>\n\t\t\t\t<\/div>\n\t\t\t\t<div class=\"elementor-element elementor-element-78a76b2 elementor-tablet-align-center elementor-widget elementor-widget-button\" data-id=\"78a76b2\" data-element_type=\"widget\" data-e-type=\"widget\" data-widget_type=\"button.default\">\n\t\t\t\t<div class=\"elementor-widget-container\">\n\t\t\t\t\t\t\t\t\t<div class=\"elementor-button-wrapper\">\n\t\t\t\t\t<a class=\"elementor-button elementor-button-link elementor-size-sm\" href=\"#\">\n\t\t\t\t\t\t<span class=\"elementor-button-content-wrapper\">\n\t\t\t\t\t\t\t\t\t<span class=\"elementor-button-text\">Buy Now<\/span>\n\t\t\t\t\t<\/span>\n\t\t\t\t\t<\/a>\n\t\t\t\t<\/div>\n\t\t\t\t\t\t\t\t<\/div>\n\t\t\t\t<\/div>\n\t\t\t\t\t<\/div>\n\t\t<\/div>\n\t\t\t\t<div class=\"elementor-column elementor-col-50 elementor-top-column elementor-element elementor-element-71d52f5\" data-id=\"71d52f5\" data-element_type=\"column\" data-e-type=\"column\">\n\t\t\t<div class=\"elementor-widget-wrap elementor-element-populated\">\n\t\t\t\t\t\t<div class=\"elementor-element elementor-element-596b3aa elementor-widget elementor-widget-image\" data-id=\"596b3aa\" data-element_type=\"widget\" data-e-type=\"widget\" data-widget_type=\"image.default\">\n\t\t\t\t<div class=\"elementor-widget-container\">\n\t\t\t\t\t\t\t\t\t\t\t\t\t\t\t<img loading=\"lazy\" decoding=\"async\" width=\"433\" height=\"580\" src=\"https:\/\/continuom.fr\/wp-content\/uploads\/2024\/04\/Girl-with-product.png\" class=\"attachment-large size-large wp-image-1220\" alt=\"\" srcset=\"https:\/\/continuom.fr\/wp-content\/uploads\/2024\/04\/Girl-with-product.png 433w, https:\/\/continuom.fr\/wp-content\/uploads\/2024\/04\/Girl-with-product-224x300.png 224w\" sizes=\"(max-width: 433px) 100vw, 433px\" \/>\t\t\t\t\t\t\t\t\t\t\t\t\t\t\t<\/div>\n\t\t\t\t<\/div>\n\t\t\t\t\t<\/div>\n\t\t<\/div>\n\t\t\t\t\t<\/div>\n\t\t<\/section>\n\t\t\t\t<\/div>","protected":false},"excerpt":{"rendered":"<p>NOTRE TECHNLOGIE D\u00e9couverte de la technologie derri\u00e8re notre compl\u00e9ment d&rsquo;ac\u00e9rola Dans un monde o\u00f9 la sant\u00e9 et le bien-\u00eatre sont devenus primordiaux, nous sommes fiers de pr\u00e9senter notre innovation r\u00e9volutionnaire : un compl\u00e9ment alimentaire d&rsquo;ac\u00e9rola bio-activ\u00e9. Gr\u00e2ce \u00e0 un processus unique de bio-activation utilisant des champs vibratoires, nous avons r\u00e9ussi \u00e0 d\u00e9cupler les propri\u00e9t\u00e9s naturelles [&hellip;]<\/p>\n","protected":false},"author":1,"featured_media":0,"parent":0,"menu_order":0,"comment_status":"closed","ping_status":"closed","template":"","meta":{"_monsterinsights_skip_tracking":false,"_monsterinsights_sitenote_active":false,"_monsterinsights_sitenote_note":"","_monsterinsights_sitenote_category":0,"footnotes":""},"class_list":["post-1539","page","type-page","status-publish","hentry"],"yoast_head":"<!-- This site is optimized with the Yoast SEO plugin v27.4 - https:\/\/yoast.com\/product\/yoast-seo-wordpress\/ -->\n<title>Notre Technologie - Continuom - Immunity +<\/title>\n<meta name=\"robots\" content=\"index, follow, max-snippet:-1, max-image-preview:large, max-video-preview:-1\" \/>\n<link rel=\"canonical\" href=\"https:\/\/continuom.fr\/en\/technology\/\" \/>\n<meta property=\"og:locale\" content=\"en_US\" \/>\n<meta property=\"og:type\" content=\"article\" \/>\n<meta property=\"og:title\" content=\"Notre Technologie - Continuom - Immunity +\" \/>\n<meta property=\"og:description\" content=\"NOTRE TECHNLOGIE D\u00e9couverte de la technologie derri\u00e8re notre compl\u00e9ment d&rsquo;ac\u00e9rola Dans un monde o\u00f9 la sant\u00e9 et le bien-\u00eatre sont devenus primordiaux, nous sommes fiers de pr\u00e9senter notre innovation r\u00e9volutionnaire : un compl\u00e9ment alimentaire d&rsquo;ac\u00e9rola bio-activ\u00e9. Gr\u00e2ce \u00e0 un processus unique de bio-activation utilisant des champs vibratoires, nous avons r\u00e9ussi \u00e0 d\u00e9cupler les propri\u00e9t\u00e9s naturelles [&hellip;]\" \/>\n<meta property=\"og:url\" content=\"https:\/\/continuom.fr\/en\/technology\/\" \/>\n<meta property=\"og:site_name\" content=\"Continuom - Immunity +\" \/>\n<meta property=\"article:modified_time\" content=\"2024-10-27T13:20:35+00:00\" \/>\n<meta property=\"og:image\" content=\"https:\/\/continuom.fr\/wp-content\/uploads\/2024\/03\/Mask-group-8.png\" \/>\n\t<meta property=\"og:image:width\" content=\"121\" \/>\n\t<meta property=\"og:image:height\" content=\"121\" \/>\n\t<meta property=\"og:image:type\" content=\"image\/png\" \/>\n<meta name=\"twitter:card\" content=\"summary_large_image\" \/>\n<meta name=\"twitter:label1\" content=\"Est. reading time\" \/>\n\t<meta name=\"twitter:data1\" content=\"4 minutes\" \/>\n<script type=\"application\/ld+json\" class=\"yoast-schema-graph\">{\"@context\":\"https:\\\/\\\/schema.org\",\"@graph\":[{\"@type\":\"WebPage\",\"@id\":\"https:\\\/\\\/continuom.fr\\\/technologie\\\/\",\"url\":\"https:\\\/\\\/continuom.fr\\\/technologie\\\/\",\"name\":\"Notre Technologie - Continuom - Immunity +\",\"isPartOf\":{\"@id\":\"https:\\\/\\\/continuom.fr\\\/#website\"},\"primaryImageOfPage\":{\"@id\":\"https:\\\/\\\/continuom.fr\\\/technologie\\\/#primaryimage\"},\"image\":{\"@id\":\"https:\\\/\\\/continuom.fr\\\/technologie\\\/#primaryimage\"},\"thumbnailUrl\":\"https:\\\/\\\/continuom.fr\\\/wp-content\\\/uploads\\\/2024\\\/03\\\/Mask-group-8.png\",\"datePublished\":\"2024-04-29T09:03:09+00:00\",\"dateModified\":\"2024-10-27T13:20:35+00:00\",\"breadcrumb\":{\"@id\":\"https:\\\/\\\/continuom.fr\\\/technologie\\\/#breadcrumb\"},\"inLanguage\":\"en-US\",\"potentialAction\":[{\"@type\":\"ReadAction\",\"target\":[\"https:\\\/\\\/continuom.fr\\\/technologie\\\/\"]}]},{\"@type\":\"ImageObject\",\"inLanguage\":\"en-US\",\"@id\":\"https:\\\/\\\/continuom.fr\\\/technologie\\\/#primaryimage\",\"url\":\"https:\\\/\\\/continuom.fr\\\/wp-content\\\/uploads\\\/2024\\\/03\\\/Mask-group-8.png\",\"contentUrl\":\"https:\\\/\\\/continuom.fr\\\/wp-content\\\/uploads\\\/2024\\\/03\\\/Mask-group-8.png\"},{\"@type\":\"BreadcrumbList\",\"@id\":\"https:\\\/\\\/continuom.fr\\\/technologie\\\/#breadcrumb\",\"itemListElement\":[{\"@type\":\"ListItem\",\"position\":1,\"name\":\"Accueil\",\"item\":\"https:\\\/\\\/continuom.fr\\\/\"},{\"@type\":\"ListItem\",\"position\":2,\"name\":\"Notre Technologie\"}]},{\"@type\":\"WebSite\",\"@id\":\"https:\\\/\\\/continuom.fr\\\/#website\",\"url\":\"https:\\\/\\\/continuom.fr\\\/\",\"name\":\"Continuom - Immunity +\",\"description\":\"Boost votre syst&egrave;me immunitaire\",\"publisher\":{\"@id\":\"https:\\\/\\\/continuom.fr\\\/#organization\"},\"potentialAction\":[{\"@type\":\"SearchAction\",\"target\":{\"@type\":\"EntryPoint\",\"urlTemplate\":\"https:\\\/\\\/continuom.fr\\\/?s={search_term_string}\"},\"query-input\":{\"@type\":\"PropertyValueSpecification\",\"valueRequired\":true,\"valueName\":\"search_term_string\"}}],\"inLanguage\":\"en-US\"},{\"@type\":\"Organization\",\"@id\":\"https:\\\/\\\/continuom.fr\\\/#organization\",\"name\":\"Continuom - Immunity +\",\"url\":\"https:\\\/\\\/continuom.fr\\\/\",\"logo\":{\"@type\":\"ImageObject\",\"inLanguage\":\"en-US\",\"@id\":\"https:\\\/\\\/continuom.fr\\\/#\\\/schema\\\/logo\\\/image\\\/\",\"url\":\"https:\\\/\\\/continuom.fr\\\/wp-content\\\/uploads\\\/2024\\\/04\\\/Logo.png\",\"contentUrl\":\"https:\\\/\\\/continuom.fr\\\/wp-content\\\/uploads\\\/2024\\\/04\\\/Logo.png\",\"width\":199,\"height\":52,\"caption\":\"Continuom - Immunity +\"},\"image\":{\"@id\":\"https:\\\/\\\/continuom.fr\\\/#\\\/schema\\\/logo\\\/image\\\/\"}}]}<\/script>\n<!-- \/ Yoast SEO plugin. -->","yoast_head_json":{"title":"Our Technology - Continuom - Immunity +","robots":{"index":"index","follow":"follow","max-snippet":"max-snippet:-1","max-image-preview":"max-image-preview:large","max-video-preview":"max-video-preview:-1"},"canonical":"https:\/\/continuom.fr\/en\/technology\/","og_locale":"en_US","og_type":"article","og_title":"Notre Technologie - Continuom - Immunity +","og_description":"NOTRE TECHNLOGIE D\u00e9couverte de la technologie derri\u00e8re notre compl\u00e9ment d&rsquo;ac\u00e9rola Dans un monde o\u00f9 la sant\u00e9 et le bien-\u00eatre sont devenus primordiaux, nous sommes fiers de pr\u00e9senter notre innovation r\u00e9volutionnaire : un compl\u00e9ment alimentaire d&rsquo;ac\u00e9rola bio-activ\u00e9. Gr\u00e2ce \u00e0 un processus unique de bio-activation utilisant des champs vibratoires, nous avons r\u00e9ussi \u00e0 d\u00e9cupler les propri\u00e9t\u00e9s naturelles [&hellip;]","og_url":"https:\/\/continuom.fr\/en\/technology\/","og_site_name":"Continuom - Immunity +","article_modified_time":"2024-10-27T13:20:35+00:00","og_image":[{"width":121,"height":121,"url":"https:\/\/continuom.fr\/wp-content\/uploads\/2024\/03\/Mask-group-8.png","type":"image\/png"}],"twitter_card":"summary_large_image","twitter_misc":{"Est. reading time":"4 minutes"},"schema":{"@context":"https:\/\/schema.org","@graph":[{"@type":"WebPage","@id":"https:\/\/continuom.fr\/technologie\/","url":"https:\/\/continuom.fr\/technologie\/","name":"Our Technology - Continuom - Immunity +","isPartOf":{"@id":"https:\/\/continuom.fr\/#website"},"primaryImageOfPage":{"@id":"https:\/\/continuom.fr\/technologie\/#primaryimage"},"image":{"@id":"https:\/\/continuom.fr\/technologie\/#primaryimage"},"thumbnailUrl":"https:\/\/continuom.fr\/wp-content\/uploads\/2024\/03\/Mask-group-8.png","datePublished":"2024-04-29T09:03:09+00:00","dateModified":"2024-10-27T13:20:35+00:00","breadcrumb":{"@id":"https:\/\/continuom.fr\/technologie\/#breadcrumb"},"inLanguage":"en-US","potentialAction":[{"@type":"ReadAction","target":["https:\/\/continuom.fr\/technologie\/"]}]},{"@type":"ImageObject","inLanguage":"en-US","@id":"https:\/\/continuom.fr\/technologie\/#primaryimage","url":"https:\/\/continuom.fr\/wp-content\/uploads\/2024\/03\/Mask-group-8.png","contentUrl":"https:\/\/continuom.fr\/wp-content\/uploads\/2024\/03\/Mask-group-8.png"},{"@type":"BreadcrumbList","@id":"https:\/\/continuom.fr\/technologie\/#breadcrumb","itemListElement":[{"@type":"ListItem","position":1,"name":"Accueil","item":"https:\/\/continuom.fr\/"},{"@type":"ListItem","position":2,"name":"Notre Technologie"}]},{"@type":"WebSite","@id":"https:\/\/continuom.fr\/#website","url":"https:\/\/continuom.fr\/","name":"Continuom - Immunity +","description":"Boost your immune system","publisher":{"@id":"https:\/\/continuom.fr\/#organization"},"potentialAction":[{"@type":"SearchAction","target":{"@type":"EntryPoint","urlTemplate":"https:\/\/continuom.fr\/?s={search_term_string}"},"query-input":{"@type":"PropertyValueSpecification","valueRequired":true,"valueName":"search_term_string"}}],"inLanguage":"en-US"},{"@type":"Organization","@id":"https:\/\/continuom.fr\/#organization","name":"Continuom - Immunity +","url":"https:\/\/continuom.fr\/","logo":{"@type":"ImageObject","inLanguage":"en-US","@id":"https:\/\/continuom.fr\/#\/schema\/logo\/image\/","url":"https:\/\/continuom.fr\/wp-content\/uploads\/2024\/04\/Logo.png","contentUrl":"https:\/\/continuom.fr\/wp-content\/uploads\/2024\/04\/Logo.png","width":199,"height":52,"caption":"Continuom - Immunity +"},"image":{"@id":"https:\/\/continuom.fr\/#\/schema\/logo\/image\/"}}]}},"jetpack_sharing_enabled":true,"_links":{"self":[{"href":"https:\/\/continuom.fr\/en\/wp-json\/wp\/v2\/pages\/1539","targetHints":{"allow":["GET"]}}],"collection":[{"href":"https:\/\/continuom.fr\/en\/wp-json\/wp\/v2\/pages"}],"about":[{"href":"https:\/\/continuom.fr\/en\/wp-json\/wp\/v2\/types\/page"}],"author":[{"embeddable":true,"href":"https:\/\/continuom.fr\/en\/wp-json\/wp\/v2\/users\/1"}],"replies":[{"embeddable":true,"href":"https:\/\/continuom.fr\/en\/wp-json\/wp\/v2\/comments?post=1539"}],"version-history":[{"count":19,"href":"https:\/\/continuom.fr\/en\/wp-json\/wp\/v2\/pages\/1539\/revisions"}],"predecessor-version":[{"id":1794,"href":"https:\/\/continuom.fr\/en\/wp-json\/wp\/v2\/pages\/1539\/revisions\/1794"}],"wp:attachment":[{"href":"https:\/\/continuom.fr\/en\/wp-json\/wp\/v2\/media?parent=1539"}],"curies":[{"name":"wp","href":"https:\/\/api.w.org\/{rel}","templated":true}]}}