{"id":1539,"date":"2024-04-29T09:03:09","date_gmt":"2024-04-29T09:03:09","guid":{"rendered":"https:\/\/continuom.fr\/?page_id=1539"},"modified":"2024-10-27T13:20:35","modified_gmt":"2024-10-27T13:20:35","slug":"tecnologia","status":"publish","type":"page","link":"https:\/\/continuom.fr\/es\/tecnologia\/","title":{"rendered":"Nuestra tecnolog\u00eda"},"content":{"rendered":"<div data-elementor-type=\"wp-page\" data-elementor-id=\"1539\" class=\"elementor elementor-1539\" data-elementor-post-type=\"page\">\n\t\t\t\t\t\t<section class=\"elementor-section elementor-top-section elementor-element elementor-element-497b448 elementor-section-height-min-height elementor-section-boxed elementor-section-height-default elementor-section-items-middle\" data-id=\"497b448\" data-element_type=\"section\" data-e-type=\"section\" data-settings=\"{&quot;background_background&quot;:&quot;classic&quot;}\">\n\t\t\t\t\t\t\t<div class=\"elementor-background-overlay\"><\/div>\n\t\t\t\t\t\t\t<div class=\"elementor-container elementor-column-gap-default\">\n\t\t\t\t\t<div class=\"elementor-column elementor-col-100 elementor-top-column elementor-element elementor-element-1d97ef3\" data-id=\"1d97ef3\" data-element_type=\"column\" data-e-type=\"column\">\n\t\t\t<div class=\"elementor-widget-wrap elementor-element-populated\">\n\t\t\t\t\t\t<div class=\"elementor-element elementor-element-7a7c685 elementor-widget elementor-widget-heading\" data-id=\"7a7c685\" data-element_type=\"widget\" data-e-type=\"widget\" data-widget_type=\"heading.default\">\n\t\t\t\t<div class=\"elementor-widget-container\">\n\t\t\t\t\t<h1 class=\"elementor-heading-title elementor-size-default\">NUESTRA TECNOLOG\u00cdA<\/h1>\t\t\t\t<\/div>\n\t\t\t\t<\/div>\n\t\t\t\t\t<\/div>\n\t\t<\/div>\n\t\t\t\t\t<\/div>\n\t\t<\/section>\n\t\t\t\t<section class=\"elementor-section elementor-top-section elementor-element elementor-element-ea07f5c elementor-section-content-middle elementor-section-boxed elementor-section-height-default elementor-section-height-default\" data-id=\"ea07f5c\" data-element_type=\"section\" data-e-type=\"section\">\n\t\t\t\t\t\t<div class=\"elementor-container elementor-column-gap-default\">\n\t\t\t\t\t<div class=\"elementor-column elementor-col-50 elementor-top-column elementor-element elementor-element-c99f341\" data-id=\"c99f341\" data-element_type=\"column\" data-e-type=\"column\">\n\t\t\t<div class=\"elementor-widget-wrap elementor-element-populated\">\n\t\t\t\t\t\t<div class=\"elementor-element elementor-element-1998aa7 elementor-widget__width-auto elementor-absolute elementor-widget elementor-widget-image\" data-id=\"1998aa7\" data-element_type=\"widget\" data-e-type=\"widget\" data-settings=\"{&quot;_position&quot;:&quot;absolute&quot;}\" data-widget_type=\"image.default\">\n\t\t\t\t<div class=\"elementor-widget-container\">\n\t\t\t\t\t\t\t\t\t\t\t\t\t\t\t<img decoding=\"async\" width=\"121\" height=\"121\" src=\"https:\/\/continuom.fr\/wp-content\/uploads\/2024\/03\/Mask-group-8.png\" class=\"attachment-large size-large wp-image-259\" alt=\"\" srcset=\"https:\/\/continuom.fr\/wp-content\/uploads\/2024\/03\/Mask-group-8.png 121w, https:\/\/continuom.fr\/wp-content\/uploads\/2024\/03\/Mask-group-8-100x100.png 100w\" sizes=\"(max-width: 121px) 100vw, 121px\" \/>\t\t\t\t\t\t\t\t\t\t\t\t\t\t\t<\/div>\n\t\t\t\t<\/div>\n\t\t\t\t<div class=\"elementor-element elementor-element-6f6a3f7 elementor-widget elementor-widget-image\" data-id=\"6f6a3f7\" data-element_type=\"widget\" data-e-type=\"widget\" data-widget_type=\"image.default\">\n\t\t\t\t<div class=\"elementor-widget-container\">\n\t\t\t\t\t\t\t\t\t\t\t\t\t\t\t<img fetchpriority=\"high\" decoding=\"async\" width=\"665\" height=\"1024\" src=\"https:\/\/continuom.fr\/wp-content\/uploads\/2024\/10\/berries-of-acerola-665x1024.jpg\" class=\"attachment-large size-large wp-image-1791\" alt=\"bayas de acerola\" srcset=\"https:\/\/continuom.fr\/wp-content\/uploads\/2024\/10\/berries-of-acerola-665x1024.jpg 665w, https:\/\/continuom.fr\/wp-content\/uploads\/2024\/10\/berries-of-acerola-195x300.jpg 195w, https:\/\/continuom.fr\/wp-content\/uploads\/2024\/10\/berries-of-acerola-768x1183.jpg 768w, https:\/\/continuom.fr\/wp-content\/uploads\/2024\/10\/berries-of-acerola-997x1536.jpg 997w, https:\/\/continuom.fr\/wp-content\/uploads\/2024\/10\/berries-of-acerola-60x92.jpg 60w, https:\/\/continuom.fr\/wp-content\/uploads\/2024\/10\/berries-of-acerola-110x169.jpg 110w, https:\/\/continuom.fr\/wp-content\/uploads\/2024\/10\/berries-of-acerola-600x924.jpg 600w, https:\/\/continuom.fr\/wp-content\/uploads\/2024\/10\/berries-of-acerola.jpg 1080w\" sizes=\"(max-width: 665px) 100vw, 665px\" \/>\t\t\t\t\t\t\t\t\t\t\t\t\t\t\t<\/div>\n\t\t\t\t<\/div>\n\t\t\t\t\t<\/div>\n\t\t<\/div>\n\t\t\t\t<div class=\"elementor-column elementor-col-50 elementor-top-column elementor-element elementor-element-1b9800d\" data-id=\"1b9800d\" data-element_type=\"column\" data-e-type=\"column\">\n\t\t\t<div class=\"elementor-widget-wrap elementor-element-populated\">\n\t\t\t\t\t\t<div class=\"elementor-element elementor-element-38f4d49 elementor-widget elementor-widget-heading\" data-id=\"38f4d49\" data-element_type=\"widget\" data-e-type=\"widget\" data-widget_type=\"heading.default\">\n\t\t\t\t<div class=\"elementor-widget-container\">\n\t\t\t\t\t<h2 class=\"elementor-heading-title elementor-size-default\">Descubra la tecnolog\u00eda que hay detr\u00e1s de nuestro suplemento de acerola<\/h2>\t\t\t\t<\/div>\n\t\t\t\t<\/div>\n\t\t\t\t<div class=\"elementor-element elementor-element-c800eec elementor-widget elementor-widget-text-editor\" data-id=\"c800eec\" data-element_type=\"widget\" data-e-type=\"widget\" data-widget_type=\"text-editor.default\">\n\t\t\t\t<div class=\"elementor-widget-container\">\n\t\t\t\t\t\t\t\t\t<p>En un mundo en el que la salud y el bienestar se han convertido en primordiales, nos enorgullece presentar nuestra revolucionaria innovaci\u00f3n: un complemento alimenticio de acerola bioactivada. Gracias a un proceso \u00fanico de bioactivaci\u00f3n mediante campos vibratorios, hemos conseguido potenciar las propiedades naturales de la acerola, una fruta ya famosa por su riqueza en nutrientes esenciales. Esta tecnolog\u00eda puntera no s\u00f3lo simplifica la asimilaci\u00f3n de vitaminas y minerales por el organismo, sino que tambi\u00e9n los hace m\u00e1s eficaces, allanando el camino hacia una salud \u00f3ptima.<br \/><br \/>Nuestro compromiso con la naturalidad y la eficacia es evidente en cada c\u00e1psula, asegurando que usted se beneficie no s\u00f3lo de una fuente pura de vitamina C, sino tambi\u00e9n de un espectro completo de vitaminas A y B, esenciales para la renovaci\u00f3n celular, la visi\u00f3n y el apoyo al sistema inmunol\u00f3gico. Este texto le explicar\u00e1 c\u00f3mo funciona nuestra tecnolog\u00eda de bioactivaci\u00f3n y c\u00f3mo puede ayudarle a mejorar su salud y bienestar general.<\/p>\t\t\t\t\t\t\t\t<\/div>\n\t\t\t\t<\/div>\n\t\t\t\t\t<\/div>\n\t\t<\/div>\n\t\t\t\t\t<\/div>\n\t\t<\/section>\n\t\t\t\t<section class=\"elementor-section elementor-top-section elementor-element elementor-element-eceb6ce elementor-reverse-tablet elementor-reverse-mobile elementor-section-content-middle elementor-section-boxed elementor-section-height-default elementor-section-height-default\" data-id=\"eceb6ce\" data-element_type=\"section\" data-e-type=\"section\">\n\t\t\t\t\t\t<div class=\"elementor-container elementor-column-gap-default\">\n\t\t\t\t\t<div class=\"elementor-column elementor-col-50 elementor-top-column elementor-element elementor-element-33be09a\" data-id=\"33be09a\" data-element_type=\"column\" data-e-type=\"column\">\n\t\t\t<div class=\"elementor-widget-wrap elementor-element-populated\">\n\t\t\t\t\t\t<div class=\"elementor-element elementor-element-ac92d81 elementor-widget elementor-widget-heading\" data-id=\"ac92d81\" data-element_type=\"widget\" data-e-type=\"widget\" data-widget_type=\"heading.default\">\n\t\t\t\t<div class=\"elementor-widget-container\">\n\t\t\t\t\t<h2 class=\"elementor-heading-title elementor-size-default\">Principales beneficios de nuestra acerola bioactivada<\/h2>\t\t\t\t<\/div>\n\t\t\t\t<\/div>\n\t\t\t\t<div class=\"elementor-element elementor-element-0343be5 elementor-widget elementor-widget-text-editor\" data-id=\"0343be5\" data-element_type=\"widget\" data-e-type=\"widget\" data-widget_type=\"text-editor.default\">\n\t\t\t\t<div class=\"elementor-widget-container\">\n\t\t\t\t\t\t\t\t\t<p>Nuestro suplemento de acerola bioactivada est\u00e1 dise\u00f1ado para maximizar los beneficios de esta superfruta, haciendo que sus propiedades naturales sean a\u00fan m\u00e1s eficaces para su salud. A continuaci\u00f3n le ofrecemos un resumen detallado de los principales beneficios de nuestro producto:<\/p><h4>Refuerzo de las defensas inmunitarias<\/h4><p>Una de las funciones m\u00e1s cruciales de la vitamina C, presente en abundancia en nuestra acerola bioactivada, es apoyar y reforzar el sistema inmunitario. Ayuda a estimular la producci\u00f3n de gl\u00f3bulos blancos, esenciales para combatir infecciones y virus. Adem\u00e1s, como potente antioxidante, la vitamina C ayuda a proteger las c\u00e9lulas contra los da\u00f1os causados por los radicales libres, reduciendo la inflamaci\u00f3n y reforzando la respuesta inmunitaria del organismo.<\/p><h4>Salud y protecci\u00f3n de la piel<\/h4><p>La vitamina C tambi\u00e9n es conocida por su capacidad para mantener la integridad de la piel. Al favorecer la s\u00edntesis de col\u00e1geno, ayuda a la piel a conservar su firmeza y elasticidad, reduciendo los signos del envejecimiento. Adem\u00e1s, como antioxidante, protege la piel de los da\u00f1os medioambientales, como los causados por los rayos UV o la contaminaci\u00f3n, actuando como escudo protector frente a las toxinas externas.<\/p><h4>Apoyo al bienestar general<\/h4><p>Adem\u00e1s de vitamina C, nuestra acerola bioactivada contiene vitaminas A y B, que desempe\u00f1an papeles fundamentales en el mantenimiento de la salud general. La vitamina A es esencial para una buena visi\u00f3n y la renovaci\u00f3n celular de la piel, mientras que la vitamina B promueve una buena salud energ\u00e9tica, apoyando el metabolismo y ayudando a formar nuevas c\u00e9lulas sangu\u00edneas. Juntas, estas vitaminas contribuyen a diversos aspectos de la salud, desde el sistema nervioso y el sistema inmunitario hasta la salud mental y la prevenci\u00f3n de enfermedades cr\u00f3nicas.<\/p><p>Estos beneficios demuestran c\u00f3mo nuestra acerola bioactivada puede ser una parte valiosa de su r\u00e9gimen diario de salud, ayud\u00e1ndole a mantenerse sano y vibrante de forma natural.<\/p>\t\t\t\t\t\t\t\t<\/div>\n\t\t\t\t<\/div>\n\t\t\t\t\t<\/div>\n\t\t<\/div>\n\t\t\t\t<div class=\"elementor-column elementor-col-50 elementor-top-column elementor-element elementor-element-5ff0f67\" data-id=\"5ff0f67\" data-element_type=\"column\" data-e-type=\"column\">\n\t\t\t<div class=\"elementor-widget-wrap elementor-element-populated\">\n\t\t\t\t\t\t<div class=\"elementor-element elementor-element-7227fb8 elementor-widget__width-auto elementor-absolute elementor-widget elementor-widget-image\" data-id=\"7227fb8\" data-element_type=\"widget\" data-e-type=\"widget\" data-settings=\"{&quot;_position&quot;:&quot;absolute&quot;}\" data-widget_type=\"image.default\">\n\t\t\t\t<div class=\"elementor-widget-container\">\n\t\t\t\t\t\t\t\t\t\t\t\t\t\t\t<img decoding=\"async\" width=\"121\" height=\"121\" src=\"https:\/\/continuom.fr\/wp-content\/uploads\/2024\/03\/Mask-group-8.png\" class=\"attachment-large size-large wp-image-259\" alt=\"\" srcset=\"https:\/\/continuom.fr\/wp-content\/uploads\/2024\/03\/Mask-group-8.png 121w, https:\/\/continuom.fr\/wp-content\/uploads\/2024\/03\/Mask-group-8-100x100.png 100w\" sizes=\"(max-width: 121px) 100vw, 121px\" \/>\t\t\t\t\t\t\t\t\t\t\t\t\t\t\t<\/div>\n\t\t\t\t<\/div>\n\t\t\t\t<div class=\"elementor-element elementor-element-95b72d7 elementor-widget elementor-widget-image\" data-id=\"95b72d7\" data-element_type=\"widget\" data-e-type=\"widget\" data-widget_type=\"image.default\">\n\t\t\t\t<div class=\"elementor-widget-container\">\n\t\t\t\t\t\t\t\t\t\t\t\t\t\t\t<img decoding=\"async\" width=\"800\" height=\"452\" src=\"https:\/\/continuom.fr\/wp-content\/uploads\/2024\/04\/continuom_about_page_img_03-1024x578.jpg\" class=\"attachment-large size-large wp-image-1557\" alt=\"\" srcset=\"https:\/\/continuom.fr\/wp-content\/uploads\/2024\/04\/continuom_about_page_img_03-1024x578.jpg 1024w, https:\/\/continuom.fr\/wp-content\/uploads\/2024\/04\/continuom_about_page_img_03-300x169.jpg 300w, https:\/\/continuom.fr\/wp-content\/uploads\/2024\/04\/continuom_about_page_img_03-768x434.jpg 768w, https:\/\/continuom.fr\/wp-content\/uploads\/2024\/04\/continuom_about_page_img_03-600x339.jpg 600w, https:\/\/continuom.fr\/wp-content\/uploads\/2024\/04\/continuom_about_page_img_03.jpg 1133w\" sizes=\"(max-width: 800px) 100vw, 800px\" \/>\t\t\t\t\t\t\t\t\t\t\t\t\t\t\t<\/div>\n\t\t\t\t<\/div>\n\t\t\t\t\t<\/div>\n\t\t<\/div>\n\t\t\t\t\t<\/div>\n\t\t<\/section>\n\t\t\t\t<section class=\"elementor-section elementor-top-section elementor-element elementor-element-590219c elementor-section-boxed elementor-section-height-default elementor-section-height-default\" data-id=\"590219c\" data-element_type=\"section\" data-e-type=\"section\" data-settings=\"{&quot;background_background&quot;:&quot;classic&quot;}\">\n\t\t\t\t\t\t<div class=\"elementor-container elementor-column-gap-default\">\n\t\t\t\t\t<div class=\"elementor-column elementor-col-50 elementor-top-column elementor-element elementor-element-5a272ad\" data-id=\"5a272ad\" data-element_type=\"column\" data-e-type=\"column\">\n\t\t\t<div class=\"elementor-widget-wrap elementor-element-populated\">\n\t\t\t\t\t\t<div class=\"elementor-element elementor-element-4b1eac9 elementor-widget__width-auto elementor-widget elementor-widget-heading\" data-id=\"4b1eac9\" data-element_type=\"widget\" data-e-type=\"widget\" data-widget_type=\"heading.default\">\n\t\t\t\t<div class=\"elementor-widget-container\">\n\t\t\t\t\t<span class=\"elementor-heading-title elementor-size-default\">Nuestro compromiso<\/span>\t\t\t\t<\/div>\n\t\t\t\t<\/div>\n\t\t\t\t<div class=\"elementor-element elementor-element-496e5d1 elementor-widget elementor-widget-heading\" data-id=\"496e5d1\" data-element_type=\"widget\" data-e-type=\"widget\" data-widget_type=\"heading.default\">\n\t\t\t\t<div class=\"elementor-widget-container\">\n\t\t\t\t\t<h2 class=\"elementor-heading-title elementor-size-default\">Compromiso con la excelencia<\/h2>\t\t\t\t<\/div>\n\t\t\t\t<\/div>\n\t\t\t\t<div class=\"elementor-element elementor-element-a72ebb3 elementor-widget elementor-widget-text-editor\" data-id=\"a72ebb3\" data-element_type=\"widget\" data-e-type=\"widget\" data-widget_type=\"text-editor.default\">\n\t\t\t\t<div class=\"elementor-widget-container\">\n\t\t\t\t\t\t\t\t\t<p>En Continuom, estamos comprometidos con su completa satisfacci\u00f3n. Nuestro equipo de atenci\u00f3n al cliente est\u00e1 a su disposici\u00f3n para responder a todas sus preguntas y ayudarle a elegir el producto que mejor se adapte a sus necesidades.<\/p><p><span style=\"color: var( --e-global-color-text ); font-family: var( --e-global-typography-text-font-family ), Sans-serif; font-size: var( --e-global-typography-text-font-size ); font-weight: var( --e-global-typography-text-font-weight );\">Con una entrega r\u00e1pida y un pago seguro, nos aseguramos de que su experiencia con Continuom sea lo m\u00e1s agradable y eficiente posible.\u00a0<\/span><\/p>\t\t\t\t\t\t\t\t<\/div>\n\t\t\t\t<\/div>\n\t\t\t\t<div class=\"elementor-element elementor-element-78a76b2 elementor-tablet-align-center elementor-widget elementor-widget-button\" data-id=\"78a76b2\" data-element_type=\"widget\" data-e-type=\"widget\" data-widget_type=\"button.default\">\n\t\t\t\t<div class=\"elementor-widget-container\">\n\t\t\t\t\t\t\t\t\t<div class=\"elementor-button-wrapper\">\n\t\t\t\t\t<a class=\"elementor-button elementor-button-link elementor-size-sm\" href=\"#\">\n\t\t\t\t\t\t<span class=\"elementor-button-content-wrapper\">\n\t\t\t\t\t\t\t\t\t<span class=\"elementor-button-text\">Comprar ahora<\/span>\n\t\t\t\t\t<\/span>\n\t\t\t\t\t<\/a>\n\t\t\t\t<\/div>\n\t\t\t\t\t\t\t\t<\/div>\n\t\t\t\t<\/div>\n\t\t\t\t\t<\/div>\n\t\t<\/div>\n\t\t\t\t<div class=\"elementor-column elementor-col-50 elementor-top-column elementor-element elementor-element-71d52f5\" data-id=\"71d52f5\" data-element_type=\"column\" data-e-type=\"column\">\n\t\t\t<div class=\"elementor-widget-wrap elementor-element-populated\">\n\t\t\t\t\t\t<div class=\"elementor-element elementor-element-596b3aa elementor-widget elementor-widget-image\" data-id=\"596b3aa\" data-element_type=\"widget\" data-e-type=\"widget\" data-widget_type=\"image.default\">\n\t\t\t\t<div class=\"elementor-widget-container\">\n\t\t\t\t\t\t\t\t\t\t\t\t\t\t\t<img loading=\"lazy\" decoding=\"async\" width=\"433\" height=\"580\" src=\"https:\/\/continuom.fr\/wp-content\/uploads\/2024\/04\/Girl-with-product.png\" class=\"attachment-large size-large wp-image-1220\" alt=\"\" srcset=\"https:\/\/continuom.fr\/wp-content\/uploads\/2024\/04\/Girl-with-product.png 433w, https:\/\/continuom.fr\/wp-content\/uploads\/2024\/04\/Girl-with-product-224x300.png 224w\" sizes=\"(max-width: 433px) 100vw, 433px\" \/>\t\t\t\t\t\t\t\t\t\t\t\t\t\t\t<\/div>\n\t\t\t\t<\/div>\n\t\t\t\t\t<\/div>\n\t\t<\/div>\n\t\t\t\t\t<\/div>\n\t\t<\/section>\n\t\t\t\t<\/div>","protected":false},"excerpt":{"rendered":"<p>NOTRE TECHNLOGIE D\u00e9couverte de la technologie derri\u00e8re notre compl\u00e9ment d&rsquo;ac\u00e9rola Dans un monde o\u00f9 la sant\u00e9 et le bien-\u00eatre sont devenus primordiaux, nous sommes fiers de pr\u00e9senter notre innovation r\u00e9volutionnaire : un compl\u00e9ment alimentaire d&rsquo;ac\u00e9rola bio-activ\u00e9. Gr\u00e2ce \u00e0 un processus unique de bio-activation utilisant des champs vibratoires, nous avons r\u00e9ussi \u00e0 d\u00e9cupler les propri\u00e9t\u00e9s naturelles [&hellip;]<\/p>\n","protected":false},"author":1,"featured_media":0,"parent":0,"menu_order":0,"comment_status":"closed","ping_status":"closed","template":"","meta":{"_monsterinsights_skip_tracking":false,"_monsterinsights_sitenote_active":false,"_monsterinsights_sitenote_note":"","_monsterinsights_sitenote_category":0,"footnotes":""},"class_list":["post-1539","page","type-page","status-publish","hentry"],"yoast_head":"<!-- This site is optimized with the Yoast SEO plugin v27.5 - https:\/\/yoast.com\/product\/yoast-seo-wordpress\/ -->\n<title>Notre Technologie - Continuom - Immunity +<\/title>\n<meta name=\"robots\" content=\"index, follow, max-snippet:-1, max-image-preview:large, max-video-preview:-1\" \/>\n<link rel=\"canonical\" href=\"https:\/\/continuom.fr\/es\/tecnologia\/\" \/>\n<meta property=\"og:locale\" content=\"es_ES\" \/>\n<meta property=\"og:type\" content=\"article\" \/>\n<meta property=\"og:title\" content=\"Notre Technologie - Continuom - Immunity +\" \/>\n<meta property=\"og:description\" content=\"NOTRE TECHNLOGIE D\u00e9couverte de la technologie derri\u00e8re notre compl\u00e9ment d&rsquo;ac\u00e9rola Dans un monde o\u00f9 la sant\u00e9 et le bien-\u00eatre sont devenus primordiaux, nous sommes fiers de pr\u00e9senter notre innovation r\u00e9volutionnaire : un compl\u00e9ment alimentaire d&rsquo;ac\u00e9rola bio-activ\u00e9. Gr\u00e2ce \u00e0 un processus unique de bio-activation utilisant des champs vibratoires, nous avons r\u00e9ussi \u00e0 d\u00e9cupler les propri\u00e9t\u00e9s naturelles [&hellip;]\" \/>\n<meta property=\"og:url\" content=\"https:\/\/continuom.fr\/es\/tecnologia\/\" \/>\n<meta property=\"og:site_name\" content=\"Continuom - Immunity +\" \/>\n<meta property=\"article:modified_time\" content=\"2024-10-27T13:20:35+00:00\" \/>\n<meta property=\"og:image\" content=\"https:\/\/continuom.fr\/wp-content\/uploads\/2024\/03\/Mask-group-8.png\" \/>\n\t<meta property=\"og:image:width\" content=\"121\" \/>\n\t<meta property=\"og:image:height\" content=\"121\" \/>\n\t<meta property=\"og:image:type\" content=\"image\/png\" \/>\n<meta name=\"twitter:card\" content=\"summary_large_image\" \/>\n<meta name=\"twitter:label1\" content=\"Tiempo de lectura\" \/>\n\t<meta name=\"twitter:data1\" content=\"4 minutos\" \/>\n<script type=\"application\/ld+json\" class=\"yoast-schema-graph\">{\"@context\":\"https:\\\/\\\/schema.org\",\"@graph\":[{\"@type\":\"WebPage\",\"@id\":\"https:\\\/\\\/continuom.fr\\\/technologie\\\/\",\"url\":\"https:\\\/\\\/continuom.fr\\\/technologie\\\/\",\"name\":\"Notre Technologie - Continuom - Immunity +\",\"isPartOf\":{\"@id\":\"https:\\\/\\\/continuom.fr\\\/#website\"},\"primaryImageOfPage\":{\"@id\":\"https:\\\/\\\/continuom.fr\\\/technologie\\\/#primaryimage\"},\"image\":{\"@id\":\"https:\\\/\\\/continuom.fr\\\/technologie\\\/#primaryimage\"},\"thumbnailUrl\":\"https:\\\/\\\/continuom.fr\\\/wp-content\\\/uploads\\\/2024\\\/03\\\/Mask-group-8.png\",\"datePublished\":\"2024-04-29T09:03:09+00:00\",\"dateModified\":\"2024-10-27T13:20:35+00:00\",\"breadcrumb\":{\"@id\":\"https:\\\/\\\/continuom.fr\\\/technologie\\\/#breadcrumb\"},\"inLanguage\":\"es\",\"potentialAction\":[{\"@type\":\"ReadAction\",\"target\":[\"https:\\\/\\\/continuom.fr\\\/technologie\\\/\"]}]},{\"@type\":\"ImageObject\",\"inLanguage\":\"es\",\"@id\":\"https:\\\/\\\/continuom.fr\\\/technologie\\\/#primaryimage\",\"url\":\"https:\\\/\\\/continuom.fr\\\/wp-content\\\/uploads\\\/2024\\\/03\\\/Mask-group-8.png\",\"contentUrl\":\"https:\\\/\\\/continuom.fr\\\/wp-content\\\/uploads\\\/2024\\\/03\\\/Mask-group-8.png\"},{\"@type\":\"BreadcrumbList\",\"@id\":\"https:\\\/\\\/continuom.fr\\\/technologie\\\/#breadcrumb\",\"itemListElement\":[{\"@type\":\"ListItem\",\"position\":1,\"name\":\"Accueil\",\"item\":\"https:\\\/\\\/continuom.fr\\\/\"},{\"@type\":\"ListItem\",\"position\":2,\"name\":\"Notre Technologie\"}]},{\"@type\":\"WebSite\",\"@id\":\"https:\\\/\\\/continuom.fr\\\/#website\",\"url\":\"https:\\\/\\\/continuom.fr\\\/\",\"name\":\"Continuom - Immunity +\",\"description\":\"Boost votre syst&egrave;me immunitaire\",\"publisher\":{\"@id\":\"https:\\\/\\\/continuom.fr\\\/#organization\"},\"potentialAction\":[{\"@type\":\"SearchAction\",\"target\":{\"@type\":\"EntryPoint\",\"urlTemplate\":\"https:\\\/\\\/continuom.fr\\\/?s={search_term_string}\"},\"query-input\":{\"@type\":\"PropertyValueSpecification\",\"valueRequired\":true,\"valueName\":\"search_term_string\"}}],\"inLanguage\":\"es\"},{\"@type\":\"Organization\",\"@id\":\"https:\\\/\\\/continuom.fr\\\/#organization\",\"name\":\"Continuom - Immunity +\",\"url\":\"https:\\\/\\\/continuom.fr\\\/\",\"logo\":{\"@type\":\"ImageObject\",\"inLanguage\":\"es\",\"@id\":\"https:\\\/\\\/continuom.fr\\\/#\\\/schema\\\/logo\\\/image\\\/\",\"url\":\"https:\\\/\\\/continuom.fr\\\/wp-content\\\/uploads\\\/2024\\\/04\\\/Logo.png\",\"contentUrl\":\"https:\\\/\\\/continuom.fr\\\/wp-content\\\/uploads\\\/2024\\\/04\\\/Logo.png\",\"width\":199,\"height\":52,\"caption\":\"Continuom - Immunity +\"},\"image\":{\"@id\":\"https:\\\/\\\/continuom.fr\\\/#\\\/schema\\\/logo\\\/image\\\/\"}}]}<\/script>\n<!-- \/ Yoast SEO plugin. -->","yoast_head_json":{"title":"Nuestra tecnolog\u00eda - Continuom - Inmunidad +","robots":{"index":"index","follow":"follow","max-snippet":"max-snippet:-1","max-image-preview":"max-image-preview:large","max-video-preview":"max-video-preview:-1"},"canonical":"https:\/\/continuom.fr\/es\/tecnologia\/","og_locale":"es_ES","og_type":"article","og_title":"Notre Technologie - Continuom - Immunity +","og_description":"NOTRE TECHNLOGIE D\u00e9couverte de la technologie derri\u00e8re notre compl\u00e9ment d&rsquo;ac\u00e9rola Dans un monde o\u00f9 la sant\u00e9 et le bien-\u00eatre sont devenus primordiaux, nous sommes fiers de pr\u00e9senter notre innovation r\u00e9volutionnaire : un compl\u00e9ment alimentaire d&rsquo;ac\u00e9rola bio-activ\u00e9. Gr\u00e2ce \u00e0 un processus unique de bio-activation utilisant des champs vibratoires, nous avons r\u00e9ussi \u00e0 d\u00e9cupler les propri\u00e9t\u00e9s naturelles [&hellip;]","og_url":"https:\/\/continuom.fr\/es\/tecnologia\/","og_site_name":"Continuom - Immunity +","article_modified_time":"2024-10-27T13:20:35+00:00","og_image":[{"width":121,"height":121,"url":"https:\/\/continuom.fr\/wp-content\/uploads\/2024\/03\/Mask-group-8.png","type":"image\/png"}],"twitter_card":"summary_large_image","twitter_misc":{"Tiempo de lectura":"4 minutos"},"schema":{"@context":"https:\/\/schema.org","@graph":[{"@type":"WebPage","@id":"https:\/\/continuom.fr\/technologie\/","url":"https:\/\/continuom.fr\/technologie\/","name":"Nuestra tecnolog\u00eda - Continuom - Inmunidad +","isPartOf":{"@id":"https:\/\/continuom.fr\/#website"},"primaryImageOfPage":{"@id":"https:\/\/continuom.fr\/technologie\/#primaryimage"},"image":{"@id":"https:\/\/continuom.fr\/technologie\/#primaryimage"},"thumbnailUrl":"https:\/\/continuom.fr\/wp-content\/uploads\/2024\/03\/Mask-group-8.png","datePublished":"2024-04-29T09:03:09+00:00","dateModified":"2024-10-27T13:20:35+00:00","breadcrumb":{"@id":"https:\/\/continuom.fr\/technologie\/#breadcrumb"},"inLanguage":"es","potentialAction":[{"@type":"ReadAction","target":["https:\/\/continuom.fr\/technologie\/"]}]},{"@type":"ImageObject","inLanguage":"es","@id":"https:\/\/continuom.fr\/technologie\/#primaryimage","url":"https:\/\/continuom.fr\/wp-content\/uploads\/2024\/03\/Mask-group-8.png","contentUrl":"https:\/\/continuom.fr\/wp-content\/uploads\/2024\/03\/Mask-group-8.png"},{"@type":"BreadcrumbList","@id":"https:\/\/continuom.fr\/technologie\/#breadcrumb","itemListElement":[{"@type":"ListItem","position":1,"name":"Accueil","item":"https:\/\/continuom.fr\/"},{"@type":"ListItem","position":2,"name":"Notre Technologie"}]},{"@type":"WebSite","@id":"https:\/\/continuom.fr\/#website","url":"https:\/\/continuom.fr\/","name":"Continuom - Inmunidad +","description":"Refuerce su sistema inmunitario","publisher":{"@id":"https:\/\/continuom.fr\/#organization"},"potentialAction":[{"@type":"SearchAction","target":{"@type":"EntryPoint","urlTemplate":"https:\/\/continuom.fr\/?s={search_term_string}"},"query-input":{"@type":"PropertyValueSpecification","valueRequired":true,"valueName":"search_term_string"}}],"inLanguage":"es"},{"@type":"Organization","@id":"https:\/\/continuom.fr\/#organization","name":"Continuom - Inmunidad +","url":"https:\/\/continuom.fr\/","logo":{"@type":"ImageObject","inLanguage":"es","@id":"https:\/\/continuom.fr\/#\/schema\/logo\/image\/","url":"https:\/\/continuom.fr\/wp-content\/uploads\/2024\/04\/Logo.png","contentUrl":"https:\/\/continuom.fr\/wp-content\/uploads\/2024\/04\/Logo.png","width":199,"height":52,"caption":"Continuom - Immunity +"},"image":{"@id":"https:\/\/continuom.fr\/#\/schema\/logo\/image\/"}}]}},"jetpack_sharing_enabled":true,"_links":{"self":[{"href":"https:\/\/continuom.fr\/es\/wp-json\/wp\/v2\/pages\/1539","targetHints":{"allow":["GET"]}}],"collection":[{"href":"https:\/\/continuom.fr\/es\/wp-json\/wp\/v2\/pages"}],"about":[{"href":"https:\/\/continuom.fr\/es\/wp-json\/wp\/v2\/types\/page"}],"author":[{"embeddable":true,"href":"https:\/\/continuom.fr\/es\/wp-json\/wp\/v2\/users\/1"}],"replies":[{"embeddable":true,"href":"https:\/\/continuom.fr\/es\/wp-json\/wp\/v2\/comments?post=1539"}],"version-history":[{"count":19,"href":"https:\/\/continuom.fr\/es\/wp-json\/wp\/v2\/pages\/1539\/revisions"}],"predecessor-version":[{"id":1794,"href":"https:\/\/continuom.fr\/es\/wp-json\/wp\/v2\/pages\/1539\/revisions\/1794"}],"wp:attachment":[{"href":"https:\/\/continuom.fr\/es\/wp-json\/wp\/v2\/media?parent=1539"}],"curies":[{"name":"wp","href":"https:\/\/api.w.org\/{rel}","templated":true}]}}