{"id":1630,"date":"2024-06-12T12:29:52","date_gmt":"2024-06-12T12:29:52","guid":{"rendered":"https:\/\/continuom.fr\/?page_id=1630"},"modified":"2024-06-12T12:30:54","modified_gmt":"2024-06-12T12:30:54","slug":"condiciones-generales-de-venta","status":"publish","type":"page","link":"https:\/\/continuom.fr\/es\/condiciones-generales-de-venta\/","title":{"rendered":"Condiciones generales de venta"},"content":{"rendered":"<div data-elementor-type=\"wp-page\" data-elementor-id=\"1630\" class=\"elementor elementor-1630\" data-elementor-post-type=\"page\">\n\t\t\t\t\t\t<section class=\"elementor-section elementor-top-section elementor-element elementor-element-2057f607 elementor-section-boxed elementor-section-height-default elementor-section-height-default\" data-id=\"2057f607\" data-element_type=\"section\" data-e-type=\"section\" data-settings=\"{&quot;background_background&quot;:&quot;classic&quot;}\">\n\t\t\t\t\t\t<div class=\"elementor-container elementor-column-gap-default\">\n\t\t\t\t\t<div class=\"elementor-column elementor-col-100 elementor-top-column elementor-element elementor-element-272b0642\" data-id=\"272b0642\" data-element_type=\"column\" data-e-type=\"column\">\n\t\t\t<div class=\"elementor-widget-wrap elementor-element-populated\">\n\t\t\t\t\t\t<div class=\"elementor-element elementor-element-2380104 elementor-widget elementor-widget-text-editor\" data-id=\"2380104\" data-element_type=\"widget\" data-e-type=\"widget\" data-widget_type=\"text-editor.default\">\n\t\t\t\t<div class=\"elementor-widget-container\">\n\t\t\t\t\t\t\t\t\t<h3>Condiciones Generales de Venta (CGV)<\/h3>\r\n<h4>1. Empresa<\/h4>\r\nLas presentes Condiciones Generales de Venta (CGV) son propuestas por EXPLENIUM CONSULTING, inscrita con el n\u00famero 853 055 747 en el Registro Mercantil de Nanterre, con domicilio social en 15 rue des Halles, 75001 Par\u00eds.\r\n<h4>2. Objeto<\/h4>\r\nLas presentes Condiciones Generales de Venta regulan las ventas de complementos alimenticios en la <a href=\"https:\/\/continuom.fr\/es\" target=\"_new\" rel=\"noreferrer noopener\">https:\/\/continuom.fr\/<\/a>. Especifican los derechos y obligaciones del comprador y el vendedor en el contexto de las ventas en l\u00ednea.\r\n<h4>3. Productos<\/h4>\r\nLos productos puestos a la venta se describen y presentan con la mayor exactitud posible. Las fotograf\u00edas de los productos no son vinculantes contractualmente.\r\n<h4>4. Premios<\/h4>\r\nLos precios de los productos se indican en euros, impuestos incluidos. Los gastos de env\u00edo se especifican al realizar el pedido y corren a cargo del comprador.\r\n<h4>5. Control<\/h4>\r\nEl comprador realiza un pedido en l\u00ednea en el sitio. Todo pedido implica la aceptaci\u00f3n de las presentes CGV. Una vez validado el pedido, se enviar\u00e1 un correo electr\u00f3nico de confirmaci\u00f3n a la direcci\u00f3n facilitada por el comprador.\r\n<h4>6. Pago<\/h4>\r\nEl pago debe efectuarse inmediatamente despu\u00e9s de realizar el pedido. Los m\u00e9todos de pago aceptados se indican en el sitio web. Las transacciones est\u00e1n aseguradas por un proveedor de servicios de pago en l\u00ednea.\r\n<h4>7. Entrega<\/h4>\r\nLos productos se entregan en la direcci\u00f3n indicada por el comprador al realizar el pedido. El vendedor se compromete a enviar los productos en el plazo indicado al realizar el pedido. En caso de retraso en la entrega, se informar\u00e1 al comprador por correo electr\u00f3nico.\r\n<h4>8. Retirada<\/h4>\r\nEl comprador dispone de un plazo de 14 d\u00edas a partir de la recepci\u00f3n de los productos para ejercer su derecho de desistimiento sin tener que justificar sus motivos ni pagar penalizaci\u00f3n alguna. Los gastos de devoluci\u00f3n de los productos correr\u00e1n a cargo del comprador.\r\n<h4>9. Garant\u00eda<\/h4>\r\nLos productos est\u00e1n cubiertos por la garant\u00eda legal de conformidad y la garant\u00eda contra vicios ocultos. En caso de no conformidad o defecto de un producto, el comprador puede devolverlo para su cambio o reembolso.\r\n<h4>10. Responsabilidad<\/h4>\r\nEl vendedor no se hace responsable de los da\u00f1os derivados del uso indebido de los productos adquiridos.\r\n<h4>11. 11. Datos personales<\/h4>\r\nLa informaci\u00f3n recogida en el sitio web se trata con fines de gesti\u00f3n de las relaciones con los clientes y de prospecci\u00f3n comercial. De conformidad con la ley francesa de protecci\u00f3n de datos, los compradores disponen de un derecho de acceso, rectificaci\u00f3n y oposici\u00f3n a los datos que les conciernen.\r\n<h4>12. Disputas<\/h4>\r\nLas presentes CGV se rigen por la legislaci\u00f3n francesa. En caso de litigio, las partes se esforzar\u00e1n por encontrar una soluci\u00f3n amistosa. En su defecto, ser\u00e1n competentes los tribunales franceses.\r\n<h4>13. Contacto<\/h4>\r\nPara cualquier duda o reclamaci\u00f3n, el comprador puede ponerse en contacto con el servicio de atenci\u00f3n al cliente en la siguiente direcci\u00f3n de correo electr\u00f3nico: <a rel=\"noreferrer\">contact@continuom.fr<\/a>\t\t\t\t\t\t\t\t<\/div>\n\t\t\t\t<\/div>\n\t\t\t\t\t<\/div>\n\t\t<\/div>\n\t\t\t\t\t<\/div>\n\t\t<\/section>\n\t\t\t\t<\/div>","protected":false},"excerpt":{"rendered":"<p>Conditions G\u00e9n\u00e9rales de Vente (CGV) 1. Soci\u00e9t\u00e9 Les pr\u00e9sentes Conditions G\u00e9n\u00e9rales de Vente (CGV) sont propos\u00e9es par la soci\u00e9t\u00e9 EXPLENIUM CONSULTING, enregistr\u00e9e sous le num\u00e9ro 853 055 747 au RCS de Nanterre, dont le si\u00e8ge social est situ\u00e9 au 15 rue des Halles, 75001 Paris. 2. Objet Les pr\u00e9sentes CGV r\u00e9gissent les ventes de compl\u00e9ments [&hellip;]<\/p>\n","protected":false},"author":1,"featured_media":0,"parent":0,"menu_order":0,"comment_status":"closed","ping_status":"closed","template":"","meta":{"_monsterinsights_skip_tracking":false,"_monsterinsights_sitenote_active":false,"_monsterinsights_sitenote_note":"","_monsterinsights_sitenote_category":0,"footnotes":""},"class_list":["post-1630","page","type-page","status-publish","hentry"],"yoast_head":"<!-- This site is optimized with the Yoast SEO plugin v27.4 - https:\/\/yoast.com\/product\/yoast-seo-wordpress\/ -->\n<title>Conditions G\u00e9n\u00e9rales de vente - Continuom - Immunity +<\/title>\n<meta name=\"robots\" content=\"index, follow, max-snippet:-1, max-image-preview:large, max-video-preview:-1\" \/>\n<link rel=\"canonical\" href=\"https:\/\/continuom.fr\/es\/condiciones-generales-de-venta\/\" \/>\n<meta property=\"og:locale\" content=\"es_ES\" \/>\n<meta property=\"og:type\" content=\"article\" \/>\n<meta property=\"og:title\" content=\"Conditions G\u00e9n\u00e9rales de vente - Continuom - Immunity +\" \/>\n<meta property=\"og:description\" content=\"Conditions G\u00e9n\u00e9rales de Vente (CGV) 1. Soci\u00e9t\u00e9 Les pr\u00e9sentes Conditions G\u00e9n\u00e9rales de Vente (CGV) sont propos\u00e9es par la soci\u00e9t\u00e9 EXPLENIUM CONSULTING, enregistr\u00e9e sous le num\u00e9ro 853 055 747 au RCS de Nanterre, dont le si\u00e8ge social est situ\u00e9 au 15 rue des Halles, 75001 Paris. 2. Objet Les pr\u00e9sentes CGV r\u00e9gissent les ventes de compl\u00e9ments [&hellip;]\" \/>\n<meta property=\"og:url\" content=\"https:\/\/continuom.fr\/es\/condiciones-generales-de-venta\/\" \/>\n<meta property=\"og:site_name\" content=\"Continuom - Immunity +\" \/>\n<meta property=\"article:modified_time\" content=\"2024-06-12T12:30:54+00:00\" \/>\n<meta name=\"twitter:card\" content=\"summary_large_image\" \/>\n<meta name=\"twitter:label1\" content=\"Tiempo de lectura\" \/>\n\t<meta name=\"twitter:data1\" content=\"3 minutos\" \/>\n<script type=\"application\/ld+json\" class=\"yoast-schema-graph\">{\"@context\":\"https:\\\/\\\/schema.org\",\"@graph\":[{\"@type\":\"WebPage\",\"@id\":\"https:\\\/\\\/continuom.fr\\\/conditions-generales-de-vente\\\/\",\"url\":\"https:\\\/\\\/continuom.fr\\\/conditions-generales-de-vente\\\/\",\"name\":\"Conditions G\u00e9n\u00e9rales de vente - Continuom - Immunity +\",\"isPartOf\":{\"@id\":\"https:\\\/\\\/continuom.fr\\\/#website\"},\"datePublished\":\"2024-06-12T12:29:52+00:00\",\"dateModified\":\"2024-06-12T12:30:54+00:00\",\"breadcrumb\":{\"@id\":\"https:\\\/\\\/continuom.fr\\\/conditions-generales-de-vente\\\/#breadcrumb\"},\"inLanguage\":\"es\",\"potentialAction\":[{\"@type\":\"ReadAction\",\"target\":[\"https:\\\/\\\/continuom.fr\\\/conditions-generales-de-vente\\\/\"]}]},{\"@type\":\"BreadcrumbList\",\"@id\":\"https:\\\/\\\/continuom.fr\\\/conditions-generales-de-vente\\\/#breadcrumb\",\"itemListElement\":[{\"@type\":\"ListItem\",\"position\":1,\"name\":\"Accueil\",\"item\":\"https:\\\/\\\/continuom.fr\\\/\"},{\"@type\":\"ListItem\",\"position\":2,\"name\":\"Conditions G\u00e9n\u00e9rales de vente\"}]},{\"@type\":\"WebSite\",\"@id\":\"https:\\\/\\\/continuom.fr\\\/#website\",\"url\":\"https:\\\/\\\/continuom.fr\\\/\",\"name\":\"Continuom - Immunity +\",\"description\":\"Boost votre syst&egrave;me immunitaire\",\"publisher\":{\"@id\":\"https:\\\/\\\/continuom.fr\\\/#organization\"},\"potentialAction\":[{\"@type\":\"SearchAction\",\"target\":{\"@type\":\"EntryPoint\",\"urlTemplate\":\"https:\\\/\\\/continuom.fr\\\/?s={search_term_string}\"},\"query-input\":{\"@type\":\"PropertyValueSpecification\",\"valueRequired\":true,\"valueName\":\"search_term_string\"}}],\"inLanguage\":\"es\"},{\"@type\":\"Organization\",\"@id\":\"https:\\\/\\\/continuom.fr\\\/#organization\",\"name\":\"Continuom - Immunity +\",\"url\":\"https:\\\/\\\/continuom.fr\\\/\",\"logo\":{\"@type\":\"ImageObject\",\"inLanguage\":\"es\",\"@id\":\"https:\\\/\\\/continuom.fr\\\/#\\\/schema\\\/logo\\\/image\\\/\",\"url\":\"https:\\\/\\\/continuom.fr\\\/wp-content\\\/uploads\\\/2024\\\/04\\\/Logo.png\",\"contentUrl\":\"https:\\\/\\\/continuom.fr\\\/wp-content\\\/uploads\\\/2024\\\/04\\\/Logo.png\",\"width\":199,\"height\":52,\"caption\":\"Continuom - Immunity +\"},\"image\":{\"@id\":\"https:\\\/\\\/continuom.fr\\\/#\\\/schema\\\/logo\\\/image\\\/\"}}]}<\/script>\n<!-- \/ Yoast SEO plugin. -->","yoast_head_json":{"title":"T\u00e9rminos y condiciones de venta - Continuom - Inmunidad +","robots":{"index":"index","follow":"follow","max-snippet":"max-snippet:-1","max-image-preview":"max-image-preview:large","max-video-preview":"max-video-preview:-1"},"canonical":"https:\/\/continuom.fr\/es\/condiciones-generales-de-venta\/","og_locale":"es_ES","og_type":"article","og_title":"Conditions G\u00e9n\u00e9rales de vente - Continuom - Immunity +","og_description":"Conditions G\u00e9n\u00e9rales de Vente (CGV) 1. Soci\u00e9t\u00e9 Les pr\u00e9sentes Conditions G\u00e9n\u00e9rales de Vente (CGV) sont propos\u00e9es par la soci\u00e9t\u00e9 EXPLENIUM CONSULTING, enregistr\u00e9e sous le num\u00e9ro 853 055 747 au RCS de Nanterre, dont le si\u00e8ge social est situ\u00e9 au 15 rue des Halles, 75001 Paris. 2. Objet Les pr\u00e9sentes CGV r\u00e9gissent les ventes de compl\u00e9ments [&hellip;]","og_url":"https:\/\/continuom.fr\/es\/condiciones-generales-de-venta\/","og_site_name":"Continuom - Immunity +","article_modified_time":"2024-06-12T12:30:54+00:00","twitter_card":"summary_large_image","twitter_misc":{"Tiempo de lectura":"3 minutos"},"schema":{"@context":"https:\/\/schema.org","@graph":[{"@type":"WebPage","@id":"https:\/\/continuom.fr\/conditions-generales-de-vente\/","url":"https:\/\/continuom.fr\/conditions-generales-de-vente\/","name":"T\u00e9rminos y condiciones de venta - Continuom - Inmunidad +","isPartOf":{"@id":"https:\/\/continuom.fr\/#website"},"datePublished":"2024-06-12T12:29:52+00:00","dateModified":"2024-06-12T12:30:54+00:00","breadcrumb":{"@id":"https:\/\/continuom.fr\/conditions-generales-de-vente\/#breadcrumb"},"inLanguage":"es","potentialAction":[{"@type":"ReadAction","target":["https:\/\/continuom.fr\/conditions-generales-de-vente\/"]}]},{"@type":"BreadcrumbList","@id":"https:\/\/continuom.fr\/conditions-generales-de-vente\/#breadcrumb","itemListElement":[{"@type":"ListItem","position":1,"name":"Accueil","item":"https:\/\/continuom.fr\/"},{"@type":"ListItem","position":2,"name":"Conditions G\u00e9n\u00e9rales de vente"}]},{"@type":"WebSite","@id":"https:\/\/continuom.fr\/#website","url":"https:\/\/continuom.fr\/","name":"Continuom - Inmunidad +","description":"Refuerce su sistema inmunitario","publisher":{"@id":"https:\/\/continuom.fr\/#organization"},"potentialAction":[{"@type":"SearchAction","target":{"@type":"EntryPoint","urlTemplate":"https:\/\/continuom.fr\/?s={search_term_string}"},"query-input":{"@type":"PropertyValueSpecification","valueRequired":true,"valueName":"search_term_string"}}],"inLanguage":"es"},{"@type":"Organization","@id":"https:\/\/continuom.fr\/#organization","name":"Continuom - Inmunidad +","url":"https:\/\/continuom.fr\/","logo":{"@type":"ImageObject","inLanguage":"es","@id":"https:\/\/continuom.fr\/#\/schema\/logo\/image\/","url":"https:\/\/continuom.fr\/wp-content\/uploads\/2024\/04\/Logo.png","contentUrl":"https:\/\/continuom.fr\/wp-content\/uploads\/2024\/04\/Logo.png","width":199,"height":52,"caption":"Continuom - Immunity +"},"image":{"@id":"https:\/\/continuom.fr\/#\/schema\/logo\/image\/"}}]}},"jetpack_sharing_enabled":true,"_links":{"self":[{"href":"https:\/\/continuom.fr\/es\/wp-json\/wp\/v2\/pages\/1630","targetHints":{"allow":["GET"]}}],"collection":[{"href":"https:\/\/continuom.fr\/es\/wp-json\/wp\/v2\/pages"}],"about":[{"href":"https:\/\/continuom.fr\/es\/wp-json\/wp\/v2\/types\/page"}],"author":[{"embeddable":true,"href":"https:\/\/continuom.fr\/es\/wp-json\/wp\/v2\/users\/1"}],"replies":[{"embeddable":true,"href":"https:\/\/continuom.fr\/es\/wp-json\/wp\/v2\/comments?post=1630"}],"version-history":[{"count":5,"href":"https:\/\/continuom.fr\/es\/wp-json\/wp\/v2\/pages\/1630\/revisions"}],"predecessor-version":[{"id":1635,"href":"https:\/\/continuom.fr\/es\/wp-json\/wp\/v2\/pages\/1630\/revisions\/1635"}],"wp:attachment":[{"href":"https:\/\/continuom.fr\/es\/wp-json\/wp\/v2\/media?parent=1630"}],"curies":[{"name":"wp","href":"https:\/\/api.w.org\/{rel}","templated":true}]}}