{"id":1636,"date":"2024-06-12T12:33:21","date_gmt":"2024-06-12T12:33:21","guid":{"rendered":"https:\/\/continuom.fr\/?page_id=1636"},"modified":"2024-06-12T13:00:42","modified_gmt":"2024-06-12T13:00:42","slug":"informacion-legal","status":"publish","type":"page","link":"https:\/\/continuom.fr\/es\/informacion-legal\/","title":{"rendered":"Informaci\u00f3n jur\u00eddica"},"content":{"rendered":"<div data-elementor-type=\"wp-page\" data-elementor-id=\"1636\" class=\"elementor elementor-1636\" data-elementor-post-type=\"page\">\n\t\t\t\t\t\t<section class=\"elementor-section elementor-top-section elementor-element elementor-element-2057f607 elementor-section-boxed elementor-section-height-default elementor-section-height-default\" data-id=\"2057f607\" data-element_type=\"section\" data-e-type=\"section\" data-settings=\"{&quot;background_background&quot;:&quot;classic&quot;}\">\n\t\t\t\t\t\t<div class=\"elementor-container elementor-column-gap-default\">\n\t\t\t\t\t<div class=\"elementor-column elementor-col-100 elementor-top-column elementor-element elementor-element-272b0642\" data-id=\"272b0642\" data-element_type=\"column\" data-e-type=\"column\">\n\t\t\t<div class=\"elementor-widget-wrap elementor-element-populated\">\n\t\t\t\t\t\t<div class=\"elementor-element elementor-element-2380104 elementor-widget elementor-widget-text-editor\" data-id=\"2380104\" data-element_type=\"widget\" data-e-type=\"widget\" data-widget_type=\"text-editor.default\">\n\t\t\t\t<div class=\"elementor-widget-container\">\n\t\t\t\t\t\t\t\t\t<h3>Informaci\u00f3n jur\u00eddica<\/h3>\n<h4>1. Editor del sitio<\/h4>\n<p>El sitio web <a href=\"https:\/\/continuom.fr\/es\" target=\"_new\" rel=\"noreferrer\">https:\/\/continuom.fr\/<\/a> es publicado por EXPLENIUM CONSULTING, una Soci\u00e9t\u00e9 par Actions Simplifi\u00e9e (SAS) con capital de 10.000 euros, inscrita en el Registro Mercantil y de Sociedades de Par\u00eds con el n\u00famero 853 055 747, con domicilio social en 15 rue des Halles, 75001 Par\u00eds.<\/p>\n<h4>2. Director de la publicaci\u00f3n<\/h4>\n<p>El Director de la Publicaci\u00f3n es el Sr. Benjamin Bueno, en calidad de Webmaster.<\/p>\n<h4>3. Alojamiento<\/h4>\n<p>El sitio est\u00e1 alojado por la empresa MONAROBASE, cuya sede est\u00e1 en Le Mans (Francia).<\/p>\n<h4>4. Contacto<\/h4>\n<p>Para cualquier pregunta o solicitud de informaci\u00f3n, puede ponerse en contacto con el Servicio de Atenci\u00f3n al Cliente en la siguiente direcci\u00f3n de correo electr\u00f3nico <a rel=\"noreferrer\">contact@continuom.fr<\/a><\/p>\n<h4>5. 5. Propiedad intelectual<\/h4>\n<p>Todos los contenidos del sitio (textos, im\u00e1genes, gr\u00e1ficos, logotipos, iconos, etc.) son propiedad exclusiva de EXPLENIUM CONSULTING o de sus socios y est\u00e1n protegidos por las leyes francesas e internacionales relativas a la propiedad intelectual.<\/p>\n<h4>6. 6. Datos personales<\/h4>\n<p>La informaci\u00f3n recogida en la web se procesa de acuerdo con la pol\u00edtica de confidencialidad. De conformidad con la Ley francesa de Protecci\u00f3n de Datos, el usuario dispone de un derecho de acceso, rectificaci\u00f3n y supresi\u00f3n de los datos que le conciernen. Para ejercer este derecho, el usuario puede enviar un correo electr\u00f3nico a <a rel=\"noreferrer\">contact@continuom.fr<\/a>.<\/p>\n<h4>7. Responsabilidad<\/h4>\n<p>EXPLENIUM CONSULTING no se hace responsable de los da\u00f1os directos o indirectos resultantes del acceso o del uso del sitio, incluida la inaccesibilidad, la p\u00e9rdida de datos y\/o la presencia de virus en el sitio.<\/p>\n<h4>8. Enlaces de hipertexto<\/h4>\n<p>El sitio puede contener enlaces de hipertexto a otros sitios. EXPLENIUM CONSULTING no se hace responsable del contenido de estos sitios de terceros.<\/p>\t\t\t\t\t\t\t\t<\/div>\n\t\t\t\t<\/div>\n\t\t\t\t\t<\/div>\n\t\t<\/div>\n\t\t\t\t\t<\/div>\n\t\t<\/section>\n\t\t\t\t<\/div>","protected":false},"excerpt":{"rendered":"<p>Mentions L\u00e9gales 1. \u00c9diteur du Site Le site https:\/\/continuom.fr\/ est \u00e9dit\u00e9 par la soci\u00e9t\u00e9 EXPLENIUM CONSULTING, Soci\u00e9t\u00e9 par Actions Simplifi\u00e9e (SAS) au capital de 10 000 \u20ac, immatricul\u00e9e au Registre du Commerce et des Soci\u00e9t\u00e9s (RCS) de Paris sous le num\u00e9ro 853 055 747, dont le si\u00e8ge social est situ\u00e9 au 15 rue des Halles, [&hellip;]<\/p>\n","protected":false},"author":1,"featured_media":0,"parent":0,"menu_order":0,"comment_status":"closed","ping_status":"closed","template":"","meta":{"_monsterinsights_skip_tracking":false,"_monsterinsights_sitenote_active":false,"_monsterinsights_sitenote_note":"","_monsterinsights_sitenote_category":0,"footnotes":""},"class_list":["post-1636","page","type-page","status-publish","hentry"],"yoast_head":"<!-- This site is optimized with the Yoast SEO plugin v27.4 - https:\/\/yoast.com\/product\/yoast-seo-wordpress\/ -->\n<title>Mentions L\u00e9gales - Continuom - Immunity +<\/title>\n<meta name=\"robots\" content=\"index, follow, max-snippet:-1, max-image-preview:large, max-video-preview:-1\" \/>\n<link rel=\"canonical\" href=\"https:\/\/continuom.fr\/es\/informacion-legal\/\" \/>\n<meta property=\"og:locale\" content=\"es_ES\" \/>\n<meta property=\"og:type\" content=\"article\" \/>\n<meta property=\"og:title\" content=\"Mentions L\u00e9gales - Continuom - Immunity +\" \/>\n<meta property=\"og:description\" content=\"Mentions L\u00e9gales 1. \u00c9diteur du Site Le site https:\/\/continuom.fr\/ est \u00e9dit\u00e9 par la soci\u00e9t\u00e9 EXPLENIUM CONSULTING, Soci\u00e9t\u00e9 par Actions Simplifi\u00e9e (SAS) au capital de 10 000 \u20ac, immatricul\u00e9e au Registre du Commerce et des Soci\u00e9t\u00e9s (RCS) de Paris sous le num\u00e9ro 853 055 747, dont le si\u00e8ge social est situ\u00e9 au 15 rue des Halles, [&hellip;]\" \/>\n<meta property=\"og:url\" content=\"https:\/\/continuom.fr\/es\/informacion-legal\/\" \/>\n<meta property=\"og:site_name\" content=\"Continuom - Immunity +\" \/>\n<meta property=\"article:modified_time\" content=\"2024-06-12T13:00:42+00:00\" \/>\n<meta name=\"twitter:card\" content=\"summary_large_image\" \/>\n<meta name=\"twitter:label1\" content=\"Tiempo de lectura\" \/>\n\t<meta name=\"twitter:data1\" content=\"2 minutos\" \/>\n<script type=\"application\/ld+json\" class=\"yoast-schema-graph\">{\"@context\":\"https:\\\/\\\/schema.org\",\"@graph\":[{\"@type\":\"WebPage\",\"@id\":\"https:\\\/\\\/continuom.fr\\\/mentions-legales\\\/\",\"url\":\"https:\\\/\\\/continuom.fr\\\/mentions-legales\\\/\",\"name\":\"Mentions L\u00e9gales - Continuom - Immunity +\",\"isPartOf\":{\"@id\":\"https:\\\/\\\/continuom.fr\\\/#website\"},\"datePublished\":\"2024-06-12T12:33:21+00:00\",\"dateModified\":\"2024-06-12T13:00:42+00:00\",\"breadcrumb\":{\"@id\":\"https:\\\/\\\/continuom.fr\\\/mentions-legales\\\/#breadcrumb\"},\"inLanguage\":\"es\",\"potentialAction\":[{\"@type\":\"ReadAction\",\"target\":[\"https:\\\/\\\/continuom.fr\\\/mentions-legales\\\/\"]}]},{\"@type\":\"BreadcrumbList\",\"@id\":\"https:\\\/\\\/continuom.fr\\\/mentions-legales\\\/#breadcrumb\",\"itemListElement\":[{\"@type\":\"ListItem\",\"position\":1,\"name\":\"Accueil\",\"item\":\"https:\\\/\\\/continuom.fr\\\/\"},{\"@type\":\"ListItem\",\"position\":2,\"name\":\"Mentions L\u00e9gales\"}]},{\"@type\":\"WebSite\",\"@id\":\"https:\\\/\\\/continuom.fr\\\/#website\",\"url\":\"https:\\\/\\\/continuom.fr\\\/\",\"name\":\"Continuom - Immunity +\",\"description\":\"Boost votre syst&egrave;me immunitaire\",\"publisher\":{\"@id\":\"https:\\\/\\\/continuom.fr\\\/#organization\"},\"potentialAction\":[{\"@type\":\"SearchAction\",\"target\":{\"@type\":\"EntryPoint\",\"urlTemplate\":\"https:\\\/\\\/continuom.fr\\\/?s={search_term_string}\"},\"query-input\":{\"@type\":\"PropertyValueSpecification\",\"valueRequired\":true,\"valueName\":\"search_term_string\"}}],\"inLanguage\":\"es\"},{\"@type\":\"Organization\",\"@id\":\"https:\\\/\\\/continuom.fr\\\/#organization\",\"name\":\"Continuom - Immunity +\",\"url\":\"https:\\\/\\\/continuom.fr\\\/\",\"logo\":{\"@type\":\"ImageObject\",\"inLanguage\":\"es\",\"@id\":\"https:\\\/\\\/continuom.fr\\\/#\\\/schema\\\/logo\\\/image\\\/\",\"url\":\"https:\\\/\\\/continuom.fr\\\/wp-content\\\/uploads\\\/2024\\\/04\\\/Logo.png\",\"contentUrl\":\"https:\\\/\\\/continuom.fr\\\/wp-content\\\/uploads\\\/2024\\\/04\\\/Logo.png\",\"width\":199,\"height\":52,\"caption\":\"Continuom - Immunity +\"},\"image\":{\"@id\":\"https:\\\/\\\/continuom.fr\\\/#\\\/schema\\\/logo\\\/image\\\/\"}}]}<\/script>\n<!-- \/ Yoast SEO plugin. -->","yoast_head_json":{"title":"Aviso jur\u00eddico - Continuom - Immunity +","robots":{"index":"index","follow":"follow","max-snippet":"max-snippet:-1","max-image-preview":"max-image-preview:large","max-video-preview":"max-video-preview:-1"},"canonical":"https:\/\/continuom.fr\/es\/informacion-legal\/","og_locale":"es_ES","og_type":"article","og_title":"Mentions L\u00e9gales - Continuom - Immunity +","og_description":"Mentions L\u00e9gales 1. \u00c9diteur du Site Le site https:\/\/continuom.fr\/ est \u00e9dit\u00e9 par la soci\u00e9t\u00e9 EXPLENIUM CONSULTING, Soci\u00e9t\u00e9 par Actions Simplifi\u00e9e (SAS) au capital de 10 000 \u20ac, immatricul\u00e9e au Registre du Commerce et des Soci\u00e9t\u00e9s (RCS) de Paris sous le num\u00e9ro 853 055 747, dont le si\u00e8ge social est situ\u00e9 au 15 rue des Halles, [&hellip;]","og_url":"https:\/\/continuom.fr\/es\/informacion-legal\/","og_site_name":"Continuom - Immunity +","article_modified_time":"2024-06-12T13:00:42+00:00","twitter_card":"summary_large_image","twitter_misc":{"Tiempo de lectura":"2 minutos"},"schema":{"@context":"https:\/\/schema.org","@graph":[{"@type":"WebPage","@id":"https:\/\/continuom.fr\/mentions-legales\/","url":"https:\/\/continuom.fr\/mentions-legales\/","name":"Aviso jur\u00eddico - Continuom - Immunity +","isPartOf":{"@id":"https:\/\/continuom.fr\/#website"},"datePublished":"2024-06-12T12:33:21+00:00","dateModified":"2024-06-12T13:00:42+00:00","breadcrumb":{"@id":"https:\/\/continuom.fr\/mentions-legales\/#breadcrumb"},"inLanguage":"es","potentialAction":[{"@type":"ReadAction","target":["https:\/\/continuom.fr\/mentions-legales\/"]}]},{"@type":"BreadcrumbList","@id":"https:\/\/continuom.fr\/mentions-legales\/#breadcrumb","itemListElement":[{"@type":"ListItem","position":1,"name":"Accueil","item":"https:\/\/continuom.fr\/"},{"@type":"ListItem","position":2,"name":"Mentions L\u00e9gales"}]},{"@type":"WebSite","@id":"https:\/\/continuom.fr\/#website","url":"https:\/\/continuom.fr\/","name":"Continuom - Inmunidad +","description":"Refuerce su sistema inmunitario","publisher":{"@id":"https:\/\/continuom.fr\/#organization"},"potentialAction":[{"@type":"SearchAction","target":{"@type":"EntryPoint","urlTemplate":"https:\/\/continuom.fr\/?s={search_term_string}"},"query-input":{"@type":"PropertyValueSpecification","valueRequired":true,"valueName":"search_term_string"}}],"inLanguage":"es"},{"@type":"Organization","@id":"https:\/\/continuom.fr\/#organization","name":"Continuom - Inmunidad +","url":"https:\/\/continuom.fr\/","logo":{"@type":"ImageObject","inLanguage":"es","@id":"https:\/\/continuom.fr\/#\/schema\/logo\/image\/","url":"https:\/\/continuom.fr\/wp-content\/uploads\/2024\/04\/Logo.png","contentUrl":"https:\/\/continuom.fr\/wp-content\/uploads\/2024\/04\/Logo.png","width":199,"height":52,"caption":"Continuom - Immunity +"},"image":{"@id":"https:\/\/continuom.fr\/#\/schema\/logo\/image\/"}}]}},"jetpack_sharing_enabled":true,"_links":{"self":[{"href":"https:\/\/continuom.fr\/es\/wp-json\/wp\/v2\/pages\/1636","targetHints":{"allow":["GET"]}}],"collection":[{"href":"https:\/\/continuom.fr\/es\/wp-json\/wp\/v2\/pages"}],"about":[{"href":"https:\/\/continuom.fr\/es\/wp-json\/wp\/v2\/types\/page"}],"author":[{"embeddable":true,"href":"https:\/\/continuom.fr\/es\/wp-json\/wp\/v2\/users\/1"}],"replies":[{"embeddable":true,"href":"https:\/\/continuom.fr\/es\/wp-json\/wp\/v2\/comments?post=1636"}],"version-history":[{"count":7,"href":"https:\/\/continuom.fr\/es\/wp-json\/wp\/v2\/pages\/1636\/revisions"}],"predecessor-version":[{"id":1643,"href":"https:\/\/continuom.fr\/es\/wp-json\/wp\/v2\/pages\/1636\/revisions\/1643"}],"wp:attachment":[{"href":"https:\/\/continuom.fr\/es\/wp-json\/wp\/v2\/media?parent=1636"}],"curies":[{"name":"wp","href":"https:\/\/api.w.org\/{rel}","templated":true}]}}