{"id":1636,"date":"2024-06-12T12:33:21","date_gmt":"2024-06-12T12:33:21","guid":{"rendered":"https:\/\/continuom.fr\/?page_id=1636"},"modified":"2024-06-12T13:00:42","modified_gmt":"2024-06-12T13:00:42","slug":"informazioni-legali","status":"publish","type":"page","link":"https:\/\/continuom.fr\/it\/informazioni-legali\/","title":{"rendered":"Informazioni legali"},"content":{"rendered":"<div data-elementor-type=\"wp-page\" data-elementor-id=\"1636\" class=\"elementor elementor-1636\" data-elementor-post-type=\"page\">\n\t\t\t\t\t\t<section class=\"elementor-section elementor-top-section elementor-element elementor-element-2057f607 elementor-section-boxed elementor-section-height-default elementor-section-height-default\" data-id=\"2057f607\" data-element_type=\"section\" data-e-type=\"section\" data-settings=\"{&quot;background_background&quot;:&quot;classic&quot;}\">\n\t\t\t\t\t\t<div class=\"elementor-container elementor-column-gap-default\">\n\t\t\t\t\t<div class=\"elementor-column elementor-col-100 elementor-top-column elementor-element elementor-element-272b0642\" data-id=\"272b0642\" data-element_type=\"column\" data-e-type=\"column\">\n\t\t\t<div class=\"elementor-widget-wrap elementor-element-populated\">\n\t\t\t\t\t\t<div class=\"elementor-element elementor-element-2380104 elementor-widget elementor-widget-text-editor\" data-id=\"2380104\" data-element_type=\"widget\" data-e-type=\"widget\" data-widget_type=\"text-editor.default\">\n\t\t\t\t<div class=\"elementor-widget-container\">\n\t\t\t\t\t\t\t\t\t<h3>Informazioni legali<\/h3>\n<h4>1. Editor del sito<\/h4>\n<p>Il sito web <a href=\"https:\/\/continuom.fr\/it\" target=\"_new\" rel=\"noreferrer\">https:\/\/continuom.fr\/<\/a> \u00e8 pubblicato da EXPLENIUM CONSULTING, una Soci\u00e9t\u00e9 par Actions Simplifi\u00e9e (SAS) con capitale di 10.000 euro, iscritta al Registro del Commercio e delle Imprese di Parigi con il numero 853 055 747, con sede legale in 15 rue des Halles, 75001 Parigi.<\/p>\n<h4>2. Direttore della pubblicazione<\/h4>\n<p>Il Direttore editoriale \u00e8 Benjamin Bueno, in qualit\u00e0 di Webmaster.<\/p>\n<h4>3. Ospitalit\u00e0<\/h4>\n<p>Il sito \u00e8 ospitato dalla societ\u00e0 MONAROBASE, con sede a Le Mans (Francia).<\/p>\n<h4>4. Contatto<\/h4>\n<p>Per qualsiasi domanda o richiesta di informazioni, \u00e8 possibile contattare il Servizio Clienti al seguente indirizzo e-mail <a rel=\"noreferrer\">contact@continuom.fr<\/a><\/p>\n<h4>5. Propriet\u00e0 intellettuale<\/h4>\n<p>Tutti i contenuti del sito (testi, immagini, grafici, loghi, icone, ecc.) sono di propriet\u00e0 esclusiva di EXPLENIUM CONSULTING o dei suoi partner e sono protetti dalle leggi francesi e internazionali sulla propriet\u00e0 intellettuale.<\/p>\n<h4>6. Dati personali<\/h4>\n<p>Le informazioni raccolte sul sito sono trattate in conformit\u00e0 con la politica di riservatezza. Ai sensi della legge francese sulla protezione dei dati, gli utenti hanno il diritto di accedere, rettificare e cancellare i dati che li riguardano. Per esercitare tale diritto, l'utente pu\u00f2 inviare un'e-mail a <a rel=\"noreferrer\">contact@continuom.fr<\/a>.<\/p>\n<h4>7. Responsabilit\u00e0<\/h4>\n<p>EXPLENIUM CONSULTING non pu\u00f2 essere ritenuta responsabile per i danni diretti o indiretti derivanti dall'accesso o dall'utilizzo del sito, compresa l'inaccessibilit\u00e0, la perdita di dati e\/o la presenza di virus sul sito.<\/p>\n<h4>8. Collegamenti ipertestuali<\/h4>\n<p>Il sito pu\u00f2 contenere collegamenti ipertestuali ad altri siti. EXPLENIUM CONSULTING non si assume alcuna responsabilit\u00e0 per il contenuto di questi siti di terzi.<\/p>\t\t\t\t\t\t\t\t<\/div>\n\t\t\t\t<\/div>\n\t\t\t\t\t<\/div>\n\t\t<\/div>\n\t\t\t\t\t<\/div>\n\t\t<\/section>\n\t\t\t\t<\/div>","protected":false},"excerpt":{"rendered":"<p>Mentions L\u00e9gales 1. \u00c9diteur du Site Le site https:\/\/continuom.fr\/ est \u00e9dit\u00e9 par la soci\u00e9t\u00e9 EXPLENIUM CONSULTING, Soci\u00e9t\u00e9 par Actions Simplifi\u00e9e (SAS) au capital de 10 000 \u20ac, immatricul\u00e9e au Registre du Commerce et des Soci\u00e9t\u00e9s (RCS) de Paris sous le num\u00e9ro 853 055 747, dont le si\u00e8ge social est situ\u00e9 au 15 rue des Halles, [&hellip;]<\/p>\n","protected":false},"author":1,"featured_media":0,"parent":0,"menu_order":0,"comment_status":"closed","ping_status":"closed","template":"","meta":{"_monsterinsights_skip_tracking":false,"_monsterinsights_sitenote_active":false,"_monsterinsights_sitenote_note":"","_monsterinsights_sitenote_category":0,"footnotes":""},"class_list":["post-1636","page","type-page","status-publish","hentry"],"yoast_head":"<!-- This site is optimized with the Yoast SEO plugin v27.5 - https:\/\/yoast.com\/product\/yoast-seo-wordpress\/ -->\n<title>Mentions L\u00e9gales - Continuom - Immunity +<\/title>\n<meta name=\"robots\" content=\"index, follow, max-snippet:-1, max-image-preview:large, max-video-preview:-1\" \/>\n<link rel=\"canonical\" href=\"https:\/\/continuom.fr\/it\/informazioni-legali\/\" \/>\n<meta property=\"og:locale\" content=\"it_IT\" \/>\n<meta property=\"og:type\" content=\"article\" \/>\n<meta property=\"og:title\" content=\"Mentions L\u00e9gales - Continuom - Immunity +\" \/>\n<meta property=\"og:description\" content=\"Mentions L\u00e9gales 1. \u00c9diteur du Site Le site https:\/\/continuom.fr\/ est \u00e9dit\u00e9 par la soci\u00e9t\u00e9 EXPLENIUM CONSULTING, Soci\u00e9t\u00e9 par Actions Simplifi\u00e9e (SAS) au capital de 10 000 \u20ac, immatricul\u00e9e au Registre du Commerce et des Soci\u00e9t\u00e9s (RCS) de Paris sous le num\u00e9ro 853 055 747, dont le si\u00e8ge social est situ\u00e9 au 15 rue des Halles, [&hellip;]\" \/>\n<meta property=\"og:url\" content=\"https:\/\/continuom.fr\/it\/informazioni-legali\/\" \/>\n<meta property=\"og:site_name\" content=\"Continuom - Immunity +\" \/>\n<meta property=\"article:modified_time\" content=\"2024-06-12T13:00:42+00:00\" \/>\n<meta name=\"twitter:card\" content=\"summary_large_image\" \/>\n<meta name=\"twitter:label1\" content=\"Tempo di lettura stimato\" \/>\n\t<meta name=\"twitter:data1\" content=\"2 minuti\" \/>\n<script type=\"application\/ld+json\" class=\"yoast-schema-graph\">{\"@context\":\"https:\\\/\\\/schema.org\",\"@graph\":[{\"@type\":\"WebPage\",\"@id\":\"https:\\\/\\\/continuom.fr\\\/mentions-legales\\\/\",\"url\":\"https:\\\/\\\/continuom.fr\\\/mentions-legales\\\/\",\"name\":\"Mentions L\u00e9gales - Continuom - Immunity +\",\"isPartOf\":{\"@id\":\"https:\\\/\\\/continuom.fr\\\/#website\"},\"datePublished\":\"2024-06-12T12:33:21+00:00\",\"dateModified\":\"2024-06-12T13:00:42+00:00\",\"breadcrumb\":{\"@id\":\"https:\\\/\\\/continuom.fr\\\/mentions-legales\\\/#breadcrumb\"},\"inLanguage\":\"it-IT\",\"potentialAction\":[{\"@type\":\"ReadAction\",\"target\":[\"https:\\\/\\\/continuom.fr\\\/mentions-legales\\\/\"]}]},{\"@type\":\"BreadcrumbList\",\"@id\":\"https:\\\/\\\/continuom.fr\\\/mentions-legales\\\/#breadcrumb\",\"itemListElement\":[{\"@type\":\"ListItem\",\"position\":1,\"name\":\"Accueil\",\"item\":\"https:\\\/\\\/continuom.fr\\\/\"},{\"@type\":\"ListItem\",\"position\":2,\"name\":\"Mentions L\u00e9gales\"}]},{\"@type\":\"WebSite\",\"@id\":\"https:\\\/\\\/continuom.fr\\\/#website\",\"url\":\"https:\\\/\\\/continuom.fr\\\/\",\"name\":\"Continuom - Immunity +\",\"description\":\"Boost votre syst&egrave;me immunitaire\",\"publisher\":{\"@id\":\"https:\\\/\\\/continuom.fr\\\/#organization\"},\"potentialAction\":[{\"@type\":\"SearchAction\",\"target\":{\"@type\":\"EntryPoint\",\"urlTemplate\":\"https:\\\/\\\/continuom.fr\\\/?s={search_term_string}\"},\"query-input\":{\"@type\":\"PropertyValueSpecification\",\"valueRequired\":true,\"valueName\":\"search_term_string\"}}],\"inLanguage\":\"it-IT\"},{\"@type\":\"Organization\",\"@id\":\"https:\\\/\\\/continuom.fr\\\/#organization\",\"name\":\"Continuom - Immunity +\",\"url\":\"https:\\\/\\\/continuom.fr\\\/\",\"logo\":{\"@type\":\"ImageObject\",\"inLanguage\":\"it-IT\",\"@id\":\"https:\\\/\\\/continuom.fr\\\/#\\\/schema\\\/logo\\\/image\\\/\",\"url\":\"https:\\\/\\\/continuom.fr\\\/wp-content\\\/uploads\\\/2024\\\/04\\\/Logo.png\",\"contentUrl\":\"https:\\\/\\\/continuom.fr\\\/wp-content\\\/uploads\\\/2024\\\/04\\\/Logo.png\",\"width\":199,\"height\":52,\"caption\":\"Continuom - Immunity +\"},\"image\":{\"@id\":\"https:\\\/\\\/continuom.fr\\\/#\\\/schema\\\/logo\\\/image\\\/\"}}]}<\/script>\n<!-- \/ Yoast SEO plugin. -->","yoast_head_json":{"title":"Avviso legale - Continuit\u00e0 - Immunit\u00e0 +","robots":{"index":"index","follow":"follow","max-snippet":"max-snippet:-1","max-image-preview":"max-image-preview:large","max-video-preview":"max-video-preview:-1"},"canonical":"https:\/\/continuom.fr\/it\/informazioni-legali\/","og_locale":"it_IT","og_type":"article","og_title":"Mentions L\u00e9gales - Continuom - Immunity +","og_description":"Mentions L\u00e9gales 1. \u00c9diteur du Site Le site https:\/\/continuom.fr\/ est \u00e9dit\u00e9 par la soci\u00e9t\u00e9 EXPLENIUM CONSULTING, Soci\u00e9t\u00e9 par Actions Simplifi\u00e9e (SAS) au capital de 10 000 \u20ac, immatricul\u00e9e au Registre du Commerce et des Soci\u00e9t\u00e9s (RCS) de Paris sous le num\u00e9ro 853 055 747, dont le si\u00e8ge social est situ\u00e9 au 15 rue des Halles, [&hellip;]","og_url":"https:\/\/continuom.fr\/it\/informazioni-legali\/","og_site_name":"Continuom - Immunity +","article_modified_time":"2024-06-12T13:00:42+00:00","twitter_card":"summary_large_image","twitter_misc":{"Tempo di lettura stimato":"2 minuti"},"schema":{"@context":"https:\/\/schema.org","@graph":[{"@type":"WebPage","@id":"https:\/\/continuom.fr\/mentions-legales\/","url":"https:\/\/continuom.fr\/mentions-legales\/","name":"Avviso legale - Continuit\u00e0 - Immunit\u00e0 +","isPartOf":{"@id":"https:\/\/continuom.fr\/#website"},"datePublished":"2024-06-12T12:33:21+00:00","dateModified":"2024-06-12T13:00:42+00:00","breadcrumb":{"@id":"https:\/\/continuom.fr\/mentions-legales\/#breadcrumb"},"inLanguage":"it-IT","potentialAction":[{"@type":"ReadAction","target":["https:\/\/continuom.fr\/mentions-legales\/"]}]},{"@type":"BreadcrumbList","@id":"https:\/\/continuom.fr\/mentions-legales\/#breadcrumb","itemListElement":[{"@type":"ListItem","position":1,"name":"Accueil","item":"https:\/\/continuom.fr\/"},{"@type":"ListItem","position":2,"name":"Mentions L\u00e9gales"}]},{"@type":"WebSite","@id":"https:\/\/continuom.fr\/#website","url":"https:\/\/continuom.fr\/","name":"Continuom - Immunit\u00e0 +","description":"Rafforzare il sistema immunitario","publisher":{"@id":"https:\/\/continuom.fr\/#organization"},"potentialAction":[{"@type":"SearchAction","target":{"@type":"EntryPoint","urlTemplate":"https:\/\/continuom.fr\/?s={search_term_string}"},"query-input":{"@type":"PropertyValueSpecification","valueRequired":true,"valueName":"search_term_string"}}],"inLanguage":"it-IT"},{"@type":"Organization","@id":"https:\/\/continuom.fr\/#organization","name":"Continuom - Immunit\u00e0 +","url":"https:\/\/continuom.fr\/","logo":{"@type":"ImageObject","inLanguage":"it-IT","@id":"https:\/\/continuom.fr\/#\/schema\/logo\/image\/","url":"https:\/\/continuom.fr\/wp-content\/uploads\/2024\/04\/Logo.png","contentUrl":"https:\/\/continuom.fr\/wp-content\/uploads\/2024\/04\/Logo.png","width":199,"height":52,"caption":"Continuom - Immunity +"},"image":{"@id":"https:\/\/continuom.fr\/#\/schema\/logo\/image\/"}}]}},"jetpack_sharing_enabled":true,"_links":{"self":[{"href":"https:\/\/continuom.fr\/it\/wp-json\/wp\/v2\/pages\/1636","targetHints":{"allow":["GET"]}}],"collection":[{"href":"https:\/\/continuom.fr\/it\/wp-json\/wp\/v2\/pages"}],"about":[{"href":"https:\/\/continuom.fr\/it\/wp-json\/wp\/v2\/types\/page"}],"author":[{"embeddable":true,"href":"https:\/\/continuom.fr\/it\/wp-json\/wp\/v2\/users\/1"}],"replies":[{"embeddable":true,"href":"https:\/\/continuom.fr\/it\/wp-json\/wp\/v2\/comments?post=1636"}],"version-history":[{"count":7,"href":"https:\/\/continuom.fr\/it\/wp-json\/wp\/v2\/pages\/1636\/revisions"}],"predecessor-version":[{"id":1643,"href":"https:\/\/continuom.fr\/it\/wp-json\/wp\/v2\/pages\/1636\/revisions\/1643"}],"wp:attachment":[{"href":"https:\/\/continuom.fr\/it\/wp-json\/wp\/v2\/media?parent=1636"}],"curies":[{"name":"wp","href":"https:\/\/api.w.org\/{rel}","templated":true}]}}