{"id":788,"date":"2024-03-29T07:39:17","date_gmt":"2024-03-29T07:39:17","guid":{"rendered":"https:\/\/continuom.fr\/?post_type=product&#038;p=788"},"modified":"2026-04-07T08:31:53","modified_gmt":"2026-04-07T08:31:53","slug":"%e5%85%8d%e7%96%ab%e5%8a%9b-%e7%bb%b4%e4%bb%96%e5%91%bd-c","status":"publish","type":"product","link":"https:\/\/continuom.fr\/zh\/%e4%ba%a7%e5%93%81\/%e5%85%8d%e7%96%ab%e5%8a%9b-%e7%bb%b4%e4%bb%96%e5%91%bd-c\/","title":{"rendered":"\u514d\u75ab\u529b + \u7ef4\u751f\u7d20 C - \u514d\u75ab\u529b"},"content":{"rendered":"","protected":false},"excerpt":{"rendered":"<p>IMMUNITY+ \u662f\u7531\u5929\u7136\u9488\u53f6\u6a31\u6843 100% \u5236\u4f5c\u800c\u6210\u7684\u81b3\u98df\u8865\u5145\u5242\u3002\u5f53\u5b83\u5728\u820c\u4e0b\u878d\u5316\u65f6\uff0c\u4f1a\u4ee5\u4e00\u79cd\u5feb\u901f\u3001\u7f8e\u5473\u7684\u59ff\u6001\u8fc5\u901f\u6709\u6548\u5730\u4f20\u64ad\u5176\u529f\u6548\u3002<\/p>\n<p>\u5176\u5fae\u5999\u7684\u91d1\u9488\u83dc\u98ce\u5473\u5c06\u6109\u60a6\u60a8\u7684\u5473\u857e\uff0c\u540c\u65f6\u5c06\u5065\u8eab\u3001\u5065\u5eb7\u548c\u5e78\u798f\u611f\u8d2f\u7a7f\u4e00\u6574\u5929\u3002<\/p>\n<p>IMMUNITY+ \u662f\u98df\u54c1\u8865\u5145\u5242\u4e2d\u7684\u745e\u58eb\u519b\u5200\u3002\u5fd8\u6389\u4f60\u4e70\u8fc7\u7684\u6240\u6709\u7ef4\u751f\u7d20 C \u5427\u3002\u5b83\u7684\u6027\u80fd\u65e0\u4e0e\u4f26\u6bd4\u3002<\/p>","protected":false},"featured_media":1767,"comment_status":"open","ping_status":"closed","template":"","meta":{"_monsterinsights_skip_tracking":false,"_monsterinsights_sitenote_active":false,"_monsterinsights_sitenote_note":"","_monsterinsights_sitenote_category":0},"product_brand":[],"product_cat":[19,20,21],"product_tag":[],"class_list":{"0":"post-788","1":"product","2":"type-product","3":"status-publish","4":"has-post-thumbnail","6":"product_cat-continuom","7":"product_cat-immunite","8":"product_cat-supplement","10":"first","11":"instock","12":"sale","13":"taxable","14":"shipping-taxable","15":"purchasable","16":"product-type-simple"},"yoast_head":"<!-- This site is optimized with the Yoast SEO plugin v27.4 - https:\/\/yoast.com\/product\/yoast-seo-wordpress\/ -->\n<title>IMMUNITY + VITAMINE C - Immunit\u00e9 - Continuom - Immunity +<\/title>\n<meta name=\"robots\" content=\"index, follow, max-snippet:-1, max-image-preview:large, max-video-preview:-1\" \/>\n<link rel=\"canonical\" href=\"https:\/\/continuom.fr\/zh\/\u4ea7\u54c1\/\u514d\u75ab\u529b-\u7ef4\u4ed6\u547d-c\/\" \/>\n<meta property=\"og:locale\" content=\"zh_CN\" \/>\n<meta property=\"og:type\" content=\"article\" \/>\n<meta property=\"og:title\" content=\"IMMUNITY + VITAMINE C - Immunit\u00e9 - Continuom - Immunity +\" \/>\n<meta property=\"og:description\" content=\"IMMUNITY+, votre compl\u00e9ment alimentaire \u00e0 base d\u2019ac\u00e9rola 100% naturelle. En un geste rapide et d\u00e9licieux, il diffuse ses effets de mani\u00e8re efficace et Instantan\u00e9e lorsque vous le laissez fondre sous la langue.  Son go\u00fbt subtil d\u2019ac\u00e9rola \u00e9merveillera vos papilles tout en conciliant forme, sant\u00e9 et bien \u00eatre tout au long de la journ\u00e9e.  IMMUNITY+ est votre couteau Suisse du compl\u00e9ment alimentaire. Oubliez toutes les vitamines C achet\u00e9es auparavant. Ses performances sont incomparables.\" \/>\n<meta property=\"og:url\" content=\"https:\/\/continuom.fr\/zh\/\u4ea7\u54c1\/\u514d\u75ab\u529b-\u7ef4\u4ed6\u547d-c\/\" \/>\n<meta property=\"og:site_name\" content=\"Continuom - Immunity +\" \/>\n<meta property=\"article:modified_time\" content=\"2026-04-07T08:31:53+00:00\" \/>\n<meta property=\"og:image\" content=\"https:\/\/continuom.fr\/wp-content\/uploads\/2024\/03\/boite1.png\" \/>\n\t<meta property=\"og:image:width\" content=\"592\" \/>\n\t<meta property=\"og:image:height\" content=\"592\" \/>\n\t<meta property=\"og:image:type\" content=\"image\/png\" \/>\n<meta name=\"twitter:card\" content=\"summary_large_image\" \/>\n<meta name=\"twitter:label1\" content=\"\u9884\u8ba1\u9605\u8bfb\u65f6\u95f4\" \/>\n\t<meta name=\"twitter:data1\" content=\"1 \u5206\" \/>\n<script type=\"application\/ld+json\" class=\"yoast-schema-graph\">{\"@context\":\"https:\\\/\\\/schema.org\",\"@graph\":[{\"@type\":\"WebPage\",\"@id\":\"https:\\\/\\\/continuom.fr\\\/product\\\/immunity-vitamine-c-immunite\\\/\",\"url\":\"https:\\\/\\\/continuom.fr\\\/product\\\/immunity-vitamine-c-immunite\\\/\",\"name\":\"IMMUNITY + VITAMINE C - Immunit\u00e9 - Continuom - Immunity +\",\"isPartOf\":{\"@id\":\"https:\\\/\\\/continuom.fr\\\/#website\"},\"primaryImageOfPage\":{\"@id\":\"https:\\\/\\\/continuom.fr\\\/product\\\/immunity-vitamine-c-immunite\\\/#primaryimage\"},\"image\":{\"@id\":\"https:\\\/\\\/continuom.fr\\\/product\\\/immunity-vitamine-c-immunite\\\/#primaryimage\"},\"thumbnailUrl\":\"https:\\\/\\\/continuom.fr\\\/wp-content\\\/uploads\\\/2024\\\/03\\\/boite1.png\",\"datePublished\":\"2024-03-29T07:39:17+00:00\",\"dateModified\":\"2026-04-07T08:31:53+00:00\",\"breadcrumb\":{\"@id\":\"https:\\\/\\\/continuom.fr\\\/product\\\/immunity-vitamine-c-immunite\\\/#breadcrumb\"},\"inLanguage\":\"zh-Hans\",\"potentialAction\":[{\"@type\":\"ReadAction\",\"target\":[\"https:\\\/\\\/continuom.fr\\\/product\\\/immunity-vitamine-c-immunite\\\/\"]}]},{\"@type\":\"ImageObject\",\"inLanguage\":\"zh-Hans\",\"@id\":\"https:\\\/\\\/continuom.fr\\\/product\\\/immunity-vitamine-c-immunite\\\/#primaryimage\",\"url\":\"https:\\\/\\\/continuom.fr\\\/wp-content\\\/uploads\\\/2024\\\/03\\\/boite1.png\",\"contentUrl\":\"https:\\\/\\\/continuom.fr\\\/wp-content\\\/uploads\\\/2024\\\/03\\\/boite1.png\",\"width\":592,\"height\":592},{\"@type\":\"BreadcrumbList\",\"@id\":\"https:\\\/\\\/continuom.fr\\\/product\\\/immunity-vitamine-c-immunite\\\/#breadcrumb\",\"itemListElement\":[{\"@type\":\"ListItem\",\"position\":1,\"name\":\"Accueil\",\"item\":\"https:\\\/\\\/continuom.fr\\\/\"},{\"@type\":\"ListItem\",\"position\":2,\"name\":\"Shop\",\"item\":\"https:\\\/\\\/continuom.fr\\\/shop\\\/\"},{\"@type\":\"ListItem\",\"position\":3,\"name\":\"IMMUNITY + VITAMINE C &#8211; Immunit\u00e9\"}]},{\"@type\":\"WebSite\",\"@id\":\"https:\\\/\\\/continuom.fr\\\/#website\",\"url\":\"https:\\\/\\\/continuom.fr\\\/\",\"name\":\"Continuom - Immunity +\",\"description\":\"Boost votre syst&egrave;me immunitaire\",\"publisher\":{\"@id\":\"https:\\\/\\\/continuom.fr\\\/#organization\"},\"potentialAction\":[{\"@type\":\"SearchAction\",\"target\":{\"@type\":\"EntryPoint\",\"urlTemplate\":\"https:\\\/\\\/continuom.fr\\\/?s={search_term_string}\"},\"query-input\":{\"@type\":\"PropertyValueSpecification\",\"valueRequired\":true,\"valueName\":\"search_term_string\"}}],\"inLanguage\":\"zh-Hans\"},{\"@type\":\"Organization\",\"@id\":\"https:\\\/\\\/continuom.fr\\\/#organization\",\"name\":\"Continuom - Immunity +\",\"url\":\"https:\\\/\\\/continuom.fr\\\/\",\"logo\":{\"@type\":\"ImageObject\",\"inLanguage\":\"zh-Hans\",\"@id\":\"https:\\\/\\\/continuom.fr\\\/#\\\/schema\\\/logo\\\/image\\\/\",\"url\":\"https:\\\/\\\/continuom.fr\\\/wp-content\\\/uploads\\\/2024\\\/04\\\/Logo.png\",\"contentUrl\":\"https:\\\/\\\/continuom.fr\\\/wp-content\\\/uploads\\\/2024\\\/04\\\/Logo.png\",\"width\":199,\"height\":52,\"caption\":\"Continuom - Immunity +\"},\"image\":{\"@id\":\"https:\\\/\\\/continuom.fr\\\/#\\\/schema\\\/logo\\\/image\\\/\"}}]}<\/script>\n<!-- \/ Yoast SEO plugin. -->","yoast_head_json":{"title":"\u514d\u75ab\u529b + \u7ef4\u751f\u7d20 C - \u514d\u75ab\u529b - Continuom - \u514d\u75ab\u529b + \u7ef4\u751f\u7d20 C","robots":{"index":"index","follow":"follow","max-snippet":"max-snippet:-1","max-image-preview":"max-image-preview:large","max-video-preview":"max-video-preview:-1"},"canonical":"https:\/\/continuom.fr\/zh\/\u4ea7\u54c1\/\u514d\u75ab\u529b-\u7ef4\u4ed6\u547d-c\/","og_locale":"zh_CN","og_type":"article","og_title":"IMMUNITY + VITAMINE C - Immunit\u00e9 - Continuom - Immunity +","og_description":"IMMUNITY+, votre compl\u00e9ment alimentaire \u00e0 base d\u2019ac\u00e9rola 100% naturelle. En un geste rapide et d\u00e9licieux, il diffuse ses effets de mani\u00e8re efficace et Instantan\u00e9e lorsque vous le laissez fondre sous la langue.  Son go\u00fbt subtil d\u2019ac\u00e9rola \u00e9merveillera vos papilles tout en conciliant forme, sant\u00e9 et bien \u00eatre tout au long de la journ\u00e9e.  IMMUNITY+ est votre couteau Suisse du compl\u00e9ment alimentaire. Oubliez toutes les vitamines C achet\u00e9es auparavant. Ses performances sont incomparables.","og_url":"https:\/\/continuom.fr\/zh\/\u4ea7\u54c1\/\u514d\u75ab\u529b-\u7ef4\u4ed6\u547d-c\/","og_site_name":"Continuom - Immunity +","article_modified_time":"2026-04-07T08:31:53+00:00","og_image":[{"width":592,"height":592,"url":"https:\/\/continuom.fr\/wp-content\/uploads\/2024\/03\/boite1.png","type":"image\/png"}],"twitter_card":"summary_large_image","twitter_misc":{"\u9884\u8ba1\u9605\u8bfb\u65f6\u95f4":"1 \u5206"},"schema":{"@context":"https:\/\/schema.org","@graph":[{"@type":"WebPage","@id":"https:\/\/continuom.fr\/product\/immunity-vitamine-c-immunite\/","url":"https:\/\/continuom.fr\/product\/immunity-vitamine-c-immunite\/","name":"\u514d\u75ab\u529b + \u7ef4\u751f\u7d20 C - \u514d\u75ab\u529b - Continuom - \u514d\u75ab\u529b + \u7ef4\u751f\u7d20 C","isPartOf":{"@id":"https:\/\/continuom.fr\/#website"},"primaryImageOfPage":{"@id":"https:\/\/continuom.fr\/product\/immunity-vitamine-c-immunite\/#primaryimage"},"image":{"@id":"https:\/\/continuom.fr\/product\/immunity-vitamine-c-immunite\/#primaryimage"},"thumbnailUrl":"https:\/\/continuom.fr\/wp-content\/uploads\/2024\/03\/boite1.png","datePublished":"2024-03-29T07:39:17+00:00","dateModified":"2026-04-07T08:31:53+00:00","breadcrumb":{"@id":"https:\/\/continuom.fr\/product\/immunity-vitamine-c-immunite\/#breadcrumb"},"inLanguage":"zh-Hans","potentialAction":[{"@type":"ReadAction","target":["https:\/\/continuom.fr\/product\/immunity-vitamine-c-immunite\/"]}]},{"@type":"ImageObject","inLanguage":"zh-Hans","@id":"https:\/\/continuom.fr\/product\/immunity-vitamine-c-immunite\/#primaryimage","url":"https:\/\/continuom.fr\/wp-content\/uploads\/2024\/03\/boite1.png","contentUrl":"https:\/\/continuom.fr\/wp-content\/uploads\/2024\/03\/boite1.png","width":592,"height":592},{"@type":"BreadcrumbList","@id":"https:\/\/continuom.fr\/product\/immunity-vitamine-c-immunite\/#breadcrumb","itemListElement":[{"@type":"ListItem","position":1,"name":"Accueil","item":"https:\/\/continuom.fr\/"},{"@type":"ListItem","position":2,"name":"Shop","item":"https:\/\/continuom.fr\/shop\/"},{"@type":"ListItem","position":3,"name":"IMMUNITY + VITAMINE C &#8211; Immunit\u00e9"}]},{"@type":"WebSite","@id":"https:\/\/continuom.fr\/#website","url":"https:\/\/continuom.fr\/","name":"Continuom - \u514d\u75ab\u529b +","description":"\u589e\u5f3a\u514d\u75ab\u7cfb\u7edf","publisher":{"@id":"https:\/\/continuom.fr\/#organization"},"potentialAction":[{"@type":"SearchAction","target":{"@type":"EntryPoint","urlTemplate":"https:\/\/continuom.fr\/?s={search_term_string}"},"query-input":{"@type":"PropertyValueSpecification","valueRequired":true,"valueName":"search_term_string"}}],"inLanguage":"zh-Hans"},{"@type":"Organization","@id":"https:\/\/continuom.fr\/#organization","name":"Continuom - \u514d\u75ab\u529b +","url":"https:\/\/continuom.fr\/","logo":{"@type":"ImageObject","inLanguage":"zh-Hans","@id":"https:\/\/continuom.fr\/#\/schema\/logo\/image\/","url":"https:\/\/continuom.fr\/wp-content\/uploads\/2024\/04\/Logo.png","contentUrl":"https:\/\/continuom.fr\/wp-content\/uploads\/2024\/04\/Logo.png","width":199,"height":52,"caption":"Continuom - Immunity +"},"image":{"@id":"https:\/\/continuom.fr\/#\/schema\/logo\/image\/"}}]}},"jetpack_sharing_enabled":true,"_links":{"self":[{"href":"https:\/\/continuom.fr\/zh\/wp-json\/wp\/v2\/product\/788","targetHints":{"allow":["GET"]}}],"collection":[{"href":"https:\/\/continuom.fr\/zh\/wp-json\/wp\/v2\/product"}],"about":[{"href":"https:\/\/continuom.fr\/zh\/wp-json\/wp\/v2\/types\/product"}],"replies":[{"embeddable":true,"href":"https:\/\/continuom.fr\/zh\/wp-json\/wp\/v2\/comments?post=788"}],"version-history":[{"count":2,"href":"https:\/\/continuom.fr\/zh\/wp-json\/wp\/v2\/product\/788\/revisions"}],"predecessor-version":[{"id":1211,"href":"https:\/\/continuom.fr\/zh\/wp-json\/wp\/v2\/product\/788\/revisions\/1211"}],"wp:featuredmedia":[{"embeddable":true,"href":"https:\/\/continuom.fr\/zh\/wp-json\/wp\/v2\/media\/1767"}],"wp:attachment":[{"href":"https:\/\/continuom.fr\/zh\/wp-json\/wp\/v2\/media?parent=788"}],"wp:term":[{"taxonomy":"product_brand","embeddable":true,"href":"https:\/\/continuom.fr\/zh\/wp-json\/wp\/v2\/product_brand?post=788"},{"taxonomy":"product_cat","embeddable":true,"href":"https:\/\/continuom.fr\/zh\/wp-json\/wp\/v2\/product_cat?post=788"},{"taxonomy":"product_tag","embeddable":true,"href":"https:\/\/continuom.fr\/zh\/wp-json\/wp\/v2\/product_tag?post=788"}],"curies":[{"name":"wp","href":"https:\/\/api.w.org\/{rel}","templated":true}]}}